{"id":42873,"date":"2023-06-25T22:47:54","date_gmt":"2023-06-25T14:47:54","guid":{"rendered":"https:\/\/gretasexylingerie.com\/?post_type=product&#038;p=42873"},"modified":"2023-09-05T20:56:05","modified_gmt":"2023-09-05T12:56:05","slug":"trio-de-renda-transparente-contrastante-com-ligas-com-babados","status":"publish","type":"product","link":"https:\/\/gretasexylingerie.com\/pt\/products\/contrasting-sheer-lace-trio-with-ruffled-garters\/","title":{"rendered":"Trio de renda transparente contrastante com ligas de babados"},"content":{"rendered":"<ol class=\"wp-block-list\">\n<li>Playfully Bold: Com seu busto recortado e paleta de cores contrastantes, este conjunto n\u00e3o \u00e9 para os fracos de cora\u00e7\u00e3o. \u00c9 para as ousadas, ousadas, que s\u00e3o donas do seu estilo.<\/li>\n\n\n\n<li>Arte nos detalhes: lembre-se dos designs bordados transparentes - uma prova da habilidade que envolve a cria\u00e7\u00e3o deste lindo conjunto.<\/li>\n\n\n\n<li>Estilo e Conforto: Negrito n\u00e3o significa desconforto. Nossas ligas com babados n\u00e3o s\u00e3o apenas sobre o estilo; eles tamb\u00e9m garantem um ajuste confort\u00e1vel.<\/li>\n\n\n\n<li>Defina a tend\u00eancia: este conjunto de suti\u00e3 n\u00e3o apenas segue as tend\u00eancias - ele as define. A combina\u00e7\u00e3o \u00fanica de designs se alinha perfeitamente com as tend\u00eancias atuais de lingerie.<\/li>\n\n\n\n<li>Seu conjunto ideal: seja uma ocasi\u00e3o especial ou apenas porque este conjunto de suti\u00e3 \u00e9 a sua escolha perfeita quando voc\u00ea quer se sentir divertida e sedutora.<\/li>\n<\/ol>\n\n\n\n<p>Em conclus\u00e3o, nosso conjunto \u201cFlirty Trio\u201d \u00e9 sobre fazer escolhas ousadas, abra\u00e7ar seu estilo \u00fanico e se divertir. N\u00e3o s\u00f3 \u00e9 uma adi\u00e7\u00e3o elegante a qualquer cole\u00e7\u00e3o de lingerie, mas tamb\u00e9m promete conforto imbat\u00edvel para que voc\u00ea possa se sentir fabulosa o dia todo.<\/p>\n\n\n\n<figure class=\"wp-block-table is-style-stripes\"><table class=\"has-fixed-layout\"><tbody><tr><td colspan=\"5\">Gr\u00e1fico do local (CM)<\/td><\/tr><tr><td>Tamanho<\/td><td>Comprimento<\/td><td>Busto superior<\/td><td>Busto Inferior<\/td><td>Linha da cintura<\/td><\/tr><tr><td>S<\/td><td>21<\/td><td>68-88<\/td><td>64-88<\/td><td>64-96<\/td><\/tr><tr><td>M<\/td><td>22<\/td><td>72-92<\/td><td>68-92<\/td><td>68-100<\/td><\/tr><tr><td>eu<\/td><td>23<\/td><td>76-96<\/td><td>72-96<\/td><td>72-104<\/td><\/tr><tr><td colspan=\"5\">Gr\u00e1fico do Local (POLEGADAS)<\/td><\/tr><tr><td>Tamanho<\/td><td>Comprimento<\/td><td>Busto superior<\/td><td>Busto Inferior<\/td><td>linha da cintura<\/td><\/tr><tr><td>S<\/td><td>9.45<\/td><td>29.13-34.65<\/td><td>26.77-34.65<\/td><td>25.59-36.22<\/td><\/tr><tr><td>M<\/td><td>9.84<\/td><td>30.71-36.22<\/td><td>28.35-36.22<\/td><td>27.17-37.80<\/td><\/tr><tr><td>eu<\/td><td>10.24<\/td><td>32.28-37.80<\/td><td>29.92-37.80<\/td><td>28.74-39.37<\/td><\/tr><\/tbody><\/table><\/figure>","protected":false},"excerpt":{"rendered":"<p>Prepare-se para roubar o show com nosso conjunto \u201cFlirty Trio\u201d! Este conjunto de tr\u00eas suti\u00e3s oferece uma mistura divertida de renda pura, um busto recortado provocante e ligas com babados. O contraste marcante entre os designs preto e laranja grita drama e divers\u00e3o.<\/p>","protected":false},"featured_media":42883,"template":"","meta":[],"product_brand":[],"product_cat":[368,367,376],"product_tag":[507,448,516,518,453,864,504],"class_list":{"0":"post-42873","1":"product","2":"type-product","3":"status-publish","4":"has-post-thumbnail","6":"product_cat-bra-panty-set","7":"product_cat-sexy-lingerie","8":"product_cat-wholesale-ultra-sexy-bra-panty-set","9":"product_tag-three-pcs-set","10":"product_tag-wholesale-elegant-sexy-lingerie","11":"product_tag-lace-lingerie","12":"product_tag-mesh-lingerie","13":"product_tag-wholesale-sexy-naughty-lingerie","14":"product_tag-sexy-petite-lingerie","15":"product_tag-ultra-sexy","16":"pa_color-orange","17":"pa_size-wholesale-large-size-women-sexy-lingerie","18":"pa_size-wholesale-medium-size-women-sexy-lingerie","19":"pa_size-wholesale-small-size-sexy-lingerie","21":"first","22":"instock","23":"taxable","24":"shipping-taxable","25":"purchasable","26":"product-type-variable"},"tiered_pricing_type":"fixed","tiered_pricing_fixed_rules":[],"tiered_pricing_product_settings":{"layout":"default","base_unit_name":{"singular":null,"plural":null},"default_variation":null},"tiered_pricing_minimum_quantity":null,"tiered_pricing_roles_data":{"default_wholesaler":{"product_id":42873,"role":"default_wholesaler","pricing_type":"flat","regular_price":null,"sale_price":null,"discount":null,"discount_type":"sale_price","tiered_pricing_type":"fixed","percentage_rules":[],"fixed_rules":{"2":"11.79","30":"10.09","500":"8.79"},"minimum":null},"dropshippinger":{"product_id":42873,"role":"dropshippinger","pricing_type":"flat","regular_price":null,"sale_price":null,"discount":null,"discount_type":"sale_price","tiered_pricing_type":"fixed","percentage_rules":[],"fixed_rules":{"1":"14.09","5":"11.79","30":"10.09"},"minimum":null}},"tiered_pricing_percentage_rules":[],"tiered_pricing_maximum_quantity":null,"tiered_pricing_quantity_step":null,"_links":{"self":[{"href":"https:\/\/gretasexylingerie.com\/pt\/wp-json\/wp\/v2\/product\/42873","targetHints":{"allow":["GET"]}}],"collection":[{"href":"https:\/\/gretasexylingerie.com\/pt\/wp-json\/wp\/v2\/product"}],"about":[{"href":"https:\/\/gretasexylingerie.com\/pt\/wp-json\/wp\/v2\/types\/product"}],"wp:featuredmedia":[{"embeddable":true,"href":"https:\/\/gretasexylingerie.com\/pt\/wp-json\/wp\/v2\/media\/42883"}],"wp:attachment":[{"href":"https:\/\/gretasexylingerie.com\/pt\/wp-json\/wp\/v2\/media?parent=42873"}],"wp:term":[{"taxonomy":"product_brand","embeddable":true,"href":"https:\/\/gretasexylingerie.com\/pt\/wp-json\/wp\/v2\/product_brand?post=42873"},{"taxonomy":"product_cat","embeddable":true,"href":"https:\/\/gretasexylingerie.com\/pt\/wp-json\/wp\/v2\/product_cat?post=42873"},{"taxonomy":"product_tag","embeddable":true,"href":"https:\/\/gretasexylingerie.com\/pt\/wp-json\/wp\/v2\/product_tag?post=42873"}],"curies":[{"name":"wp","href":"https:\/\/api.w.org\/{rel}","templated":true}]}}