{"id":42850,"date":"2023-06-24T22:49:41","date_gmt":"2023-06-24T14:49:41","guid":{"rendered":"https:\/\/gretasexylingerie.com\/?post_type=product&#038;p=42850"},"modified":"2024-01-17T22:25:09","modified_gmt":"2024-01-17T14:25:09","slug":"conjunto-de-sutia-e-tanga-de-cor-solida-punk-metalico-de-3-pecas","status":"publish","type":"product","link":"https:\/\/gretasexylingerie.com\/pt\/products\/3-piece-metallic-punk-solid-color-bra-thong-set\/","title":{"rendered":"Conjunto de suti\u00e3 e tanga de cor s\u00f3lida punk met\u00e1lico com 3 pe\u00e7as"},"content":{"rendered":"<ol class=\"wp-block-list\">\n<li>Design marcante: Com seu estilo punk met\u00e1lico, este conjunto oferece um visual ousado perfeito para quem abra\u00e7a a individualidade e a express\u00e3o.<\/li>\n\n\n\n<li>Est\u00e9tica n\u00e3o convencional: o design de cores s\u00f3lidas adiciona um elemento de simplicidade ousada, aprimorando a est\u00e9tica punk met\u00e1lica.<\/li>\n\n\n\n<li>Consciente da tend\u00eancia: Alinhando-se perfeitamente com as tend\u00eancias contempor\u00e2neas de lingerie, este conjunto apela para a moda.<\/li>\n\n\n\n<li>Conforto encontra estilo: apesar de sua est\u00e9tica marcante, o conjunto promete um ajuste confort\u00e1vel devido ao seu design cuidadoso e material de qualidade.<\/li>\n\n\n\n<li>Detalhes arrojados: o artesanato de alta qualidade, evidente em cada detalhe, enfatiza o design punk met\u00e1lico arrojado.<\/li>\n<\/ol>\n\n\n\n<p>Em conclus\u00e3o, nosso conjunto de 3 pe\u00e7as de suti\u00e3 e tanga met\u00e1lico punk de cor s\u00f3lida se destaca com sua mistura \u00fanica de design arrojado, conforto e detalhes meticulosos. Suas caracter\u00edsticas especiais e alinhamento com as tend\u00eancias de estilo atuais o tornam uma adi\u00e7\u00e3o ousada e elegante a qualquer cole\u00e7\u00e3o de lingerie.<\/p>\n\n\n\n<figure class=\"wp-block-table is-style-stripes\"><table class=\"has-fixed-layout\"><tbody><tr><td colspan=\"5\">Gr\u00e1fico do local (CM)<\/td><\/tr><tr><td>Tamanho<\/td><td>Comprimento<\/td><td>Busto superior<\/td><td>Busto Inferior<\/td><td>Linha da cintura<\/td><\/tr><tr><td>S<\/td><td>24<\/td><td>74-88<\/td><td>68-88<\/td><td>65-92<\/td><\/tr><tr><td>M<\/td><td>25<\/td><td>78-92<\/td><td>72-92<\/td><td>69-96<\/td><\/tr><tr><td>eu<\/td><td>26<\/td><td>82-96<\/td><td>76-96<\/td><td>73-100<\/td><\/tr><tr><td colspan=\"5\">Gr\u00e1fico do Local (POLEGADAS)<\/td><\/tr><tr><td>Tamanho<\/td><td>Comprimento<\/td><td>Busto superior<\/td><td>Busto Inferior<\/td><td>linha da cintura<\/td><\/tr><tr><td>S<\/td><td>9.45<\/td><td>29.13-34.65<\/td><td>26.77-34.65<\/td><td>25.59-36.22<\/td><\/tr><tr><td>M<\/td><td>9.84<\/td><td>30.71-36.22<\/td><td>28.35-36.22<\/td><td>27.17-37.80<\/td><\/tr><tr><td>eu<\/td><td>10.24<\/td><td>32.28-37.80<\/td><td>29.92-37.80<\/td><td>28.74-39.37<\/td><\/tr><\/tbody><\/table><\/figure>","protected":false},"excerpt":{"rendered":"<p>Liberte o seu lado ousado com nosso conjunto de suti\u00e3 e tanga punk met\u00e1lico de 3 pe\u00e7as em cor s\u00f3lida. Este conjunto impressionante combina facilmente uma est\u00e9tica ousada com conforto superior, tornando-o uma adi\u00e7\u00e3o inesquec\u00edvel \u00e0 sua cole\u00e7\u00e3o de lingerie.<\/p>\n<p>https:\/\/youtu.be\/5hwR5D_BGj8<\/p>","protected":false},"featured_media":42861,"template":"","meta":[],"product_brand":[],"product_cat":[368,367,375],"product_tag":[505,448,524,867],"class_list":{"0":"post-42850","1":"product","2":"type-product","3":"status-publish","4":"has-post-thumbnail","6":"product_cat-bra-panty-set","7":"product_cat-sexy-lingerie","8":"product_cat-whoelsale-sheer-bra-and-panty-sets","9":"product_tag-5-piece-lingerie-set","10":"product_tag-wholesale-elegant-sexy-lingerie","11":"product_tag-metal-lingerie","12":"product_tag-sexy-push-up-lingerie","13":"pa_color-black","14":"pa_color-red-women-sexy-lingerie","15":"pa_size-wholesale-large-size-women-sexy-lingerie","16":"pa_size-wholesale-medium-size-women-sexy-lingerie","17":"pa_size-wholesale-small-size-sexy-lingerie","19":"first","20":"instock","21":"taxable","22":"shipping-taxable","23":"purchasable","24":"product-type-variable"},"tiered_pricing_type":"fixed","tiered_pricing_fixed_rules":[],"tiered_pricing_product_settings":{"layout":"default","base_unit_name":{"singular":null,"plural":null},"default_variation":{}},"tiered_pricing_minimum_quantity":null,"tiered_pricing_roles_data":{"default_wholesaler":{"product_id":42850,"role":"default_wholesaler","pricing_type":"flat","regular_price":null,"sale_price":null,"discount":null,"discount_type":"sale_price","tiered_pricing_type":"fixed","percentage_rules":[],"fixed_rules":{"2":"11.49","30":"9.89","500":"8.59"},"minimum":null},"dropshippinger":{"product_id":42850,"role":"dropshippinger","pricing_type":"flat","regular_price":null,"sale_price":null,"discount":null,"discount_type":"sale_price","tiered_pricing_type":"fixed","percentage_rules":[],"fixed_rules":{"1":"13.79","5":"11.49","30":"9.89"},"minimum":null}},"tiered_pricing_percentage_rules":[],"tiered_pricing_maximum_quantity":null,"tiered_pricing_quantity_step":null,"_links":{"self":[{"href":"https:\/\/gretasexylingerie.com\/pt\/wp-json\/wp\/v2\/product\/42850","targetHints":{"allow":["GET"]}}],"collection":[{"href":"https:\/\/gretasexylingerie.com\/pt\/wp-json\/wp\/v2\/product"}],"about":[{"href":"https:\/\/gretasexylingerie.com\/pt\/wp-json\/wp\/v2\/types\/product"}],"wp:featuredmedia":[{"embeddable":true,"href":"https:\/\/gretasexylingerie.com\/pt\/wp-json\/wp\/v2\/media\/42861"}],"wp:attachment":[{"href":"https:\/\/gretasexylingerie.com\/pt\/wp-json\/wp\/v2\/media?parent=42850"}],"wp:term":[{"taxonomy":"product_brand","embeddable":true,"href":"https:\/\/gretasexylingerie.com\/pt\/wp-json\/wp\/v2\/product_brand?post=42850"},{"taxonomy":"product_cat","embeddable":true,"href":"https:\/\/gretasexylingerie.com\/pt\/wp-json\/wp\/v2\/product_cat?post=42850"},{"taxonomy":"product_tag","embeddable":true,"href":"https:\/\/gretasexylingerie.com\/pt\/wp-json\/wp\/v2\/product_tag?post=42850"}],"curies":[{"name":"wp","href":"https:\/\/api.w.org\/{rel}","templated":true}]}}