{"id":42727,"date":"2023-06-22T21:41:45","date_gmt":"2023-06-22T13:41:45","guid":{"rendered":"https:\/\/gretasexylingerie.com\/?post_type=product&#038;p=42727"},"modified":"2023-12-09T19:14:20","modified_gmt":"2023-12-09T11:14:20","slug":"lindo-conjunto-de-sutia-e-calcinha-com-strass","status":"publish","type":"product","link":"https:\/\/gretasexylingerie.com\/pt\/products\/gorgeous-bra-panty-set-with-rhinestones\/","title":{"rendered":"Lindo conjunto de suti\u00e3 e calcinha com strass"},"content":{"rendered":"<ol class=\"wp-block-list\">\n<li>Design Luxuoso: O bordado floral em tule delicado oferece uma est\u00e9tica elegante, perfeita para quem procura lingerie de luxo.<\/li>\n\n\n\n<li>Caracter\u00edsticas \u00fanicas: os pinos de strass introduzem um elemento deslumbrante ao conjunto, adicionando um toque extra de glamour.<\/li>\n\n\n\n<li>Alinhado \u00e0s tend\u00eancias: o design se alinha \u00e0s tend\u00eancias atuais de lingerie, tornando-o um item obrigat\u00f3rio para quem se preocupa com o estilo.<\/li>\n\n\n\n<li>Conforto e Ajuste: Apesar do design luxuoso, o conjunto garante um ajuste confort\u00e1vel, gra\u00e7as ao seu tecido de tule macio.<\/li>\n\n\n\n<li>Detalhes elegantes: o bordado intrincado e os strass brilhantes mostram a habilidade de alta qualidade do conjunto e a aten\u00e7\u00e3o aos detalhes.<\/li>\n<\/ol>\n\n\n\n<p>Em conclus\u00e3o, o lindo conjunto de suti\u00e3 e calcinha de tule com bordado floral e strass oferece uma mistura harmoniosa de luxo, conforto e detalhes meticulosos. Suas caracter\u00edsticas \u00fanicas e estilo alinhado \u00e0s tend\u00eancias o tornam uma adi\u00e7\u00e3o de destaque a qualquer cole\u00e7\u00e3o de lingerie.<\/p>\n\n\n\n<p><\/p>\n\n\n\n<figure class=\"wp-block-table is-style-stripes\"><table class=\"has-fixed-layout\"><tbody><tr><td colspan=\"5\">Gr\u00e1fico do local (CM)<\/td><\/tr><tr><td>Tamanho<\/td><td>Comprimento<\/td><td>Busto Inferior<\/td><td>Linha da cintura<\/td><td>Cintura<\/td><\/tr><tr><td>S<\/td><td>23.5<\/td><td>67-88<\/td><td>68-92<\/td><td>64-92<\/td><\/tr><tr><td>M<\/td><td>24.5<\/td><td>68-96<\/td><td>72-92<\/td><td>68-96<\/td><\/tr><tr><td>eu<\/td><td>25.5<\/td><td>72-100<\/td><td>76-100<\/td><td>72-100<\/td><\/tr><tr><td colspan=\"5\">Gr\u00e1fico do Local (POLEGADAS)<\/td><\/tr><tr><td>Tamanho<\/td><td>Comprimento<\/td><td>Busto Inferior<\/td><td>Busto Inferior<\/td><td>linha da cintura<\/td><\/tr><tr><td>S<\/td><td>9.25<\/td><td>26.38-34.65<\/td><td>26.77-36.22<\/td><td>25.20-36.22<\/td><\/tr><tr><td>M<\/td><td>9.65<\/td><td>26.77-37.80<\/td><td>28.35-36.22<\/td><td>26.77-37.80<\/td><\/tr><tr><td>eu<\/td><td>10.04<\/td><td>28.35-39.37<\/td><td>29.92-39.37<\/td><td>28.35-39.37<\/td><\/tr><\/tbody><\/table><\/figure>","protected":false},"excerpt":{"rendered":"<p>Delicie-se com o luxo com nosso lindo conjunto de suti\u00e3 e calcinha de tule, adornado com bordados florais e cravejado de strass brilhantes. Este conjunto harmoniza detalhes intrincados e uso confort\u00e1vel, criando uma pe\u00e7a de lingerie t\u00e3o elegante quanto confort\u00e1vel.<\/p>","protected":false},"featured_media":42736,"template":"","meta":[],"product_brand":[],"product_cat":[368,367,375],"product_tag":[507,448,454,518,973,525,864],"class_list":{"0":"post-42727","1":"product","2":"type-product","3":"status-publish","4":"has-post-thumbnail","6":"product_cat-bra-panty-set","7":"product_cat-sexy-lingerie","8":"product_cat-whoelsale-sheer-bra-and-panty-sets","9":"product_tag-three-pcs-set","10":"product_tag-wholesale-elegant-sexy-lingerie","11":"product_tag-wholesale-sexy-embroidered-lingerie","12":"product_tag-mesh-lingerie","13":"product_tag-oem","14":"product_tag-rhinestone-lingerie","15":"product_tag-sexy-petite-lingerie","16":"pa_color-black","17":"pa_size-wholesale-large-size-women-sexy-lingerie","18":"pa_size-wholesale-medium-size-women-sexy-lingerie","19":"pa_size-wholesale-small-size-sexy-lingerie","21":"first","22":"outofstock","23":"taxable","24":"shipping-taxable","25":"purchasable","26":"product-type-variable"},"tiered_pricing_type":"fixed","tiered_pricing_fixed_rules":[],"tiered_pricing_product_settings":{"layout":"default","base_unit_name":{"singular":null,"plural":null},"default_variation":{}},"tiered_pricing_minimum_quantity":null,"tiered_pricing_roles_data":{"default_wholesaler":{"product_id":42727,"role":"default_wholesaler","pricing_type":"flat","regular_price":null,"sale_price":null,"discount":null,"discount_type":"sale_price","tiered_pricing_type":"fixed","percentage_rules":[],"fixed_rules":{"2":"9.69","30":"8.29","500":"7.29"},"minimum":null},"dropshippinger":{"product_id":42727,"role":"dropshippinger","pricing_type":"flat","regular_price":null,"sale_price":null,"discount":null,"discount_type":"sale_price","tiered_pricing_type":"fixed","percentage_rules":[],"fixed_rules":{"1":"11.59","5":"9.69","30":"8.29"},"minimum":null}},"tiered_pricing_percentage_rules":[],"tiered_pricing_maximum_quantity":null,"tiered_pricing_quantity_step":null,"_links":{"self":[{"href":"https:\/\/gretasexylingerie.com\/pt\/wp-json\/wp\/v2\/product\/42727","targetHints":{"allow":["GET"]}}],"collection":[{"href":"https:\/\/gretasexylingerie.com\/pt\/wp-json\/wp\/v2\/product"}],"about":[{"href":"https:\/\/gretasexylingerie.com\/pt\/wp-json\/wp\/v2\/types\/product"}],"wp:featuredmedia":[{"embeddable":true,"href":"https:\/\/gretasexylingerie.com\/pt\/wp-json\/wp\/v2\/media\/42736"}],"wp:attachment":[{"href":"https:\/\/gretasexylingerie.com\/pt\/wp-json\/wp\/v2\/media?parent=42727"}],"wp:term":[{"taxonomy":"product_brand","embeddable":true,"href":"https:\/\/gretasexylingerie.com\/pt\/wp-json\/wp\/v2\/product_brand?post=42727"},{"taxonomy":"product_cat","embeddable":true,"href":"https:\/\/gretasexylingerie.com\/pt\/wp-json\/wp\/v2\/product_cat?post=42727"},{"taxonomy":"product_tag","embeddable":true,"href":"https:\/\/gretasexylingerie.com\/pt\/wp-json\/wp\/v2\/product_tag?post=42727"}],"curies":[{"name":"wp","href":"https:\/\/api.w.org\/{rel}","templated":true}]}}