{"id":42585,"date":"2023-06-20T23:41:11","date_gmt":"2023-06-20T15:41:11","guid":{"rendered":"https:\/\/gretasexylingerie.com\/?post_type=product&#038;p=42585"},"modified":"2023-12-09T17:52:37","modified_gmt":"2023-12-09T09:52:37","slug":"conjunto-de-sutia-de-tule-sexy-com-renda-bordada-e-mini-lacos","status":"publish","type":"product","link":"https:\/\/gretasexylingerie.com\/pt\/products\/sexy-tulle-bra-set-with-embroidered-lace-and-mini-bows\/","title":{"rendered":"Conjunto de suti\u00e3 sexy de tule com renda bordada e mini la\u00e7os"},"content":{"rendered":"<ol class=\"wp-block-list\">\n<li>Design Sensual: A renda bordada sobre o delicado tule oferece uma est\u00e9tica sedutora, perfeita para quem busca uma lingerie sedutora.<\/li>\n\n\n\n<li>Caracter\u00edsticas \u00fanicas: as decora\u00e7\u00f5es de mini arco introduzem um elemento caprichoso e elegante ao conjunto.<\/li>\n\n\n\n<li>Alinhado \u00e0s tend\u00eancias: o design se alinha com as tend\u00eancias atuais de lingerie, tornando-o um favorito entre os que se preocupam com o estilo.<\/li>\n\n\n\n<li>Conforto e Ajuste: Apesar do design sensual, o conjunto garante um ajuste confort\u00e1vel, gra\u00e7as ao seu tecido de tule macio.<\/li>\n\n\n\n<li>Aten\u00e7\u00e3o aos detalhes: o bordado intrincado e os charmosos mini la\u00e7os mostram o artesanato de alta qualidade do conjunto.<\/li>\n<\/ol>\n\n\n\n<p>Em conclus\u00e3o, o Conjunto de Suti\u00e3 Sexy Tule com Renda Bordada e Mini La\u00e7os oferece uma mistura atraente de design sensual, conforto e detalhes meticulosos. Suas caracter\u00edsticas \u00fanicas e estilo alinhado \u00e0s tend\u00eancias o tornam uma adi\u00e7\u00e3o de destaque a qualquer cole\u00e7\u00e3o de lingerie.<\/p>\n\n\n\n<figure class=\"wp-block-table\"><table><tbody><tr><td colspan=\"5\">Gr\u00e1fico do local (CM)<\/td><\/tr><tr><td>Tamanho<\/td><td>Comprimento<\/td><td>Busto superior<\/td><td>Cintura<\/td><td>Linha da cintura<\/td><\/tr><tr><td>S<\/td><td>21.5<\/td><td>70-88<\/td><td>64-92<\/td><td>68-96<\/td><\/tr><tr><td>M<\/td><td>22.5<\/td><td>74-92<\/td><td>68-96<\/td><td>72-100<\/td><\/tr><tr><td>eu<\/td><td>23.5<\/td><td>78-96<\/td><td>72-100<\/td><td>76-104<\/td><\/tr><tr><td colspan=\"5\">Gr\u00e1fico do Local (POLEGADAS)<\/td><\/tr><tr><td>Tamanho<\/td><td>Comprimento<\/td><td>Busto superior<\/td><td>Busto Inferior<\/td><td>linha da cintura<\/td><\/tr><tr><td>S<\/td><td>8.46<\/td><td>27.56-34.65<\/td><td>25.20-36.22<\/td><td>26.77-37.80<\/td><\/tr><tr><td>M<\/td><td>8.86<\/td><td>29.13-36.22<\/td><td>26.77-37.80<\/td><td>28.35-39.37<\/td><\/tr><tr><td>eu<\/td><td>9.25<\/td><td>30.71-37.80<\/td><td>28.35-39.37<\/td><td>29.92-40.94<\/td><\/tr><\/tbody><\/table><\/figure>","protected":false},"excerpt":{"rendered":"<p>Delicie-se com o fasc\u00ednio luxuoso com nosso conjunto de suti\u00e3 de tule sexy, com renda bordada e charmosas decora\u00e7\u00f5es de minila\u00e7o. Este conjunto oferece um equil\u00edbrio entre detalhes intrincados e apelo sensual, tornando-o uma pe\u00e7a de lingerie t\u00e3o atraente quanto confort\u00e1vel.<\/p>\n<p>https:\/\/youtu.be\/FzDF4LsgR4Q<\/p>","protected":false},"featured_media":42595,"template":"","meta":[],"product_brand":[],"product_cat":[367,375],"product_tag":[448,454,518,973,446,864,865],"class_list":{"0":"post-42585","1":"product","2":"type-product","3":"status-publish","4":"has-post-thumbnail","6":"product_cat-sexy-lingerie","7":"product_cat-whoelsale-sheer-bra-and-panty-sets","8":"product_tag-wholesale-elegant-sexy-lingerie","9":"product_tag-wholesale-sexy-embroidered-lingerie","10":"product_tag-mesh-lingerie","11":"product_tag-oem","12":"product_tag-wholesale-sexy-see-through-lingerie","13":"product_tag-sexy-petite-lingerie","14":"product_tag-sexy-skimpy-lingerie","15":"pa_color-black","16":"pa_size-wholesale-large-size-women-sexy-lingerie","17":"pa_size-wholesale-medium-size-women-sexy-lingerie","18":"pa_size-wholesale-small-size-sexy-lingerie","20":"first","21":"outofstock","22":"taxable","23":"shipping-taxable","24":"purchasable","25":"product-type-variable"},"tiered_pricing_type":"fixed","tiered_pricing_fixed_rules":[],"tiered_pricing_product_settings":{"layout":"default","base_unit_name":{"singular":null,"plural":null},"default_variation":{}},"tiered_pricing_minimum_quantity":null,"tiered_pricing_roles_data":{"default_wholesaler":{"product_id":42585,"role":"default_wholesaler","pricing_type":"flat","regular_price":null,"sale_price":null,"discount":null,"discount_type":"sale_price","tiered_pricing_type":"fixed","percentage_rules":[],"fixed_rules":{"2":"9.39","30":"8.09","500":"7.09"},"minimum":null},"dropshippinger":{"product_id":42585,"role":"dropshippinger","pricing_type":"flat","regular_price":null,"sale_price":null,"discount":null,"discount_type":"sale_price","tiered_pricing_type":"fixed","percentage_rules":[],"fixed_rules":{"1":"11.29","5":"9.39","30":"8.09"},"minimum":null}},"tiered_pricing_percentage_rules":[],"tiered_pricing_maximum_quantity":null,"tiered_pricing_quantity_step":null,"_links":{"self":[{"href":"https:\/\/gretasexylingerie.com\/pt\/wp-json\/wp\/v2\/product\/42585","targetHints":{"allow":["GET"]}}],"collection":[{"href":"https:\/\/gretasexylingerie.com\/pt\/wp-json\/wp\/v2\/product"}],"about":[{"href":"https:\/\/gretasexylingerie.com\/pt\/wp-json\/wp\/v2\/types\/product"}],"wp:featuredmedia":[{"embeddable":true,"href":"https:\/\/gretasexylingerie.com\/pt\/wp-json\/wp\/v2\/media\/42595"}],"wp:attachment":[{"href":"https:\/\/gretasexylingerie.com\/pt\/wp-json\/wp\/v2\/media?parent=42585"}],"wp:term":[{"taxonomy":"product_brand","embeddable":true,"href":"https:\/\/gretasexylingerie.com\/pt\/wp-json\/wp\/v2\/product_brand?post=42585"},{"taxonomy":"product_cat","embeddable":true,"href":"https:\/\/gretasexylingerie.com\/pt\/wp-json\/wp\/v2\/product_cat?post=42585"},{"taxonomy":"product_tag","embeddable":true,"href":"https:\/\/gretasexylingerie.com\/pt\/wp-json\/wp\/v2\/product_tag?post=42585"}],"curies":[{"name":"wp","href":"https:\/\/api.w.org\/{rel}","templated":true}]}}