{"id":42495,"date":"2023-06-19T23:24:10","date_gmt":"2023-06-19T15:24:10","guid":{"rendered":"https:\/\/gretasexylingerie.com\/?post_type=product&#038;p=42495"},"modified":"2024-01-17T22:18:53","modified_gmt":"2024-01-17T14:18:53","slug":"conjunto-de-sutia-de-malha-elastica-de-dois-tons","status":"publish","type":"product","link":"https:\/\/gretasexylingerie.com\/pt\/products\/two-tone-stretch-mesh-bra-set\/","title":{"rendered":"Conjunto de suti\u00e3 de malha el\u00e1stica de dois tons por atacado"},"content":{"rendered":"<ol class=\"wp-block-list\">\n<li>Design chique: o design contrastante de dois tons oferece uma est\u00e9tica elegante, perfeita para quem procura lingerie da moda.<\/li>\n\n\n\n<li>Caracter\u00edsticas \u00fanicas: O design contrastante introduz um elemento \u00fanico e visualmente atraente para o conjunto.<\/li>\n\n\n\n<li>Alinhado \u00e0s tend\u00eancias: o design se alinha com as tend\u00eancias atuais de lingerie, apelando para os que se preocupam com a moda.<\/li>\n\n\n\n<li>Conforto e Ajuste: Confeccionado em malha el\u00e1stica, o conjunto garante um caimento justo e confort\u00e1vel, adaptando-se aos diferentes formatos de corpo.<\/li>\n\n\n\n<li>Estilo vers\u00e1til: o design de dois tons permite uso vers\u00e1til, complementando uma variedade de roupas.<\/li>\n<\/ol>\n\n\n\n<p>Em conclus\u00e3o, o conjunto de suti\u00e3 de malha el\u00e1stica de dois tons \u00e9 uma mistura encantadora de design chique, conforto e versatilidade. Suas caracter\u00edsticas \u00fanicas e estilo alinhado \u00e0s tend\u00eancias o tornam uma adi\u00e7\u00e3o pr\u00e1tica e elegante a qualquer cole\u00e7\u00e3o de lingerie.<\/p>\n\n\n\n<figure class=\"wp-block-table is-style-stripes\"><table class=\"has-fixed-layout\"><tbody><tr><td colspan=\"5\">Gr\u00e1fico do local (CM)<\/td><\/tr><tr><td>Tamanho<\/td><td>Comprimento<\/td><td>Busto superior<\/td><td>Cintura<\/td><td>Linha da cintura<\/td><\/tr><tr><td>S<\/td><td>19<\/td><td>70-88<\/td><td>64-92<\/td><td>68-96<\/td><\/tr><tr><td>M<\/td><td>20<\/td><td>74-92<\/td><td>68-96<\/td><td>72-100<\/td><\/tr><tr><td>eu<\/td><td>21<\/td><td>78-96<\/td><td>75-100<\/td><td>76-104<\/td><\/tr><tr><td colspan=\"5\">Gr\u00e1fico do Local (POLEGADAS)<\/td><\/tr><tr><td>Tamanho<\/td><td>Comprimento<\/td><td>Busto superior<\/td><td>Busto Inferior<\/td><td>linha da cintura<\/td><\/tr><tr><td>S<\/td><td>7.48<\/td><td>27.56-34.65<\/td><td>25.20-36.22<\/td><td>26.77-37.80<\/td><\/tr><tr><td>M<\/td><td>7.87<\/td><td>29.13-36.22<\/td><td>26.77-37.80<\/td><td>28.35-39.37<\/td><\/tr><tr><td>eu<\/td><td>8.27<\/td><td>30.71-37.80<\/td><td>29.53-39.37<\/td><td>29.92-40.94<\/td><\/tr><\/tbody><\/table><\/figure>","protected":false},"excerpt":{"rendered":"<p>Expresse seu estilo com nosso conjunto de suti\u00e3s de malha el\u00e1stica de dois tons. Este conjunto encantador combina apelo chique e funcionalidade, apresentando um design contrastante em dois tons. Confeccionada em mesh el\u00e1stico, ela promete conforto e caimento perfeito, tornando essa pe\u00e7a de lingerie t\u00e3o pr\u00e1tica quanto estilosa.<\/p>","protected":false},"featured_media":42507,"template":"","meta":[],"product_brand":[],"product_cat":[368,367,375],"product_tag":[868,452,448,518,973,446],"class_list":{"0":"post-42495","1":"product","2":"type-product","3":"status-publish","4":"has-post-thumbnail","6":"product_cat-bra-panty-set","7":"product_cat-sexy-lingerie","8":"product_cat-whoelsale-sheer-bra-and-panty-sets","9":"product_tag-4-piece-lingerie-set","10":"product_tag-wholesale-boudoir-lingerie","11":"product_tag-wholesale-elegant-sexy-lingerie","12":"product_tag-mesh-lingerie","13":"product_tag-oem","14":"product_tag-wholesale-sexy-see-through-lingerie","15":"pa_color-black","16":"pa_color-hot-pink-women-sexy-lingerie","17":"pa_color-orange","18":"pa_size-wholesale-large-size-women-sexy-lingerie","19":"pa_size-wholesale-medium-size-women-sexy-lingerie","20":"pa_size-wholesale-small-size-sexy-lingerie","22":"first","23":"outofstock","24":"taxable","25":"shipping-taxable","26":"purchasable","27":"product-type-variable"},"tiered_pricing_type":"fixed","tiered_pricing_fixed_rules":[],"tiered_pricing_product_settings":{"layout":"default","base_unit_name":{"singular":null,"plural":null},"default_variation":{}},"tiered_pricing_minimum_quantity":null,"tiered_pricing_roles_data":{"default_wholesaler":{"product_id":42495,"role":"default_wholesaler","pricing_type":"flat","regular_price":null,"sale_price":null,"discount":null,"discount_type":"sale_price","tiered_pricing_type":"fixed","percentage_rules":[],"fixed_rules":{"2":"9.69","30":"8.29","498":"7.29"},"minimum":null},"dropshippinger":{"product_id":42495,"role":"dropshippinger","pricing_type":"flat","regular_price":null,"sale_price":null,"discount":null,"discount_type":"sale_price","tiered_pricing_type":"fixed","percentage_rules":[],"fixed_rules":{"1":"11.59","5":"9.69","30":"8.29"},"minimum":null}},"tiered_pricing_percentage_rules":[],"tiered_pricing_maximum_quantity":null,"tiered_pricing_quantity_step":null,"_links":{"self":[{"href":"https:\/\/gretasexylingerie.com\/pt\/wp-json\/wp\/v2\/product\/42495","targetHints":{"allow":["GET"]}}],"collection":[{"href":"https:\/\/gretasexylingerie.com\/pt\/wp-json\/wp\/v2\/product"}],"about":[{"href":"https:\/\/gretasexylingerie.com\/pt\/wp-json\/wp\/v2\/types\/product"}],"wp:featuredmedia":[{"embeddable":true,"href":"https:\/\/gretasexylingerie.com\/pt\/wp-json\/wp\/v2\/media\/42507"}],"wp:attachment":[{"href":"https:\/\/gretasexylingerie.com\/pt\/wp-json\/wp\/v2\/media?parent=42495"}],"wp:term":[{"taxonomy":"product_brand","embeddable":true,"href":"https:\/\/gretasexylingerie.com\/pt\/wp-json\/wp\/v2\/product_brand?post=42495"},{"taxonomy":"product_cat","embeddable":true,"href":"https:\/\/gretasexylingerie.com\/pt\/wp-json\/wp\/v2\/product_cat?post=42495"},{"taxonomy":"product_tag","embeddable":true,"href":"https:\/\/gretasexylingerie.com\/pt\/wp-json\/wp\/v2\/product_tag?post=42495"}],"curies":[{"name":"wp","href":"https:\/\/api.w.org\/{rel}","templated":true}]}}