{"id":42440,"date":"2023-06-19T22:09:13","date_gmt":"2023-06-19T14:09:13","guid":{"rendered":"https:\/\/gretasexylingerie.com\/?post_type=product&#038;p=42440"},"modified":"2024-04-03T00:04:02","modified_gmt":"2024-04-02T16:04:02","slug":"conjunto-de-sutia-de-malha-de-cor-solida-com-alcas-multiajustaveis","status":"publish","type":"product","link":"https:\/\/gretasexylingerie.com\/pt\/products\/solid-color-mesh-bra-set-with-multi-adjustable-straps\/","title":{"rendered":"Conjunto de suti\u00e3 de malha de cor s\u00f3lida com al\u00e7as multiajust\u00e1veis"},"content":{"rendered":"<ol class=\"wp-block-list\">\n<li>Design elegante: a malha de cor s\u00f3lida oferece uma est\u00e9tica refinada, perfeita para quem procura lingerie discreta e elegante.<\/li>\n\n\n\n<li>Caracter\u00edsticas \u00fanicas: As al\u00e7as duplas e multiajust\u00e1veis introduzem elementos pr\u00e1ticos ao conjunto, garantindo que ele se destaque em termos de conforto e ajuste.<\/li>\n\n\n\n<li>Alinhado \u00e0s tend\u00eancias: o design acompanha as tend\u00eancias contempor\u00e2neas de lingerie, apelando para as tend\u00eancias da moda.<\/li>\n\n\n\n<li>Estilo vers\u00e1til: o design de cor s\u00f3lida permite uso vers\u00e1til, complementando uma variedade de roupas.<\/li>\n\n\n\n<li>Conforto e ajuste: as al\u00e7as multiajust\u00e1veis do conjunto garantem um ajuste personalizado e confort\u00e1vel.<\/li>\n<\/ol>\n\n\n\n<p>Em conclus\u00e3o, o conjunto de suti\u00e3 de malha de cor s\u00f3lida com al\u00e7as multi-ajust\u00e1veis oferece um design atraente e elegante e uma mistura de praticidade. Suas caracter\u00edsticas \u00fanicas, estilo alinhado \u00e0s tend\u00eancias e foco no conforto fazem dela uma adi\u00e7\u00e3o not\u00e1vel a qualquer cole\u00e7\u00e3o de lingerie, prometendo um visual estiloso e vers\u00e1til.<\/p>\n\n\n\n<figure class=\"wp-block-table is-style-stripes\"><table class=\"has-fixed-layout\"><tbody><tr><td colspan=\"5\">Gr\u00e1fico do local (CM)<\/td><\/tr><tr><td>Tamanho<\/td><td>Comprimento<\/td><td>Busto superior<\/td><td>Cintura<\/td><td>Linha da cintura<\/td><\/tr><tr><td>S<\/td><td>20<\/td><td>70-80<\/td><td>65-88<\/td><td>66-96<\/td><\/tr><tr><td>M<\/td><td>21<\/td><td>74-92<\/td><td>69-92<\/td><td>70-100<\/td><\/tr><tr><td>eu<\/td><td>22<\/td><td>78-96<\/td><td>73-96<\/td><td>74-104<\/td><\/tr><tr><td colspan=\"5\">Gr\u00e1fico do Local (POLEGADAS)<\/td><\/tr><tr><td>Tamanho<\/td><td>Comprimento<\/td><td>Busto superior<\/td><td>Busto Inferior<\/td><td>linha da cintura<\/td><\/tr><tr><td>S<\/td><td>7.87<\/td><td>27.56-31.50<\/td><td>25.59-34.65<\/td><td>25.98-37.80<\/td><\/tr><tr><td>M<\/td><td>8.27<\/td><td>29.13-36.22<\/td><td>27.17-36.22<\/td><td>27.56-39.37<\/td><\/tr><tr><td>eu<\/td><td>8.66<\/td><td>30.71-37.80<\/td><td>28.74-37.80<\/td><td>29.13-40.94<\/td><\/tr><\/tbody><\/table><\/figure>","protected":false},"excerpt":{"rendered":"<p>Revele o fasc\u00ednio do nosso conjunto de suti\u00e3 de malha de cor s\u00f3lida, com al\u00e7as multi-ajust\u00e1veis e al\u00e7as duplas. Este conjunto elegante, feito com malha de alta qualidade, oferece um equil\u00edbrio entre sofistica\u00e7\u00e3o e funcionalidade. Os recursos ajust\u00e1veis garantem um ajuste perfeito, criando uma pe\u00e7a de lingerie estilosa que \u00e9 t\u00e3o pr\u00e1tica quanto pr\u00e1tica.<\/p>","protected":false},"featured_media":42460,"template":"","meta":[],"product_brand":[],"product_cat":[368,367,375],"product_tag":[505,448,518,864,447],"class_list":{"0":"post-42440","1":"product","2":"type-product","3":"status-publish","4":"has-post-thumbnail","6":"product_cat-bra-panty-set","7":"product_cat-sexy-lingerie","8":"product_cat-whoelsale-sheer-bra-and-panty-sets","9":"product_tag-5-piece-lingerie-set","10":"product_tag-wholesale-elegant-sexy-lingerie","11":"product_tag-mesh-lingerie","12":"product_tag-sexy-petite-lingerie","13":"product_tag-wholesale-strappy-sexy-lingerie","14":"pa_color-black","15":"pa_color-hot-pink-women-sexy-lingerie","16":"pa_color-red-women-sexy-lingerie","17":"pa_color-white","18":"pa_size-wholesale-large-size-women-sexy-lingerie","19":"pa_size-wholesale-medium-size-women-sexy-lingerie","20":"pa_size-wholesale-small-size-sexy-lingerie","22":"first","23":"instock","24":"taxable","25":"shipping-taxable","26":"purchasable","27":"product-type-variable"},"tiered_pricing_type":"fixed","tiered_pricing_fixed_rules":[],"tiered_pricing_product_settings":{"layout":"table","base_unit_name":{"singular":null,"plural":null},"default_variation":null},"tiered_pricing_minimum_quantity":null,"tiered_pricing_roles_data":{"default_wholesaler":{"product_id":42440,"role":"default_wholesaler","pricing_type":"flat","regular_price":null,"sale_price":null,"discount":null,"discount_type":"sale_price","tiered_pricing_type":"fixed","percentage_rules":[],"fixed_rules":{"2":"10.99","30":"9.39","500":"8.29"},"minimum":null},"dropshippinger":{"product_id":42440,"role":"dropshippinger","pricing_type":"flat","regular_price":null,"sale_price":null,"discount":null,"discount_type":"sale_price","tiered_pricing_type":"fixed","percentage_rules":[],"fixed_rules":{"1":"13.19","5":"10.99","30":"939--"},"minimum":null}},"tiered_pricing_percentage_rules":[],"tiered_pricing_maximum_quantity":null,"tiered_pricing_quantity_step":null,"_links":{"self":[{"href":"https:\/\/gretasexylingerie.com\/pt\/wp-json\/wp\/v2\/product\/42440","targetHints":{"allow":["GET"]}}],"collection":[{"href":"https:\/\/gretasexylingerie.com\/pt\/wp-json\/wp\/v2\/product"}],"about":[{"href":"https:\/\/gretasexylingerie.com\/pt\/wp-json\/wp\/v2\/types\/product"}],"wp:featuredmedia":[{"embeddable":true,"href":"https:\/\/gretasexylingerie.com\/pt\/wp-json\/wp\/v2\/media\/42460"}],"wp:attachment":[{"href":"https:\/\/gretasexylingerie.com\/pt\/wp-json\/wp\/v2\/media?parent=42440"}],"wp:term":[{"taxonomy":"product_brand","embeddable":true,"href":"https:\/\/gretasexylingerie.com\/pt\/wp-json\/wp\/v2\/product_brand?post=42440"},{"taxonomy":"product_cat","embeddable":true,"href":"https:\/\/gretasexylingerie.com\/pt\/wp-json\/wp\/v2\/product_cat?post=42440"},{"taxonomy":"product_tag","embeddable":true,"href":"https:\/\/gretasexylingerie.com\/pt\/wp-json\/wp\/v2\/product_tag?post=42440"}],"curies":[{"name":"wp","href":"https:\/\/api.w.org\/{rel}","templated":true}]}}