{"id":42423,"date":"2023-06-19T21:33:30","date_gmt":"2023-06-19T13:33:30","guid":{"rendered":"https:\/\/gretasexylingerie.com\/?post_type=product&#038;p=42423"},"modified":"2024-04-04T15:42:03","modified_gmt":"2024-04-04T07:42:03","slug":"body-de-malha-com-cinto-ajustavel-e-detalhes-de-corrente-de-metal","status":"publish","type":"product","link":"https:\/\/gretasexylingerie.com\/pt\/products\/mesh-bodysuit-with-adjustable-belt-and-metal-chain-details\/","title":{"rendered":"Body de mesh com cinto ajust\u00e1vel e detalhes em corrente de metal"},"content":{"rendered":"<ol class=\"wp-block-list\">\n<li>Design ousado: o body de malha com detalhes em corrente de metal oferece uma est\u00e9tica ousada para quem procura uma lingerie marcante.<\/li>\n\n\n\n<li>Caracter\u00edsticas \u00fanicas: O cinto ajust\u00e1vel de tr\u00eas camadas e as al\u00e7as de corrente met\u00e1lica introduzem elementos \u00fanicos ao conjunto, garantindo que ele se destaque em qualquer cole\u00e7\u00e3o.<\/li>\n\n\n\n<li>Alinhado \u00e0s tend\u00eancias: o design se harmoniza com as tend\u00eancias contempor\u00e2neas de lingerie, tornando-o um dos favoritos entre as fashionistas.<\/li>\n\n\n\n<li>Versatilidade: O design do body permite um uso vers\u00e1til, tornando-o adequado para v\u00e1rias roupas e ocasi\u00f5es.<\/li>\n\n\n\n<li>Conforto e Ajuste: Apesar de seu design ousado, o body garante um ajuste confort\u00e1vel, gra\u00e7as aos seus materiais de alta qualidade e cinto ajust\u00e1vel.<\/li>\n<\/ol>\n\n\n\n<p>Concluindo, o Body Mesh com Cinto Ajust\u00e1vel e Detalhes em Corrente Met\u00e1lica oferece uma mistura impressionante de design arrojado e conforto. Suas caracter\u00edsticas \u00fanicas e design alinhado \u00e0s tend\u00eancias o tornam um destaque em qualquer cole\u00e7\u00e3o de lingerie, prometendo um visual ousado e sofisticado.<\/p>\n\n\n\n<figure class=\"wp-block-table is-style-stripes\"><table class=\"has-fixed-layout\"><tbody><tr><td colspan=\"4\">Gr\u00e1fico do local (CM)<\/td><\/tr><tr><td>Tamanho<\/td><td>Comprimento<\/td><td>Busto superior<\/td><td>Busto Inferior<\/td><\/tr><tr><td>S<\/td><td>55<\/td><td>64-88<\/td><td>60-88<\/td><\/tr><tr><td>M<\/td><td>56.5<\/td><td>68-92<\/td><td>64-92<\/td><\/tr><tr><td>eu<\/td><td>58<\/td><td>72-96<\/td><td>68-96<\/td><\/tr><tr><td colspan=\"4\">Gr\u00e1fico do Local (POLEGADAS)<\/td><\/tr><tr><td>Tamanho<\/td><td>Comprimento<\/td><td>Busto superior<\/td><td>Busto Inferior<\/td><\/tr><tr><td>S<\/td><td>21.65<\/td><td>25.20-34.65<\/td><td>23.62-34.65<\/td><\/tr><tr><td>M<\/td><td>22.24<\/td><td>26.77-36.22<\/td><td>25.20-36.22<\/td><\/tr><tr><td>eu<\/td><td>22.83<\/td><td>28.35-37.80<\/td><td>26.77-37.80<\/td><\/tr><\/tbody><\/table><\/figure>","protected":false},"excerpt":{"rendered":"<p>Eleve seu visual com nosso Mesh Bodysuit, com um cinto ajust\u00e1vel de tr\u00eas camadas e detalhes em corrente de metal. Este conjunto ousado, acentuado com um cinto enfeitado com corrente de metal e um anel no pesco\u00e7o, exala estilo ousado e sofistica\u00e7\u00e3o. Com suas al\u00e7as de corrente de metal, este body \u00e9 t\u00e3o ousado quanto elegante.<\/p>","protected":false},"featured_media":42433,"template":"","meta":[],"product_brand":[],"product_cat":[370,367,373],"product_tag":[448,518,524,446,864,863,447],"class_list":{"0":"post-42423","1":"product","2":"type-product","3":"status-publish","4":"has-post-thumbnail","6":"product_cat-bodysuit","7":"product_cat-sexy-lingerie","8":"product_cat-wholesale-sexy-mesh-bodysuit","9":"product_tag-wholesale-elegant-sexy-lingerie","10":"product_tag-mesh-lingerie","11":"product_tag-metal-lingerie","12":"product_tag-wholesale-sexy-see-through-lingerie","13":"product_tag-sexy-petite-lingerie","14":"product_tag-sexy-thong-lingerie","15":"product_tag-wholesale-strappy-sexy-lingerie","16":"pa_color-black","17":"pa_color-red-women-sexy-lingerie","18":"pa_size-wholesale-large-size-women-sexy-lingerie","19":"pa_size-wholesale-medium-size-women-sexy-lingerie","20":"pa_size-wholesale-small-size-sexy-lingerie","22":"first","23":"instock","24":"taxable","25":"shipping-taxable","26":"purchasable","27":"product-type-variable"},"tiered_pricing_type":"fixed","tiered_pricing_fixed_rules":[],"tiered_pricing_product_settings":{"layout":"table","base_unit_name":{"singular":null,"plural":null},"default_variation":null},"tiered_pricing_minimum_quantity":null,"tiered_pricing_roles_data":{"default_wholesaler":{"product_id":42423,"role":"default_wholesaler","pricing_type":"flat","regular_price":null,"sale_price":null,"discount":null,"discount_type":"sale_price","tiered_pricing_type":"fixed","percentage_rules":[],"fixed_rules":{"2":"10.19","30":"8.79","500":"7.69"},"minimum":null},"dropshippinger":{"product_id":42423,"role":"dropshippinger","pricing_type":"flat","regular_price":null,"sale_price":null,"discount":null,"discount_type":"sale_price","tiered_pricing_type":"fixed","percentage_rules":[],"fixed_rules":{"1":"12.19","5":"10.19","30":"8.79"},"minimum":null}},"tiered_pricing_percentage_rules":[],"tiered_pricing_maximum_quantity":null,"tiered_pricing_quantity_step":null,"_links":{"self":[{"href":"https:\/\/gretasexylingerie.com\/pt\/wp-json\/wp\/v2\/product\/42423","targetHints":{"allow":["GET"]}}],"collection":[{"href":"https:\/\/gretasexylingerie.com\/pt\/wp-json\/wp\/v2\/product"}],"about":[{"href":"https:\/\/gretasexylingerie.com\/pt\/wp-json\/wp\/v2\/types\/product"}],"wp:featuredmedia":[{"embeddable":true,"href":"https:\/\/gretasexylingerie.com\/pt\/wp-json\/wp\/v2\/media\/42433"}],"wp:attachment":[{"href":"https:\/\/gretasexylingerie.com\/pt\/wp-json\/wp\/v2\/media?parent=42423"}],"wp:term":[{"taxonomy":"product_brand","embeddable":true,"href":"https:\/\/gretasexylingerie.com\/pt\/wp-json\/wp\/v2\/product_brand?post=42423"},{"taxonomy":"product_cat","embeddable":true,"href":"https:\/\/gretasexylingerie.com\/pt\/wp-json\/wp\/v2\/product_cat?post=42423"},{"taxonomy":"product_tag","embeddable":true,"href":"https:\/\/gretasexylingerie.com\/pt\/wp-json\/wp\/v2\/product_tag?post=42423"}],"curies":[{"name":"wp","href":"https:\/\/api.w.org\/{rel}","templated":true}]}}