{"id":42279,"date":"2023-06-15T23:51:00","date_gmt":"2023-06-15T15:51:00","guid":{"rendered":"https:\/\/gretasexylingerie.com\/?post_type=product&#038;p=42279"},"modified":"2024-04-04T15:26:35","modified_gmt":"2024-04-04T07:26:35","slug":"body-transparente-de-malha-listrada-preta","status":"publish","type":"product","link":"https:\/\/gretasexylingerie.com\/pt\/products\/black-striped-mesh-sheer-bodysuit\/","title":{"rendered":"Body transparente de malha listrada preta"},"content":{"rendered":"<ol class=\"wp-block-list\">\n<li>Design impressionante: a malha listrada preta oferece uma est\u00e9tica visualmente atraente para quem procura lingerie ousada.<\/li>\n\n\n\n<li>Alinhado \u00e0s tend\u00eancias: o design se harmoniza com as tend\u00eancias da moda contempor\u00e2nea, tornando-o um favorito entre os que se preocupam com a moda.<\/li>\n\n\n\n<li>Estilo vers\u00e1til: o estilo body permite um uso vers\u00e1til, tornando-o adequado para v\u00e1rias roupas e ocasi\u00f5es.<\/li>\n\n\n\n<li>Apelo sedutor: O design simples aumenta a sensualidade do conjunto, emprestando seu charme.<\/li>\n\n\n\n<li>Conforto e Ajuste: Apesar de seu design ousado, o body garante um ajuste confort\u00e1vel com seus materiais de alta qualidade e design cuidadoso.<\/li>\n<\/ol>\n\n\n\n<p>Em conclus\u00e3o, o body transparente de malha listrada preta oferece uma mistura impressionante de design arrojado e conforto. Seu design alinhado \u00e0s tend\u00eancias, apelo sedutor e ajuste confort\u00e1vel fazem dela uma adi\u00e7\u00e3o not\u00e1vel a qualquer cole\u00e7\u00e3o de lingerie, prometendo um visual ousado e sofisticado.<\/p>\n\n\n\n<figure class=\"wp-block-table is-style-stripes\"><table class=\"has-fixed-layout\"><tbody><tr><td colspan=\"5\">Gr\u00e1fico do local (CM)<\/td><\/tr><tr><td>Tamanho<\/td><td>Comprimento<\/td><td>Busto superior<\/td><td>Busto Inferior<\/td><td>linha da cintura<\/td><\/tr><tr><td>S<\/td><td>52<\/td><td>62-88<\/td><td>58-88<\/td><td>56-92<\/td><\/tr><tr><td>M<\/td><td>53<\/td><td>66-92<\/td><td>62-92<\/td><td>60-96<\/td><\/tr><tr><td>eu<\/td><td>54<\/td><td>70-96<\/td><td>66-96<\/td><td>64-100<\/td><\/tr><tr><td colspan=\"5\">Gr\u00e1fico do Local (POLEGADAS)<\/td><\/tr><tr><td>Tamanho<\/td><td>Comprimento<\/td><td>Busto superior<\/td><td>Busto Inferior<\/td><td>linha da cintura<\/td><\/tr><tr><td>S<\/td><td>20.47<\/td><td>24.41-34.65<\/td><td>22.83-34.65<\/td><td>22.05-36.22<\/td><\/tr><tr><td>M<\/td><td>20.87<\/td><td>25.98-36.22<\/td><td>24.41-36.22<\/td><td>23.62-37.80<\/td><\/tr><tr><td>eu<\/td><td>21.26<\/td><td>27.56-37.80<\/td><td>25.98-37.80<\/td><td>25.20-39.37<\/td><\/tr><\/tbody><\/table><\/figure>","protected":false},"excerpt":{"rendered":"<p>Experimente o fasc\u00ednio do nosso body transparente de malha listrada preta. Este conjunto cativante, adornado com elegantes listras pretas, mistura ousadia e sofistica\u00e7\u00e3o. O design transparente da malha real\u00e7a sua sensualidade, criando uma pe\u00e7a de lingerie t\u00e3o ousada quanto refinada.<\/p>","protected":false},"featured_media":42295,"template":"","meta":[],"product_brand":[],"product_cat":[370,367,373],"product_tag":[861,518,446,863],"class_list":{"0":"post-42279","1":"product","2":"type-product","3":"status-publish","4":"has-post-thumbnail","6":"product_cat-bodysuit","7":"product_cat-sexy-lingerie","8":"product_cat-wholesale-sexy-mesh-bodysuit","9":"product_tag-brunette-lingerie","10":"product_tag-mesh-lingerie","11":"product_tag-wholesale-sexy-see-through-lingerie","12":"product_tag-sexy-thong-lingerie","13":"pa_color-black","14":"pa_size-wholesale-large-size-women-sexy-lingerie","15":"pa_size-wholesale-medium-size-women-sexy-lingerie","16":"pa_size-wholesale-small-size-sexy-lingerie","18":"first","19":"instock","20":"taxable","21":"shipping-taxable","22":"purchasable","23":"product-type-variable"},"tiered_pricing_type":"fixed","tiered_pricing_fixed_rules":[],"tiered_pricing_product_settings":{"layout":"table","base_unit_name":{"singular":null,"plural":null},"default_variation":{}},"tiered_pricing_minimum_quantity":null,"tiered_pricing_roles_data":{"default_wholesaler":{"product_id":42279,"role":"default_wholesaler","pricing_type":"flat","regular_price":null,"sale_price":null,"discount":null,"discount_type":"sale_price","tiered_pricing_type":"fixed","percentage_rules":[],"fixed_rules":{"2":"9.19","30":"7.89","500":"6.89"},"minimum":null},"dropshippinger":{"product_id":42279,"role":"dropshippinger","pricing_type":"flat","regular_price":null,"sale_price":null,"discount":null,"discount_type":"sale_price","tiered_pricing_type":"fixed","percentage_rules":[],"fixed_rules":{"1":"10.99","5":"9.19","30":"7.89"},"minimum":null}},"tiered_pricing_percentage_rules":[],"tiered_pricing_maximum_quantity":null,"tiered_pricing_quantity_step":null,"_links":{"self":[{"href":"https:\/\/gretasexylingerie.com\/pt\/wp-json\/wp\/v2\/product\/42279","targetHints":{"allow":["GET"]}}],"collection":[{"href":"https:\/\/gretasexylingerie.com\/pt\/wp-json\/wp\/v2\/product"}],"about":[{"href":"https:\/\/gretasexylingerie.com\/pt\/wp-json\/wp\/v2\/types\/product"}],"wp:featuredmedia":[{"embeddable":true,"href":"https:\/\/gretasexylingerie.com\/pt\/wp-json\/wp\/v2\/media\/42295"}],"wp:attachment":[{"href":"https:\/\/gretasexylingerie.com\/pt\/wp-json\/wp\/v2\/media?parent=42279"}],"wp:term":[{"taxonomy":"product_brand","embeddable":true,"href":"https:\/\/gretasexylingerie.com\/pt\/wp-json\/wp\/v2\/product_brand?post=42279"},{"taxonomy":"product_cat","embeddable":true,"href":"https:\/\/gretasexylingerie.com\/pt\/wp-json\/wp\/v2\/product_cat?post=42279"},{"taxonomy":"product_tag","embeddable":true,"href":"https:\/\/gretasexylingerie.com\/pt\/wp-json\/wp\/v2\/product_tag?post=42279"}],"curies":[{"name":"wp","href":"https:\/\/api.w.org\/{rel}","templated":true}]}}