{"id":42263,"date":"2023-06-15T23:15:55","date_gmt":"2023-06-15T15:15:55","guid":{"rendered":"https:\/\/gretasexylingerie.com\/?post_type=product&#038;p=42263"},"modified":"2024-03-12T09:55:32","modified_gmt":"2024-03-12T01:55:32","slug":"conjunto-de-sutia-de-malha-transparente-bordado-floral-em-tom-dourado","status":"publish","type":"product","link":"https:\/\/gretasexylingerie.com\/pt\/products\/gold-tone-floral-embroidered-sheer-mesh-bra-set\/","title":{"rendered":"Conjunto de suti\u00e3 de malha transparente bordado floral dourado"},"content":{"rendered":"<ol class=\"wp-block-list\">\n<li>Design Elegante: A malha dourada e os bordados florais oferecem uma est\u00e9tica luxuosa, perfeita para quem procura lingerie chique.<\/li>\n\n\n\n<li>Artesanato detalhado: o intrincado bordado floral mostra a aten\u00e7\u00e3o meticulosa aos detalhes na cria\u00e7\u00e3o deste conjunto.<\/li>\n\n\n\n<li>Alinhado \u00e0s tend\u00eancias: o design se harmoniza com as tend\u00eancias da moda contempor\u00e2nea, tornando-se um sucesso entre os fashionistas.<\/li>\n\n\n\n<li>Apelo sedutor: O design simples aumenta a sensualidade do conjunto, adicionando um elemento sedutor.<\/li>\n\n\n\n<li>Conforto e Ajuste: Apesar de seu design luxuoso, o conjunto garante um ajuste confort\u00e1vel, cortesia de seus materiais de alta qualidade e design cuidadoso.<\/li>\n<\/ol>\n\n\n\n<p>Em conclus\u00e3o, o conjunto de suti\u00e3s de malha transparente bordados em tom dourado combina perfeitamente eleg\u00e2ncia e conforto. Seu artesanato detalhado, design alinhado \u00e0s tend\u00eancias e apelo sedutor o tornam uma adi\u00e7\u00e3o de destaque a qualquer cole\u00e7\u00e3o de lingerie, prometendo um visual verdadeiramente encantador.<\/p>\n\n\n\n<figure class=\"wp-block-table is-style-stripes\"><table class=\"has-fixed-layout\"><tbody><tr><td colspan=\"5\">Gr\u00e1fico do local (CM)<\/td><\/tr><tr><td>Tamanho<\/td><td>Comprimento<\/td><td>Busto superior<\/td><td>Busto Inferior<\/td><td>linha da cintura<\/td><\/tr><tr><td>S<\/td><td>21<\/td><td>68-88<\/td><td>65-88<\/td><td>68-96<\/td><\/tr><tr><td>M<\/td><td>22<\/td><td>72-92<\/td><td>69-92<\/td><td>72-100<\/td><\/tr><tr><td>eu<\/td><td>23<\/td><td>79-96<\/td><td>73-96<\/td><td>76-104<\/td><\/tr><tr><td colspan=\"5\">Gr\u00e1fico do Local (POLEGADAS)<\/td><\/tr><tr><td>Tamanho<\/td><td>Comprimento<\/td><td>Busto superior<\/td><td>Busto Inferior<\/td><td>linha da cintura<\/td><\/tr><tr><td>S<\/td><td>8.27<\/td><td>26.77-34.65<\/td><td>25.59-34.65<\/td><td>26.77-37.80<\/td><\/tr><tr><td>M<\/td><td>8.66<\/td><td>28.35-36.22<\/td><td>27.17-36.22<\/td><td>28.35-39.37<\/td><\/tr><tr><td>eu<\/td><td>9.06<\/td><td>31.10-37.80<\/td><td>28.74-37.80<\/td><td>29.92-40.94<\/td><\/tr><\/tbody><\/table><\/figure>","protected":false},"excerpt":{"rendered":"<p>Entre no glamour com nosso conjunto de suti\u00e3 de malha transparente bordado floral dourado. Este conjunto requintado, adornado com intrincados bordados florais, \u00e9 o ep\u00edtome da eleg\u00e2ncia. A malha dourada e o design transparente criam uma est\u00e9tica atraente, criando um conjunto de lingerie t\u00e3o cativante quanto sofisticado.<\/p>","protected":false},"featured_media":42273,"template":"","meta":[],"product_brand":[],"product_cat":[368,367,375],"product_tag":[448,454,870,518,973,446,864],"class_list":{"0":"post-42263","1":"product","2":"type-product","3":"status-publish","4":"has-post-thumbnail","6":"product_cat-bra-panty-set","7":"product_cat-sexy-lingerie","8":"product_cat-whoelsale-sheer-bra-and-panty-sets","9":"product_tag-wholesale-elegant-sexy-lingerie","10":"product_tag-wholesale-sexy-embroidered-lingerie","11":"product_tag-floral-lingerie","12":"product_tag-mesh-lingerie","13":"product_tag-oem","14":"product_tag-wholesale-sexy-see-through-lingerie","15":"product_tag-sexy-petite-lingerie","16":"pa_color-yellow","17":"pa_size-wholesale-large-size-women-sexy-lingerie","18":"pa_size-wholesale-medium-size-women-sexy-lingerie","19":"pa_size-wholesale-small-size-sexy-lingerie","21":"first","22":"outofstock","23":"taxable","24":"shipping-taxable","25":"purchasable","26":"product-type-variable"},"tiered_pricing_type":"fixed","tiered_pricing_fixed_rules":[],"tiered_pricing_product_settings":{"layout":"table","base_unit_name":{"singular":null,"plural":null},"default_variation":null},"tiered_pricing_minimum_quantity":null,"tiered_pricing_roles_data":{"default_wholesaler":{"product_id":42263,"role":"default_wholesaler","pricing_type":"flat","regular_price":null,"sale_price":null,"discount":null,"discount_type":"sale_price","tiered_pricing_type":"fixed","percentage_rules":[],"fixed_rules":{"2":"7.29","30":"6.29","500":"5.49"},"minimum":null},"dropshippinger":{"product_id":42263,"role":"dropshippinger","pricing_type":"flat","regular_price":null,"sale_price":null,"discount":null,"discount_type":"sale_price","tiered_pricing_type":"fixed","percentage_rules":[],"fixed_rules":{"1":"8.79","5":"7.29","30":"6.29"},"minimum":null}},"tiered_pricing_percentage_rules":[],"tiered_pricing_maximum_quantity":null,"tiered_pricing_quantity_step":null,"_links":{"self":[{"href":"https:\/\/gretasexylingerie.com\/pt\/wp-json\/wp\/v2\/product\/42263","targetHints":{"allow":["GET"]}}],"collection":[{"href":"https:\/\/gretasexylingerie.com\/pt\/wp-json\/wp\/v2\/product"}],"about":[{"href":"https:\/\/gretasexylingerie.com\/pt\/wp-json\/wp\/v2\/types\/product"}],"wp:featuredmedia":[{"embeddable":true,"href":"https:\/\/gretasexylingerie.com\/pt\/wp-json\/wp\/v2\/media\/42273"}],"wp:attachment":[{"href":"https:\/\/gretasexylingerie.com\/pt\/wp-json\/wp\/v2\/media?parent=42263"}],"wp:term":[{"taxonomy":"product_brand","embeddable":true,"href":"https:\/\/gretasexylingerie.com\/pt\/wp-json\/wp\/v2\/product_brand?post=42263"},{"taxonomy":"product_cat","embeddable":true,"href":"https:\/\/gretasexylingerie.com\/pt\/wp-json\/wp\/v2\/product_cat?post=42263"},{"taxonomy":"product_tag","embeddable":true,"href":"https:\/\/gretasexylingerie.com\/pt\/wp-json\/wp\/v2\/product_tag?post=42263"}],"curies":[{"name":"wp","href":"https:\/\/api.w.org\/{rel}","templated":true}]}}