{"id":42230,"date":"2023-06-15T22:49:17","date_gmt":"2023-06-15T14:49:17","guid":{"rendered":"https:\/\/gretasexylingerie.com\/?post_type=product&#038;p=42230"},"modified":"2024-04-04T13:01:52","modified_gmt":"2024-04-04T05:01:52","slug":"conjunto-de-sutia-elegante-de-renda-transparente-com-detalhes-de-penas-coloridas","status":"publish","type":"product","link":"https:\/\/gretasexylingerie.com\/pt\/products\/elegant-sheer-lace-bra-set-with-colorful-feather-accents\/","title":{"rendered":"Conjunto elegante de suti\u00e3 de renda transparente com detalhes em penas coloridas"},"content":{"rendered":"<ol class=\"wp-block-list\">\n<li>Design Exclusivo: A combina\u00e7\u00e3o de renda pura, uma gargantilha de renda e detalhes em penas oferece uma est\u00e9tica \u00fanica, ideal para quem procura lingerie exclusiva.<\/li>\n\n\n\n<li>Eleg\u00e2ncia l\u00fadica: os detalhes em penas coloridas adicionam um toque l\u00fadico e vibrante \u00e0 eleg\u00e2ncia cl\u00e1ssica do conjunto.<\/li>\n\n\n\n<li>Alinhado \u00e0s tend\u00eancias: o design acompanha as tend\u00eancias contempor\u00e2neas de lingerie, apelando para as tend\u00eancias da moda.<\/li>\n\n\n\n<li>Artesanato detalhado: o delicado detalhamento de renda e a coloca\u00e7\u00e3o cuidadosa de penas destacam o artesanato meticuloso.<\/li>\n\n\n\n<li>Conforto e Ajuste: O conjunto garante um ajuste confort\u00e1vel, gra\u00e7as aos materiais de qualidade e recursos bem desenhados.<\/li>\n<\/ol>\n\n\n\n<p>Concluindo, o elegante conjunto de suti\u00e3 de renda transparente com gargantilha de renda e detalhes em penas coloridas \u00e9 uma mistura impressionante de eleg\u00e2ncia, capricho e conforto. Seu design exclusivo e artesanato de qualidade o tornam uma adi\u00e7\u00e3o not\u00e1vel a qualquer cole\u00e7\u00e3o de lingerie, prometendo um visual l\u00fadico e sofisticado.<\/p>\n\n\n\n<figure class=\"wp-block-table is-style-stripes\"><table class=\"has-fixed-layout\"><tbody><tr><td colspan=\"5\">Gr\u00e1fico do local (CM)<\/td><\/tr><tr><td>Tamanho<\/td><td>Comprimento<\/td><td>Busto superior<\/td><td>Busto Inferior<\/td><td>linha da cintura<\/td><\/tr><tr><td>S<\/td><td>21.5<\/td><td>68-88<\/td><td>68<\/td><td>70<\/td><\/tr><tr><td>M<\/td><td>22.5<\/td><td>72-92<\/td><td>72<\/td><td>74<\/td><\/tr><tr><td>eu<\/td><td>23.5<\/td><td>79-96<\/td><td>76<\/td><td>78<\/td><\/tr><tr><td colspan=\"5\">Gr\u00e1fico do Local (POLEGADAS)<\/td><\/tr><tr><td>Tamanho<\/td><td>Comprimento<\/td><td>Busto superior<\/td><td>Busto Inferior<\/td><td>linha da cintura<\/td><\/tr><tr><td>S<\/td><td>8.46<\/td><td>26.77-34.65<\/td><td>26.77<\/td><td>27.56<\/td><\/tr><tr><td>M<\/td><td>8.86<\/td><td>28.35-36.22<\/td><td>28.35<\/td><td>29.13<\/td><\/tr><tr><td>eu<\/td><td>9.25<\/td><td>31.10-37.80<\/td><td>29.92<\/td><td>30.71<\/td><\/tr><\/tbody><\/table><\/figure>","protected":false},"excerpt":{"rendered":"<p>Explore a sofistica\u00e7\u00e3o do nosso elegante conjunto de suti\u00e3 de renda transparente, adornado com uma gargantilha de renda e penas coloridas. Este conjunto \u00fanico, feito com renda pura, equilibra a eleg\u00e2ncia cl\u00e1ssica e o charme divertido. Os detalhes em penas nas al\u00e7as e na cintura introduzem uma explos\u00e3o de cores, criando um conjunto de lingerie que \u00e9 ao mesmo tempo caprichoso e refinado.<\/p>","protected":false},"featured_media":42251,"template":"","meta":[],"product_brand":[],"product_cat":[368,369,367],"product_tag":[505,448,522,516,524,510,446,865,863],"class_list":{"0":"post-42230","1":"product","2":"type-product","3":"status-publish","4":"has-post-thumbnail","6":"product_cat-bra-panty-set","7":"product_cat-wholesale-lace-bra-and-panty-sets","8":"product_cat-sexy-lingerie","9":"product_tag-5-piece-lingerie-set","10":"product_tag-wholesale-elegant-sexy-lingerie","11":"product_tag-eyelash-lingerie","12":"product_tag-lace-lingerie","13":"product_tag-metal-lingerie","14":"product_tag-ruffles-lingerie","15":"product_tag-wholesale-sexy-see-through-lingerie","16":"product_tag-sexy-skimpy-lingerie","17":"product_tag-sexy-thong-lingerie","18":"pa_color-black","19":"pa_color-light-blue-women-sexy-lingerie","20":"pa_color-red-women-sexy-lingerie","21":"pa_size-wholesale-large-size-women-sexy-lingerie","22":"pa_size-wholesale-medium-size-women-sexy-lingerie","23":"pa_size-wholesale-small-size-sexy-lingerie","25":"first","26":"instock","27":"taxable","28":"shipping-taxable","29":"purchasable","30":"product-type-variable"},"tiered_pricing_type":"fixed","tiered_pricing_fixed_rules":[],"tiered_pricing_product_settings":{"layout":"table","base_unit_name":{"singular":null,"plural":null},"default_variation":{}},"tiered_pricing_minimum_quantity":null,"tiered_pricing_roles_data":{"default_wholesaler":{"product_id":42230,"role":"default_wholesaler","pricing_type":"flat","regular_price":null,"sale_price":null,"discount":null,"discount_type":"sale_price","tiered_pricing_type":"fixed","percentage_rules":[],"fixed_rules":{"2":"11.49","30":"9.89","500":"8.59"},"minimum":null},"dropshippinger":{"product_id":42230,"role":"dropshippinger","pricing_type":"flat","regular_price":null,"sale_price":null,"discount":null,"discount_type":"sale_price","tiered_pricing_type":"fixed","percentage_rules":[],"fixed_rules":{"1":"13.79","5":"11.49","30":"9.89"},"minimum":null}},"tiered_pricing_percentage_rules":[],"tiered_pricing_maximum_quantity":null,"tiered_pricing_quantity_step":null,"_links":{"self":[{"href":"https:\/\/gretasexylingerie.com\/pt\/wp-json\/wp\/v2\/product\/42230","targetHints":{"allow":["GET"]}}],"collection":[{"href":"https:\/\/gretasexylingerie.com\/pt\/wp-json\/wp\/v2\/product"}],"about":[{"href":"https:\/\/gretasexylingerie.com\/pt\/wp-json\/wp\/v2\/types\/product"}],"wp:featuredmedia":[{"embeddable":true,"href":"https:\/\/gretasexylingerie.com\/pt\/wp-json\/wp\/v2\/media\/42251"}],"wp:attachment":[{"href":"https:\/\/gretasexylingerie.com\/pt\/wp-json\/wp\/v2\/media?parent=42230"}],"wp:term":[{"taxonomy":"product_brand","embeddable":true,"href":"https:\/\/gretasexylingerie.com\/pt\/wp-json\/wp\/v2\/product_brand?post=42230"},{"taxonomy":"product_cat","embeddable":true,"href":"https:\/\/gretasexylingerie.com\/pt\/wp-json\/wp\/v2\/product_cat?post=42230"},{"taxonomy":"product_tag","embeddable":true,"href":"https:\/\/gretasexylingerie.com\/pt\/wp-json\/wp\/v2\/product_tag?post=42230"}],"curies":[{"name":"wp","href":"https:\/\/api.w.org\/{rel}","templated":true}]}}