{"id":42193,"date":"2023-06-15T21:45:25","date_gmt":"2023-06-15T13:45:25","guid":{"rendered":"https:\/\/gretasexylingerie.com\/?post_type=product&#038;p=42193"},"modified":"2026-03-25T23:36:48","modified_gmt":"2026-03-25T15:36:48","slug":"conjunto-de-sutia-e-calcinha-de-renda-transparente-com-levantamento-duplo-de-seios","status":"publish","type":"product","link":"https:\/\/gretasexylingerie.com\/pt\/products\/see-through-lace-bra-and-panty-set-with-double-chest-lift\/","title":{"rendered":"Conjunto de calcinha e suti\u00e3 de renda transparente com levantamento de peito duplo"},"content":{"rendered":"<ol class=\"wp-block-list\">\n<li>Design Sensual: O material de renda transparente oferece uma est\u00e9tica ousada, perfeita para quem procura lingerie sexy.<\/li>\n\n\n\n<li>Caracter\u00edsticas exclusivas: o design do halter e da al\u00e7a de ombro oferece uma eleva\u00e7\u00e3o dupla no peito, garantindo um ajuste aprimorado e lisonjeiro.<\/li>\n\n\n\n<li>Detalhes delicados: A adi\u00e7\u00e3o de detalhes de c\u00edlios adiciona um toque de eleg\u00e2ncia, destacando a qualidade do artesanato.<\/li>\n\n\n\n<li>Alinhado \u00e0s tend\u00eancias: o design se alinha \u00e0s tend\u00eancias atuais de lingerie, tornando-o um dos favoritos entre os que est\u00e3o na moda.<\/li>\n\n\n\n<li>Conforto e ajuste: apesar de seu design arrojado, o conjunto garante conforto e ajuste, cortesia de seus materiais de alta qualidade e design cuidadoso.<\/li>\n<\/ol>\n\n\n\n<p>Em conclus\u00e3o, o Conjunto de Suti\u00e3 e Calcinha de Renda Transparente com Elevador de Peito Duplo \u00e9 uma mistura cativante de design ousado e conforto. Suas caracter\u00edsticas \u00fanicas e artesanato detalhado o tornam uma adi\u00e7\u00e3o desej\u00e1vel a qualquer cole\u00e7\u00e3o de lingerie, prometendo um visual atraente e sofisticado.<\/p>\n\n\n\n<figure class=\"wp-block-table is-style-stripes\"><table class=\"has-fixed-layout\"><tbody><tr><td colspan=\"5\">Gr\u00e1fico do local (CM)<\/td><\/tr><tr><td>Tamanho<\/td><td>Comprimento<\/td><td>Busto superior<\/td><td>Busto Inferior<\/td><td>linha da cintura<\/td><\/tr><tr><td>S<\/td><td>20<\/td><td>68-88<\/td><td>61-88<\/td><td>66-96<\/td><\/tr><tr><td>M<\/td><td>21<\/td><td>72-92<\/td><td>65-92<\/td><td>70-100<\/td><\/tr><tr><td>eu<\/td><td>22<\/td><td>79-96<\/td><td>69-96<\/td><td>74-104<\/td><\/tr><tr><td colspan=\"5\">Gr\u00e1fico do Local (POLEGADAS)<\/td><\/tr><tr><td>Tamanho<\/td><td>Comprimento<\/td><td>Busto superior<\/td><td>Busto Inferior<\/td><td>linha da cintura<\/td><\/tr><tr><td>S<\/td><td>7.87<\/td><td>26.77-34.65<\/td><td>24.02-34.65<\/td><td>25.98-37.80<\/td><\/tr><tr><td>M<\/td><td>8.27<\/td><td>28.35-36.22<\/td><td>25.59-36.22<\/td><td>27.56-39.37<\/td><\/tr><tr><td>eu<\/td><td>8.66<\/td><td>31.10-37.80<\/td><td>27.17-37.80<\/td><td>29.13-40.94<\/td><\/tr><\/tbody><\/table><\/figure>","protected":false},"excerpt":{"rendered":"<p>Experimente o fasc\u00ednio do nosso conjunto de calcinha e suti\u00e3 de renda transparente, com eleva\u00e7\u00e3o dupla no peito. Este conjunto sedutor, adornado com delicados detalhes de c\u00edlios, equilibra eleg\u00e2ncia e sensualidade. O design do halter e da al\u00e7a de ombro aumenta a eleva\u00e7\u00e3o e o suporte, criando uma pe\u00e7a de lingerie que \u00e9 t\u00e3o lisonjeira quanto atraente.<\/p>","protected":false},"featured_media":42210,"template":"","meta":[],"product_brand":[],"product_cat":[368,369,367,376],"product_tag":[448,522,528,516,451,446,880,867,504],"class_list":{"0":"post-42193","1":"product","2":"type-product","3":"status-publish","4":"has-post-thumbnail","6":"product_cat-bra-panty-set","7":"product_cat-wholesale-lace-bra-and-panty-sets","8":"product_cat-sexy-lingerie","9":"product_cat-wholesale-ultra-sexy-bra-panty-set","10":"product_tag-wholesale-elegant-sexy-lingerie","11":"product_tag-eyelash-lingerie","12":"product_tag-halter-lingerie","13":"product_tag-lace-lingerie","14":"product_tag-wholesale-revealing-lingerie","15":"product_tag-wholesale-sexy-see-through-lingerie","16":"product_tag-sexy-2-piece-lingerie","17":"product_tag-sexy-push-up-lingerie","18":"product_tag-ultra-sexy","19":"pa_color-black","20":"pa_color-red-women-sexy-lingerie","21":"pa_color-sea-green-women-sexy-lingerie","22":"pa_size-wholesale-large-size-women-sexy-lingerie","23":"pa_size-wholesale-medium-size-women-sexy-lingerie","24":"pa_size-wholesale-small-size-sexy-lingerie","26":"first","27":"instock","28":"taxable","29":"shipping-taxable","30":"purchasable","31":"product-type-variable"},"tiered_pricing_type":"fixed","tiered_pricing_fixed_rules":[],"tiered_pricing_product_settings":{"layout":"default","base_unit_name":{"singular":null,"plural":null},"default_variation":{}},"tiered_pricing_minimum_quantity":null,"tiered_pricing_roles_data":{"default_wholesaler":{"product_id":42193,"role":"default_wholesaler","pricing_type":"flat","regular_price":null,"sale_price":null,"discount":null,"discount_type":"sale_price","tiered_pricing_type":"fixed","percentage_rules":[],"fixed_rules":{"2":"9.69","30":"8.29","500":"7.29"},"minimum":null},"dropshippinger":{"product_id":42193,"role":"dropshippinger","pricing_type":"flat","regular_price":null,"sale_price":null,"discount":null,"discount_type":"sale_price","tiered_pricing_type":"fixed","percentage_rules":[],"fixed_rules":{"1":"11.59","5":"9.69","30":"8.29"},"minimum":null}},"tiered_pricing_percentage_rules":[],"tiered_pricing_maximum_quantity":null,"tiered_pricing_quantity_step":null,"_links":{"self":[{"href":"https:\/\/gretasexylingerie.com\/pt\/wp-json\/wp\/v2\/product\/42193","targetHints":{"allow":["GET"]}}],"collection":[{"href":"https:\/\/gretasexylingerie.com\/pt\/wp-json\/wp\/v2\/product"}],"about":[{"href":"https:\/\/gretasexylingerie.com\/pt\/wp-json\/wp\/v2\/types\/product"}],"wp:featuredmedia":[{"embeddable":true,"href":"https:\/\/gretasexylingerie.com\/pt\/wp-json\/wp\/v2\/media\/42210"}],"wp:attachment":[{"href":"https:\/\/gretasexylingerie.com\/pt\/wp-json\/wp\/v2\/media?parent=42193"}],"wp:term":[{"taxonomy":"product_brand","embeddable":true,"href":"https:\/\/gretasexylingerie.com\/pt\/wp-json\/wp\/v2\/product_brand?post=42193"},{"taxonomy":"product_cat","embeddable":true,"href":"https:\/\/gretasexylingerie.com\/pt\/wp-json\/wp\/v2\/product_cat?post=42193"},{"taxonomy":"product_tag","embeddable":true,"href":"https:\/\/gretasexylingerie.com\/pt\/wp-json\/wp\/v2\/product_tag?post=42193"}],"curies":[{"name":"wp","href":"https:\/\/api.w.org\/{rel}","templated":true}]}}