{"id":42175,"date":"2023-06-15T20:47:49","date_gmt":"2023-06-15T12:47:49","guid":{"rendered":"https:\/\/gretasexylingerie.com\/?post_type=product&#038;p=42175"},"modified":"2024-01-17T22:11:31","modified_gmt":"2024-01-17T14:11:31","slug":"conjunto-de-sutia-e-calcinha-preto-com-alcas","status":"publish","type":"product","link":"https:\/\/gretasexylingerie.com\/pt\/products\/black-halter-strap-bra-and-panty-set\/","title":{"rendered":"Conjunto de calcinha e suti\u00e3 preto frente \u00fanica"},"content":{"rendered":"<ol class=\"wp-block-list\">\n<li>Design duplo: a combina\u00e7\u00e3o de frente \u00fanica e al\u00e7as oferece um design exclusivo e lisonjeiro, perfeito para quem busca um estilo de lingerie inovador.<\/li>\n\n\n\n<li>Apelo Cl\u00e1ssico: A cor preta atemporal do conjunto aumenta seu apelo, garantindo que ele se encaixe perfeitamente em qualquer cole\u00e7\u00e3o de lingerie.<\/li>\n\n\n\n<li>Estilo vers\u00e1til: o design de al\u00e7a dupla permite uso vers\u00e1til, tornando-o adequado para uma variedade de roupas e ocasi\u00f5es.<\/li>\n\n\n\n<li>Alinhado \u00e0s tend\u00eancias: o design se harmoniza com as tend\u00eancias da moda contempor\u00e2nea, tornando-o um dos favoritos entre os fashionistas.<\/li>\n\n\n\n<li>Conforto e Ajuste: O conjunto garante um ajuste confort\u00e1vel, gra\u00e7as aos materiais de qualidade e design cuidadoso.<\/li>\n<\/ol>\n\n\n\n<p>Concluindo, o Conjunto de Suti\u00e3 e Calcinha Halter e Al\u00e7a Preta oferece uma op\u00e7\u00e3o de lingerie estilosa e confort\u00e1vel. Seu design de al\u00e7a dupla, tonalidade preta cl\u00e1ssica e estilo alinhado \u00e0s tend\u00eancias o tornam uma adi\u00e7\u00e3o vers\u00e1til e atraente, prometendo ser um item b\u00e1sico em qualquer cole\u00e7\u00e3o de lingerie.<\/p>\n\n\n\n<figure class=\"wp-block-table is-style-stripes\"><table class=\"has-fixed-layout\"><tbody><tr><td colspan=\"5\">Gr\u00e1fico do local (CM)<\/td><\/tr><tr><td>Tamanho<\/td><td>Comprimento<\/td><td>Busto superior<\/td><td>Busto Inferior<\/td><td>linha da cintura<\/td><\/tr><tr><td>S<\/td><td>30<\/td><td>71-88<\/td><td>66<\/td><td>67<\/td><\/tr><tr><td>M<\/td><td>31<\/td><td>75-92<\/td><td>70<\/td><td>71<\/td><\/tr><tr><td>eu<\/td><td>32<\/td><td>79-96<\/td><td>74<\/td><td>75<\/td><\/tr><tr><td colspan=\"5\">Gr\u00e1fico do Local (POLEGADAS)<\/td><\/tr><tr><td>Tamanho<\/td><td>Comprimento<\/td><td>Busto superior<\/td><td>Busto Inferior<\/td><td>linha da cintura<\/td><\/tr><tr><td>S<\/td><td>11.81<\/td><td>27.95-34.65<\/td><td>25.98<\/td><td>26.38<\/td><\/tr><tr><td>M<\/td><td>12.2<\/td><td>29.53-36.22<\/td><td>27.56<\/td><td>27.95<\/td><\/tr><tr><td>eu<\/td><td>12.6<\/td><td>31.10-37.80<\/td><td>29.13<\/td><td>29.53<\/td><\/tr><\/tbody><\/table><\/figure>","protected":false},"excerpt":{"rendered":"<p>Abrace a eleg\u00e2ncia do nosso conjunto de calcinha e suti\u00e3 preto frente e ombro. Este conjunto chique, com um design de al\u00e7a dupla e al\u00e7a de ombro, oferece uma fus\u00e3o de estilo e conforto. Sua tonalidade escura amplifica o fasc\u00ednio, criando uma lingerie b\u00e1sica que \u00e9 simultaneamente vers\u00e1til e cativante.<\/p>","protected":false},"featured_media":42186,"template":"","meta":[],"product_brand":[],"product_cat":[368,367,375],"product_tag":[861,448,528,524,973,880,867],"class_list":{"0":"post-42175","1":"product","2":"type-product","3":"status-publish","4":"has-post-thumbnail","6":"product_cat-bra-panty-set","7":"product_cat-sexy-lingerie","8":"product_cat-whoelsale-sheer-bra-and-panty-sets","9":"product_tag-brunette-lingerie","10":"product_tag-wholesale-elegant-sexy-lingerie","11":"product_tag-halter-lingerie","12":"product_tag-metal-lingerie","13":"product_tag-oem","14":"product_tag-sexy-2-piece-lingerie","15":"product_tag-sexy-push-up-lingerie","16":"pa_color-black","17":"pa_size-wholesale-large-size-women-sexy-lingerie","18":"pa_size-wholesale-medium-size-women-sexy-lingerie","19":"pa_size-wholesale-small-size-sexy-lingerie","21":"first","22":"outofstock","23":"taxable","24":"shipping-taxable","25":"purchasable","26":"product-type-variable"},"tiered_pricing_type":"fixed","tiered_pricing_fixed_rules":[],"tiered_pricing_product_settings":{"layout":"default","base_unit_name":{"singular":null,"plural":null},"default_variation":null},"tiered_pricing_minimum_quantity":null,"tiered_pricing_roles_data":{"default_wholesaler":{"product_id":42175,"role":"default_wholesaler","pricing_type":"flat","regular_price":null,"sale_price":null,"discount":null,"discount_type":"sale_price","tiered_pricing_type":"fixed","percentage_rules":[],"fixed_rules":{"2":"7.89","30":"6.69","500":"5.89"},"minimum":null},"dropshippinger":{"product_id":42175,"role":"dropshippinger","pricing_type":"flat","regular_price":null,"sale_price":null,"discount":null,"discount_type":"sale_price","tiered_pricing_type":"fixed","percentage_rules":[],"fixed_rules":{"1":"9.39","5":"7.89","30":"6.69"},"minimum":null}},"tiered_pricing_percentage_rules":[],"tiered_pricing_maximum_quantity":null,"tiered_pricing_quantity_step":null,"_links":{"self":[{"href":"https:\/\/gretasexylingerie.com\/pt\/wp-json\/wp\/v2\/product\/42175","targetHints":{"allow":["GET"]}}],"collection":[{"href":"https:\/\/gretasexylingerie.com\/pt\/wp-json\/wp\/v2\/product"}],"about":[{"href":"https:\/\/gretasexylingerie.com\/pt\/wp-json\/wp\/v2\/types\/product"}],"wp:featuredmedia":[{"embeddable":true,"href":"https:\/\/gretasexylingerie.com\/pt\/wp-json\/wp\/v2\/media\/42186"}],"wp:attachment":[{"href":"https:\/\/gretasexylingerie.com\/pt\/wp-json\/wp\/v2\/media?parent=42175"}],"wp:term":[{"taxonomy":"product_brand","embeddable":true,"href":"https:\/\/gretasexylingerie.com\/pt\/wp-json\/wp\/v2\/product_brand?post=42175"},{"taxonomy":"product_cat","embeddable":true,"href":"https:\/\/gretasexylingerie.com\/pt\/wp-json\/wp\/v2\/product_cat?post=42175"},{"taxonomy":"product_tag","embeddable":true,"href":"https:\/\/gretasexylingerie.com\/pt\/wp-json\/wp\/v2\/product_tag?post=42175"}],"curies":[{"name":"wp","href":"https:\/\/api.w.org\/{rel}","templated":true}]}}