{"id":42074,"date":"2023-06-14T21:33:45","date_gmt":"2023-06-14T13:33:45","guid":{"rendered":"https:\/\/gretasexylingerie.com\/?post_type=product&#038;p=42074"},"modified":"2024-04-04T12:31:14","modified_gmt":"2024-04-04T04:31:14","slug":"conjunto-de-sutia-e-calcinha-arrastao-preto-com-costura-trancada","status":"publish","type":"product","link":"https:\/\/gretasexylingerie.com\/pt\/products\/black-fishnet-bra-and-panty-set-with-braided-stitching\/","title":{"rendered":"Conjunto de calcinha e suti\u00e3 arrast\u00e3o preto com costura tran\u00e7ada"},"content":{"rendered":"<ol class=\"wp-block-list\">\n<li>Design ousado: a combina\u00e7\u00e3o de rede arrast\u00e3o e detalhes ocos torna este conjunto uma escolha ousada, adicionando uma camada de emo\u00e7\u00e3o a qualquer cole\u00e7\u00e3o de lingerie.<\/li>\n\n\n\n<li>Artesanato exclusivo: a ampla costura tran\u00e7ada exibe a intrincada aten\u00e7\u00e3o aos detalhes e \u00e0 qualidade que entrou na cria\u00e7\u00e3o deste conjunto.<\/li>\n\n\n\n<li>Sensual Appeal: Sua est\u00e9tica super sexy atende a quem busca explorar estilos de lingerie ousados e provocantes.<\/li>\n\n\n\n<li>Alinhado \u00e0s tend\u00eancias: o design est\u00e1 em sincronia com as tend\u00eancias da moda ousadas, tornando-o um potencial prazer para o p\u00fablico entre os avan\u00e7ados da moda.<\/li>\n\n\n\n<li>Conforto e Ajuste: Apesar de seu design arrojado, o conforto n\u00e3o \u00e9 comprometido. Materiais de alta qualidade e artesanato garantem um \u00f3timo ajuste e uma experi\u00eancia de uso confort\u00e1vel.<\/li>\n<\/ol>\n\n\n\n<p>Concluindo, o conjunto de calcinha e suti\u00e3 arrast\u00e3o preto \u00e9 uma adi\u00e7\u00e3o sensacional a qualquer cole\u00e7\u00e3o de lingerie. Com seu design ousado e artesanato intrincado, ele promete cativar, garantindo um n\u00edvel incompar\u00e1vel de conforto e ajuste.<\/p>\n\n\n\n<figure class=\"wp-block-table is-style-stripes\"><table class=\"has-fixed-layout\"><tbody><tr><td>Gr\u00e1fico do local (CM)<\/td><td><\/td><td><\/td><td><\/td><\/tr><tr><td>Tamanho<\/td><td>busto superior<\/td><td>Busto Inferior<\/td><td>Comprimento<\/td><\/tr><tr><td>S<\/td><td>66-88<\/td><td>65-88<\/td><td>52<\/td><\/tr><tr><td>M<\/td><td>70-92<\/td><td>69-92<\/td><td>53.5<\/td><\/tr><tr><td>eu<\/td><td>74-96<\/td><td>73-96<\/td><td>55<\/td><\/tr><tr><td>Gr\u00e1fico do Local (POLEGADAS)<\/td><td><\/td><td><\/td><td><\/td><\/tr><tr><td>Tamanho<\/td><td>Comprimento<\/td><td>Busto superior<\/td><td>Cintura<\/td><\/tr><tr><td>S<\/td><td>25.98-34.65<\/td><td>25.59-34.65<\/td><td>20.47<\/td><\/tr><tr><td>M<\/td><td>27.56-36.22<\/td><td>27.17-36.22<\/td><td>21.06<\/td><\/tr><tr><td>eu<\/td><td>29.13-37.80<\/td><td>28.74-37.80<\/td><td>21.65<\/td><\/tr><\/tbody><\/table><\/figure>","protected":false},"excerpt":{"rendered":"<p>Descubra o fasc\u00ednio do nosso conjunto de calcinha e suti\u00e3 arrast\u00e3o preto. Este conjunto \u00fanico, elaborado com costuras tran\u00e7adas largas, ocas e intrincadas, apresenta uma fus\u00e3o de artesanato ousado e detalhado. O apelo provocativo deste conjunto cria um traje irresist\u00edvel e ultra-sexy.<\/p>\n<p>https:\/\/youtu.be\/RQJhhFsyr8Y<\/p>","protected":false},"featured_media":42084,"template":"","meta":[],"product_brand":[],"product_cat":[368,374,367,375,376],"product_tag":[507,541,518,451,446,453,447,504],"class_list":{"0":"post-42074","1":"product","2":"type-product","3":"status-publish","4":"has-post-thumbnail","6":"product_cat-bra-panty-set","7":"product_cat-wholesale-garter-belt-set","8":"product_cat-sexy-lingerie","9":"product_cat-whoelsale-sheer-bra-and-panty-sets","10":"product_cat-wholesale-ultra-sexy-bra-panty-set","11":"product_tag-three-pcs-set","12":"product_tag-fishnet-lingerie","13":"product_tag-mesh-lingerie","14":"product_tag-wholesale-revealing-lingerie","15":"product_tag-wholesale-sexy-see-through-lingerie","16":"product_tag-wholesale-sexy-naughty-lingerie","17":"product_tag-wholesale-strappy-sexy-lingerie","18":"product_tag-ultra-sexy","19":"pa_color-black","20":"pa_size-wholesale-large-size-women-sexy-lingerie","21":"pa_size-wholesale-medium-size-women-sexy-lingerie","22":"pa_size-wholesale-small-size-sexy-lingerie","24":"first","25":"instock","26":"taxable","27":"shipping-taxable","28":"purchasable","29":"product-type-variable"},"tiered_pricing_type":"fixed","tiered_pricing_fixed_rules":[],"tiered_pricing_product_settings":{"layout":"table","base_unit_name":{"singular":null,"plural":null},"default_variation":{}},"tiered_pricing_minimum_quantity":null,"tiered_pricing_roles_data":{"default_wholesaler":{"product_id":42074,"role":"default_wholesaler","pricing_type":"flat","regular_price":null,"sale_price":null,"discount":null,"discount_type":"sale_price","tiered_pricing_type":"fixed","percentage_rules":[],"fixed_rules":{"2":"9.39","30":"8.09","500":"7.09"},"minimum":null},"dropshippinger":{"product_id":42074,"role":"dropshippinger","pricing_type":"flat","regular_price":null,"sale_price":null,"discount":null,"discount_type":"sale_price","tiered_pricing_type":"fixed","percentage_rules":[],"fixed_rules":{"1":"11.29","5":"9.39","30":"8.09"},"minimum":null}},"tiered_pricing_percentage_rules":[],"tiered_pricing_maximum_quantity":null,"tiered_pricing_quantity_step":null,"_links":{"self":[{"href":"https:\/\/gretasexylingerie.com\/pt\/wp-json\/wp\/v2\/product\/42074","targetHints":{"allow":["GET"]}}],"collection":[{"href":"https:\/\/gretasexylingerie.com\/pt\/wp-json\/wp\/v2\/product"}],"about":[{"href":"https:\/\/gretasexylingerie.com\/pt\/wp-json\/wp\/v2\/types\/product"}],"wp:featuredmedia":[{"embeddable":true,"href":"https:\/\/gretasexylingerie.com\/pt\/wp-json\/wp\/v2\/media\/42084"}],"wp:attachment":[{"href":"https:\/\/gretasexylingerie.com\/pt\/wp-json\/wp\/v2\/media?parent=42074"}],"wp:term":[{"taxonomy":"product_brand","embeddable":true,"href":"https:\/\/gretasexylingerie.com\/pt\/wp-json\/wp\/v2\/product_brand?post=42074"},{"taxonomy":"product_cat","embeddable":true,"href":"https:\/\/gretasexylingerie.com\/pt\/wp-json\/wp\/v2\/product_cat?post=42074"},{"taxonomy":"product_tag","embeddable":true,"href":"https:\/\/gretasexylingerie.com\/pt\/wp-json\/wp\/v2\/product_tag?post=42074"}],"curies":[{"name":"wp","href":"https:\/\/api.w.org\/{rel}","templated":true}]}}