{"id":42023,"date":"2023-06-13T23:02:49","date_gmt":"2023-06-13T15:02:49","guid":{"rendered":"https:\/\/gretasexylingerie.com\/?post_type=product&#038;p=42023"},"modified":"2024-04-04T00:23:53","modified_gmt":"2024-04-03T16:23:53","slug":"conjunto-de-lingerie-de-renda-de-cilios-roxos-com-liga","status":"publish","type":"product","link":"https:\/\/gretasexylingerie.com\/pt\/products\/purple-eyelash-lace-lingerie-set-with-garter\/","title":{"rendered":"Conjunto de lingerie de renda com c\u00edlios roxos com liga"},"content":{"rendered":"<ol class=\"wp-block-list\">\n<li>Design impressionante: este conjunto de lingerie promete ser uma adi\u00e7\u00e3o de destaque combinando renda transparente com um tom roxo vibrante.<\/li>\n\n\n\n<li>Excel\u00eancia no detalhamento: o detalhe em renda de c\u00edlios garante sofistica\u00e7\u00e3o, agregando mais requinte ao conjunto.<\/li>\n\n\n\n<li>Conjunto \u00danico: A liga acompanhante real\u00e7a a singularidade do conjunto, apelando para aqueles que procuram pe\u00e7as de lingerie diferenciadas.<\/li>\n\n\n\n<li>Alinhado \u00e0s tend\u00eancias: o design se alinha \u00e0s tend\u00eancias da moda contempor\u00e2nea, tornando-o um potencial favorito entre os indiv\u00edduos da moda.<\/li>\n\n\n\n<li>Qualidade e Conforto: Materiais e artesanato de alta qualidade prometem um ajuste confort\u00e1vel, garantindo a satisfa\u00e7\u00e3o do usu\u00e1rio.<\/li>\n<\/ol>\n\n\n\n<p>Em conclus\u00e3o, o Conjunto de Lingerie Lace C\u00edlios Roxo, com seu design detalhado e liga elegante, \u00e9 uma obra-prima que equilibra tend\u00eancia com qualidade e conforto. Este conjunto extraordin\u00e1rio est\u00e1 preparado para atender \u00e0s necessidades e superar as expectativas de qualquer conhecedor de lingerie, oferecendo apelo visual e satisfa\u00e7\u00e3o ao usu\u00e1rio.<\/p>\n\n\n\n<figure class=\"wp-block-table is-style-stripes\"><table class=\"has-fixed-layout\"><tbody><tr><td colspan=\"5\">Gr\u00e1fico do local (CM)<\/td><\/tr><tr><td>Tamanho<\/td><td>Busto<\/td><td>Comprimento<\/td><td>Cintura<\/td><td>linha da cintura<\/td><\/tr><tr><td>S<\/td><td>70-88<\/td><td>13<\/td><td>62<\/td><td>65<\/td><\/tr><tr><td>M<\/td><td>74-92<\/td><td>13.5<\/td><td>66<\/td><td>69<\/td><\/tr><tr><td>eu<\/td><td>78-96<\/td><td>14<\/td><td>70<\/td><td>73<\/td><\/tr><tr><td colspan=\"5\">Gr\u00e1fico do Local (POLEGADAS)<\/td><\/tr><tr><td>Tamanho<\/td><td>Comprimento<\/td><td>Busto superior<\/td><td>Cintura<\/td><td>linha da cintura<\/td><\/tr><tr><td>S<\/td><td>27.56-34.65<\/td><td>5.12<\/td><td>24.41<\/td><td>25.59<\/td><\/tr><tr><td>M<\/td><td>29.13-36.22<\/td><td>5.31<\/td><td>25.98<\/td><td>27.17<\/td><\/tr><tr><td>eu<\/td><td>30.71-37.80<\/td><td>5.51<\/td><td>27.56<\/td><td>28.74<\/td><\/tr><\/tbody><\/table><\/figure>","protected":false},"excerpt":{"rendered":"<p>Descubra o charme do nosso Conjunto de Lingerie Lace C\u00edlios Roxo, completo com uma elegante liga. Elaborado com rendas intrincadas e transparentes, o conjunto irradia eleg\u00e2ncia e fasc\u00ednio. A impressionante cor roxa adiciona um toque distinto, criando um conjunto luxuoso.<\/p>\n<p><iframe title=\"Conjunto de lingerie de renda com c\u00edlios roxos com liga\" src=\"https:\/\/www.youtube.com\/embed\/HB6cl3kIb9E\" width=\"840\" height=\"630\" frameborder=\"0\" allowfullscreen=\"allowfullscreen\"><\/iframe><\/p>","protected":false},"featured_media":42033,"template":"","meta":[],"product_brand":[],"product_cat":[368,369,367],"product_tag":[507,452,448,516,446],"class_list":{"0":"post-42023","1":"product","2":"type-product","3":"status-publish","4":"has-post-thumbnail","6":"product_cat-bra-panty-set","7":"product_cat-wholesale-lace-bra-and-panty-sets","8":"product_cat-sexy-lingerie","9":"product_tag-three-pcs-set","10":"product_tag-wholesale-boudoir-lingerie","11":"product_tag-wholesale-elegant-sexy-lingerie","12":"product_tag-lace-lingerie","13":"product_tag-wholesale-sexy-see-through-lingerie","14":"pa_color-purple-women-sexy-lingerie","15":"pa_size-wholesale-large-size-women-sexy-lingerie","16":"pa_size-wholesale-medium-size-women-sexy-lingerie","17":"pa_size-wholesale-small-size-sexy-lingerie","19":"first","20":"instock","21":"taxable","22":"shipping-taxable","23":"purchasable","24":"product-type-variable"},"tiered_pricing_type":"fixed","tiered_pricing_fixed_rules":[],"tiered_pricing_product_settings":{"layout":"table","base_unit_name":{"singular":null,"plural":null},"default_variation":{}},"tiered_pricing_minimum_quantity":null,"tiered_pricing_roles_data":{"default_wholesaler":{"product_id":42023,"role":"default_wholesaler","pricing_type":"flat","regular_price":null,"sale_price":null,"discount":null,"discount_type":"sale_price","tiered_pricing_type":"fixed","percentage_rules":[],"fixed_rules":{"2":"7.59","30":"6.49","500":"5.69"},"minimum":null},"dropshippinger":{"product_id":42023,"role":"dropshippinger","pricing_type":"flat","regular_price":null,"sale_price":null,"discount":null,"discount_type":"sale_price","tiered_pricing_type":"fixed","percentage_rules":[],"fixed_rules":{"1":"9.09","5":"7.59","30":"6.49"},"minimum":null}},"tiered_pricing_percentage_rules":[],"tiered_pricing_maximum_quantity":null,"tiered_pricing_quantity_step":null,"_links":{"self":[{"href":"https:\/\/gretasexylingerie.com\/pt\/wp-json\/wp\/v2\/product\/42023","targetHints":{"allow":["GET"]}}],"collection":[{"href":"https:\/\/gretasexylingerie.com\/pt\/wp-json\/wp\/v2\/product"}],"about":[{"href":"https:\/\/gretasexylingerie.com\/pt\/wp-json\/wp\/v2\/types\/product"}],"wp:featuredmedia":[{"embeddable":true,"href":"https:\/\/gretasexylingerie.com\/pt\/wp-json\/wp\/v2\/media\/42033"}],"wp:attachment":[{"href":"https:\/\/gretasexylingerie.com\/pt\/wp-json\/wp\/v2\/media?parent=42023"}],"wp:term":[{"taxonomy":"product_brand","embeddable":true,"href":"https:\/\/gretasexylingerie.com\/pt\/wp-json\/wp\/v2\/product_brand?post=42023"},{"taxonomy":"product_cat","embeddable":true,"href":"https:\/\/gretasexylingerie.com\/pt\/wp-json\/wp\/v2\/product_cat?post=42023"},{"taxonomy":"product_tag","embeddable":true,"href":"https:\/\/gretasexylingerie.com\/pt\/wp-json\/wp\/v2\/product_tag?post=42023"}],"curies":[{"name":"wp","href":"https:\/\/api.w.org\/{rel}","templated":true}]}}