{"id":41984,"date":"2023-06-12T23:59:02","date_gmt":"2023-06-12T15:59:02","guid":{"rendered":"https:\/\/gretasexylingerie.com\/?post_type=product&#038;p=41984"},"modified":"2023-09-05T20:52:12","modified_gmt":"2023-09-05T12:52:12","slug":"conjunto-bustie-de-malha-tentacao-da-meia-noite","status":"publish","type":"product","link":"https:\/\/gretasexylingerie.com\/pt\/products\/midnight-temptation-mesh-bustier-set\/","title":{"rendered":"Conjunto busti\u00ea de malha Midnight Temptation"},"content":{"rendered":"<ol class=\"wp-block-list\">\n<li>Eleg\u00e2ncia sensual: o conjunto bustier de malha Midnight Temptation exala eleg\u00e2ncia sensual, combinando malha preta delicada com elementos de design provocantes para um fasc\u00ednio cativante.<\/li>\n\n\n\n<li>Busto aprimorado: o busto push-up, acentuado por um anel de a\u00e7o hipnotizante, cria uma silhueta elevada e aprimorada, aumentando a confian\u00e7a e deixando uma impress\u00e3o duradoura.<\/li>\n\n\n\n<li>Conforto irresist\u00edvel: Nosso conjunto prioriza estilo e conforto, com materiais macios que proporcionam um ajuste confort\u00e1vel e permitem o uso sem esfor\u00e7o durante o dia ou a noite.<\/li>\n\n\n\n<li>Sedu\u00e7\u00e3o vers\u00e1til: De encontros \u00edntimos a ocasi\u00f5es especiais, este conjunto corpete permite que seus clientes abracem sua sensualidade e expressem seu fasc\u00ednio \u00fanico com charme irresist\u00edvel.<\/li>\n\n\n\n<li>Qualidade intransigente: como um fornecedor confi\u00e1vel, nos orgulhamos de oferecer qualidade premium. O Midnight Temptation Mesh Bustier Set apresenta artesanato excepcional e aten\u00e7\u00e3o aos detalhes, garantindo a satisfa\u00e7\u00e3o do cliente.<\/li>\n<\/ol>\n\n\n\n<p>Delicie-se com o fasc\u00ednio do nosso conjunto Bustier de malha Midnight Temptation. Com sua eleg\u00e2ncia sensual, busto real\u00e7ado, conforto irresist\u00edvel, sedu\u00e7\u00e3o vers\u00e1til e qualidade intransigente, ela incorpora a ess\u00eancia da lingerie cativante. Atraia clientes exigentes e eleve o seu neg\u00f3cio de lingerie com esta requintada adi\u00e7\u00e3o \u00e0 sua cole\u00e7\u00e3o.<\/p>\n\n\n\n<figure class=\"wp-block-table is-style-stripes\"><table><tbody><tr><td>YMX-Z2979A<\/td><td><\/td><td><\/td><td><\/td><td><\/td><\/tr><tr><td colspan=\"5\">Gr\u00e1fico do local (CM)<\/td><\/tr><tr><td>Tamanho<\/td><td>Comprimento<\/td><td>Busto superior<\/td><td>Busto Inferior<\/td><td>Cintura<\/td><\/tr><tr><td>S<\/td><td>37<\/td><td>68-88<\/td><td>64-88<\/td><td>68-96<\/td><\/tr><tr><td>M<\/td><td>38<\/td><td>72-92<\/td><td>68-92<\/td><td>72-100<\/td><\/tr><tr><td>eu<\/td><td>39<\/td><td>76-96<\/td><td>72-96<\/td><td>76-104<\/td><\/tr><tr><td colspan=\"5\">Gr\u00e1fico do Local (POLEGADAS)<\/td><\/tr><tr><td>Tamanho<\/td><td>Comprimento frontal<\/td><td>Pesco\u00e7o<\/td><td>Abaixo do busto<\/td><td>Cintura<\/td><\/tr><tr><td>S<\/td><td>14.57<\/td><td>26.77-34.65<\/td><td>25.20-34.65<\/td><td>26.77-37.80<\/td><\/tr><tr><td>M<\/td><td>14.96<\/td><td>28.35-36.22<\/td><td>26.77-36.22<\/td><td>28.35-39.37<\/td><\/tr><tr><td>eu<\/td><td>15.35<\/td><td>29.92-37.80<\/td><td>28.35-37.80<\/td><td>29.92-40.94<\/td><\/tr><\/tbody><\/table><\/figure>","protected":false},"excerpt":{"rendered":"<p>Acenda o desejo e cative seu p\u00fablico com nosso conjunto Bustier Midnight Temptation Mesh. Feito com uma malha preta sedutora, este conjunto apresenta um busto push-up real\u00e7ado por um anel de a\u00e7o tentador. Projetado para atrair seus clientes, \u00e9 o complemento perfeito para sua cole\u00e7\u00e3o de lingerie requintada.<\/p>","protected":false},"featured_media":42004,"template":"","meta":[],"product_brand":[],"product_cat":[387,374,390,367],"product_tag":[861,448,880],"class_list":{"0":"post-41984","1":"product","2":"type-product","3":"status-publish","4":"has-post-thumbnail","6":"product_cat-wholesale-bustier-bra-set","7":"product_cat-wholesale-garter-belt-set","8":"product_cat-wholesale-mesh-bustier","9":"product_cat-sexy-lingerie","10":"product_tag-brunette-lingerie","11":"product_tag-wholesale-elegant-sexy-lingerie","12":"product_tag-sexy-2-piece-lingerie","13":"pa_color-black","14":"pa_color-blue-women-sexy-lingerie","15":"pa_color-orange","16":"pa_color-pink-women-sexy-lingerie","17":"pa_size-wholesale-large-size-women-sexy-lingerie","18":"pa_size-wholesale-medium-size-women-sexy-lingerie","19":"pa_size-wholesale-small-size-sexy-lingerie","21":"first","22":"instock","23":"taxable","24":"shipping-taxable","25":"purchasable","26":"product-type-variable"},"tiered_pricing_type":"fixed","tiered_pricing_fixed_rules":[],"tiered_pricing_product_settings":{"layout":"default","base_unit_name":{"singular":null,"plural":null},"default_variation":null},"tiered_pricing_minimum_quantity":null,"tiered_pricing_roles_data":{"default_wholesaler":{"product_id":41984,"role":"default_wholesaler","pricing_type":"flat","regular_price":null,"sale_price":null,"discount":null,"discount_type":"sale_price","tiered_pricing_type":"fixed","percentage_rules":[],"fixed_rules":{"2":"5.29","30":"4.49","500":"3.99"},"minimum":null},"dropshippinger":{"product_id":41984,"role":"dropshippinger","pricing_type":"flat","regular_price":null,"sale_price":null,"discount":null,"discount_type":"sale_price","tiered_pricing_type":"fixed","percentage_rules":[],"fixed_rules":{"1":"6.29","5":"5.29","30":"4.49"},"minimum":null}},"tiered_pricing_percentage_rules":[],"tiered_pricing_maximum_quantity":null,"tiered_pricing_quantity_step":null,"_links":{"self":[{"href":"https:\/\/gretasexylingerie.com\/pt\/wp-json\/wp\/v2\/product\/41984","targetHints":{"allow":["GET"]}}],"collection":[{"href":"https:\/\/gretasexylingerie.com\/pt\/wp-json\/wp\/v2\/product"}],"about":[{"href":"https:\/\/gretasexylingerie.com\/pt\/wp-json\/wp\/v2\/types\/product"}],"wp:featuredmedia":[{"embeddable":true,"href":"https:\/\/gretasexylingerie.com\/pt\/wp-json\/wp\/v2\/media\/42004"}],"wp:attachment":[{"href":"https:\/\/gretasexylingerie.com\/pt\/wp-json\/wp\/v2\/media?parent=41984"}],"wp:term":[{"taxonomy":"product_brand","embeddable":true,"href":"https:\/\/gretasexylingerie.com\/pt\/wp-json\/wp\/v2\/product_brand?post=41984"},{"taxonomy":"product_cat","embeddable":true,"href":"https:\/\/gretasexylingerie.com\/pt\/wp-json\/wp\/v2\/product_cat?post=41984"},{"taxonomy":"product_tag","embeddable":true,"href":"https:\/\/gretasexylingerie.com\/pt\/wp-json\/wp\/v2\/product_tag?post=41984"}],"curies":[{"name":"wp","href":"https:\/\/api.w.org\/{rel}","templated":true}]}}