{"id":41891,"date":"2023-06-12T22:56:10","date_gmt":"2023-06-12T14:56:10","guid":{"rendered":"https:\/\/gretasexylingerie.com\/?post_type=product&#038;p=41891"},"modified":"2024-04-03T23:15:46","modified_gmt":"2024-04-03T15:15:46","slug":"conjunto-de-calcinha-e-sutia-de-malha-encantador-com-liga","status":"publish","type":"product","link":"https:\/\/gretasexylingerie.com\/pt\/products\/enchanting-mesh-love-bra-panty-set-with-garter\/","title":{"rendered":"Conjunto de suti\u00e3 e calcinha Love de malha encantadora com liga"},"content":{"rendered":"<ol class=\"wp-block-list\">\n<li>Del\u00edcia de malha sedutora: o material de malha provoca os sentidos, revelando apenas o suficiente para seduzir e excitar.<\/li>\n\n\n\n<li>Bordado de amor intrincado: o bordado delicado com um padr\u00e3o inspirado no amor adiciona um toque de eleg\u00e2ncia e romance, aumentando o fasc\u00ednio geral do conjunto.<\/li>\n\n\n\n<li>Ajuste perfeito, confian\u00e7a irresist\u00edvel: com tr\u00eas tamanhos (S, M, L) para escolher, este conjunto oferece um ajuste confort\u00e1vel e lisonjeiro, permitindo que seus clientes abracem seus corpos com confian\u00e7a.<\/li>\n\n\n\n<li>Sele\u00e7\u00e3o de cores cativantes: escolha entre o fasc\u00ednio atemporal do preto ou o charme divertido do rosa, oferecendo op\u00e7\u00f5es que atendem a diferentes gostos e prefer\u00eancias.<\/li>\n\n\n\n<li>Complete o visual sensual: a liga inclu\u00edda adiciona um toque de sofistica\u00e7\u00e3o sedutora, permitindo que seus clientes criem um conjunto atraente que exala confian\u00e7a e fasc\u00ednio.<\/li>\n<\/ol>\n\n\n\n<p>Eleve suas ofertas de lingerie com nosso conjunto encantador de suti\u00e3 e calcinha Love Mesh com liga. Projetado para cativar e seduzir, este conjunto apresenta malha sexy, bordados intrincados inspirados no amor, um ajuste perfeito para confian\u00e7a, op\u00e7\u00f5es de cores cativantes e o fasc\u00ednio adicional de uma liga. Este irresist\u00edvel conjunto de lingerie permite que suas clientes experimentem o encantamento e destravem seus desejos.<\/p>\n\n\n\n<figure class=\"wp-block-table is-style-stripes\"><table><tbody><tr><td colspan=\"5\">Gr\u00e1fico do local (CM)<\/td><td><\/td><\/tr><tr><td>Tamanho<\/td><td>Comprimento<\/td><td>Busto superior<\/td><td>Busto Inferior<\/td><td>Cintura<\/td><td>linha da cintura<\/td><\/tr><tr><td>S<\/td><td>19<\/td><td>68-88<\/td><td>64<\/td><td>65<\/td><td>66<\/td><\/tr><tr><td>M<\/td><td>20<\/td><td>72-92<\/td><td>68<\/td><td>69<\/td><td>70<\/td><\/tr><tr><td>eu<\/td><td>21<\/td><td>76-96<\/td><td>72<\/td><td>73<\/td><td>74<\/td><\/tr><tr><td colspan=\"5\">Gr\u00e1fico do Local (POLEGADAS)<\/td><td><\/td><\/tr><tr><td>Tamanho<\/td><td>Comprimento<\/td><td>Busto superior<\/td><td>Busto Inferior<\/td><td>Cintura<\/td><td>linha da cintura<\/td><\/tr><tr><td>S<\/td><td>7.48<\/td><td>26.77-34.65<\/td><td>25.2<\/td><td>25.59<\/td><td>25.98<\/td><\/tr><tr><td>M<\/td><td>7.87<\/td><td>28.35-36.22<\/td><td>26.77<\/td><td>27.17<\/td><td>27.56<\/td><\/tr><tr><td>eu<\/td><td>8.27<\/td><td>29.92-37.80<\/td><td>28.35<\/td><td>28.74<\/td><td>29.13<\/td><\/tr><\/tbody><\/table><\/figure>","protected":false},"excerpt":{"rendered":"<p>Delicie-se com o encanto do nosso encantador conjunto de suti\u00e3 e calcinha de malha Love com liga. Feito com material de malha requintado, este conjunto apresenta bordados intrincados com um padr\u00e3o inspirado no amor. Este conjunto foi projetado para despertar a paix\u00e3o e criar uma experi\u00eancia encantadora para seus clientes.<\/p>\n<p>https:\/\/youtu.be\/4Vl_EAK_UIs<\/p>","protected":false},"featured_media":41910,"template":"","meta":[],"product_brand":[],"product_cat":[368,369,367,375],"product_tag":[507,861,448,454,522,516,518,865],"class_list":{"0":"post-41891","1":"product","2":"type-product","3":"status-publish","4":"has-post-thumbnail","6":"product_cat-bra-panty-set","7":"product_cat-wholesale-lace-bra-and-panty-sets","8":"product_cat-sexy-lingerie","9":"product_cat-whoelsale-sheer-bra-and-panty-sets","10":"product_tag-three-pcs-set","11":"product_tag-brunette-lingerie","12":"product_tag-wholesale-elegant-sexy-lingerie","13":"product_tag-wholesale-sexy-embroidered-lingerie","14":"product_tag-eyelash-lingerie","15":"product_tag-lace-lingerie","16":"product_tag-mesh-lingerie","17":"product_tag-sexy-skimpy-lingerie","18":"pa_color-black","19":"pa_color-pink-women-sexy-lingerie","20":"pa_color-red-women-sexy-lingerie","21":"pa_size-wholesale-large-size-women-sexy-lingerie","22":"pa_size-wholesale-medium-size-women-sexy-lingerie","23":"pa_size-wholesale-small-size-sexy-lingerie","25":"first","26":"instock","27":"taxable","28":"shipping-taxable","29":"purchasable","30":"product-type-variable"},"tiered_pricing_type":"fixed","tiered_pricing_fixed_rules":[],"tiered_pricing_product_settings":{"layout":"table","base_unit_name":{"singular":null,"plural":null},"default_variation":{}},"tiered_pricing_minimum_quantity":null,"tiered_pricing_roles_data":{"default_wholesaler":{"product_id":41891,"role":"default_wholesaler","pricing_type":"flat","regular_price":null,"sale_price":null,"discount":null,"discount_type":"sale_price","tiered_pricing_type":"fixed","percentage_rules":[],"fixed_rules":{"2":"9.39","30":"8.09","500":"7.09"},"minimum":null},"dropshippinger":{"product_id":41891,"role":"dropshippinger","pricing_type":"flat","regular_price":null,"sale_price":null,"discount":null,"discount_type":"sale_price","tiered_pricing_type":"fixed","percentage_rules":[],"fixed_rules":{"1":"11.29","5":"9.39","30":"8.09"},"minimum":null}},"tiered_pricing_percentage_rules":[],"tiered_pricing_maximum_quantity":null,"tiered_pricing_quantity_step":null,"_links":{"self":[{"href":"https:\/\/gretasexylingerie.com\/pt\/wp-json\/wp\/v2\/product\/41891","targetHints":{"allow":["GET"]}}],"collection":[{"href":"https:\/\/gretasexylingerie.com\/pt\/wp-json\/wp\/v2\/product"}],"about":[{"href":"https:\/\/gretasexylingerie.com\/pt\/wp-json\/wp\/v2\/types\/product"}],"wp:featuredmedia":[{"embeddable":true,"href":"https:\/\/gretasexylingerie.com\/pt\/wp-json\/wp\/v2\/media\/41910"}],"wp:attachment":[{"href":"https:\/\/gretasexylingerie.com\/pt\/wp-json\/wp\/v2\/media?parent=41891"}],"wp:term":[{"taxonomy":"product_brand","embeddable":true,"href":"https:\/\/gretasexylingerie.com\/pt\/wp-json\/wp\/v2\/product_brand?post=41891"},{"taxonomy":"product_cat","embeddable":true,"href":"https:\/\/gretasexylingerie.com\/pt\/wp-json\/wp\/v2\/product_cat?post=41891"},{"taxonomy":"product_tag","embeddable":true,"href":"https:\/\/gretasexylingerie.com\/pt\/wp-json\/wp\/v2\/product_tag?post=41891"}],"curies":[{"name":"wp","href":"https:\/\/api.w.org\/{rel}","templated":true}]}}