{"id":39872,"date":"2023-04-25T22:04:47","date_gmt":"2023-04-25T14:04:47","guid":{"rendered":"https:\/\/gretasexylingerie.com\/?post_type=product&#038;p=39872"},"modified":"2023-12-09T00:48:35","modified_gmt":"2023-12-08T16:48:35","slug":"macacao-provocante-paixao-arrastao","status":"publish","type":"product","link":"https:\/\/gretasexylingerie.com\/pt\/products\/provocative-fishnet-passion-jumpsuit\/","title":{"rendered":"Macac\u00e3o Provocante Fishnet Passion"},"content":{"rendered":"<ul class=\"wp-block-list\">\n<li>Sedutor e sedutor: o macac\u00e3o Provocative Fishnet Passion \u00e9 o complemento perfeito para o seu invent\u00e1rio de lingerie. O material arrast\u00e3o e o design oco criam um visual provocante e tentador que far\u00e1 qualquer mulher se sentir confiante e irresist\u00edvel.<\/li>\n\n\n\n<li>Confort\u00e1vel e elegante: Feito com materiais de alta qualidade, este macac\u00e3o \u00e9 confort\u00e1vel e respir\u00e1vel, garantindo que seus clientes possam us\u00e1-lo por longos per\u00edodos sem irrita\u00e7\u00e3o ou desconforto.<\/li>\n\n\n\n<li>Vers\u00e1til e rent\u00e1vel: O Provocative Fishnet Passion Jumpsuit \u00e9 uma pe\u00e7a vers\u00e1til que pode ser estilizada de v\u00e1rias maneiras diferentes, tornando-se uma adi\u00e7\u00e3o lucrativa \u00e0 sua cole\u00e7\u00e3o de lingerie. Com suporte de atacado misto e sem requisitos m\u00ednimos de quantidade de pedido, voc\u00ea pode solicitar exatamente o que precisa para atender \u00e0s demandas de seus clientes.<\/li>\n\n\n\n<li>Ajuste Perfeito: Com seu design el\u00e1stico e ajustado, este macac\u00e3o foi projetado para se ajustar perfeitamente ao corpo de seus clientes, acentuando suas curvas e real\u00e7ando sua beleza natural. Dispon\u00edvel em uma variedade de tamanhos, voc\u00ea pode encontrar o ajuste perfeito para qualquer tipo de corpo.<\/li>\n\n\n\n<li>Acess\u00edvel e de alta qualidade: o macac\u00e3o Provocative Fishnet Passion \u00e9 uma pe\u00e7a acess\u00edvel e de alta qualidade feita para durar. Feito com materiais dur\u00e1veis e trabalhado com cuidado, este macac\u00e3o \u00e9 um \u00f3timo investimento em seu estoque de lingerie que valer\u00e1 a pena a longo prazo. Entre em contato conosco hoje para saber mais sobre nossas oportunidades de parceria.<\/li>\n<\/ul>\n\n\n\n<p><\/p>","protected":false},"excerpt":{"rendered":"<p>Sinta-se confiante e atraente em nosso macac\u00e3o Provocative Fishnet Passion. Este macac\u00e3o sexy e provocante apresenta um design oco com um material arrast\u00e3o que certamente ser\u00e1 tentador e provocador.<\/p>","protected":false},"featured_media":39875,"template":"","meta":[],"product_brand":[],"product_cat":[405,404],"product_tag":[861,541,973,446,453,865,504],"class_list":{"0":"post-39872","1":"product","2":"type-product","3":"status-publish","4":"has-post-thumbnail","6":"product_cat-wholesale-bodystocking","7":"product_cat-sexy-stocking","8":"product_tag-brunette-lingerie","9":"product_tag-fishnet-lingerie","10":"product_tag-oem","11":"product_tag-wholesale-sexy-see-through-lingerie","12":"product_tag-wholesale-sexy-naughty-lingerie","13":"product_tag-sexy-skimpy-lingerie","14":"product_tag-ultra-sexy","15":"pa_color-black","16":"pa_size-free","18":"first","19":"outofstock","20":"taxable","21":"shipping-taxable","22":"purchasable","23":"product-type-variable"},"tiered_pricing_type":"fixed","tiered_pricing_fixed_rules":[],"tiered_pricing_product_settings":{"layout":"default","base_unit_name":{"singular":null,"plural":null},"default_variation":{}},"tiered_pricing_minimum_quantity":null,"tiered_pricing_roles_data":{"default_wholesaler":{"product_id":39872,"role":"default_wholesaler","pricing_type":"flat","regular_price":null,"sale_price":null,"discount":null,"discount_type":"sale_price","tiered_pricing_type":"fixed","percentage_rules":[],"fixed_rules":{"2":"2.49","30":"2.09","500":"1.59"},"minimum":null},"dropshippinger":{"product_id":39872,"role":"dropshippinger","pricing_type":"flat","regular_price":null,"sale_price":null,"discount":null,"discount_type":"sale_price","tiered_pricing_type":"fixed","percentage_rules":[],"fixed_rules":{"1":"3.09","5":"2.49","30":"1.79"},"minimum":null}},"tiered_pricing_percentage_rules":[],"tiered_pricing_maximum_quantity":null,"tiered_pricing_quantity_step":null,"_links":{"self":[{"href":"https:\/\/gretasexylingerie.com\/pt\/wp-json\/wp\/v2\/product\/39872","targetHints":{"allow":["GET"]}}],"collection":[{"href":"https:\/\/gretasexylingerie.com\/pt\/wp-json\/wp\/v2\/product"}],"about":[{"href":"https:\/\/gretasexylingerie.com\/pt\/wp-json\/wp\/v2\/types\/product"}],"wp:featuredmedia":[{"embeddable":true,"href":"https:\/\/gretasexylingerie.com\/pt\/wp-json\/wp\/v2\/media\/39875"}],"wp:attachment":[{"href":"https:\/\/gretasexylingerie.com\/pt\/wp-json\/wp\/v2\/media?parent=39872"}],"wp:term":[{"taxonomy":"product_brand","embeddable":true,"href":"https:\/\/gretasexylingerie.com\/pt\/wp-json\/wp\/v2\/product_brand?post=39872"},{"taxonomy":"product_cat","embeddable":true,"href":"https:\/\/gretasexylingerie.com\/pt\/wp-json\/wp\/v2\/product_cat?post=39872"},{"taxonomy":"product_tag","embeddable":true,"href":"https:\/\/gretasexylingerie.com\/pt\/wp-json\/wp\/v2\/product_tag?post=39872"}],"curies":[{"name":"wp","href":"https:\/\/api.w.org\/{rel}","templated":true}]}}