{"id":39866,"date":"2023-04-25T21:54:13","date_gmt":"2023-04-25T13:54:13","guid":{"rendered":"https:\/\/gretasexylingerie.com\/?post_type=product&#038;p=39866"},"modified":"2023-09-05T20:51:40","modified_gmt":"2023-09-05T12:51:40","slug":"macacao-de-rede-transparente-com-decote-pendurado","status":"publish","type":"product","link":"https:\/\/gretasexylingerie.com\/pt\/products\/hanging-neck-transparent-net-jumpsuit\/","title":{"rendered":"Macac\u00e3o de rede transparente com gola pendurada"},"content":{"rendered":"<ul class=\"wp-block-list\">\n<li>O design do pesco\u00e7o pendurado deste macac\u00e3o cria um visual tentador e sedutor que \u00e9 perfeito para ocasi\u00f5es especiais ou uma noite com seu parceiro.<\/li>\n\n\n\n<li>Confort\u00e1vel e respir\u00e1vel: o macac\u00e3o de rede transparente com pesco\u00e7o pendurado \u00e9 feito com materiais de alta qualidade que s\u00e3o confort\u00e1veis e respir\u00e1veis, permitindo que voc\u00ea o use durante todo o dia ou noite sem se sentir restrito ou desconfort\u00e1vel. O material da rede transparente \u00e9 macio e suave para a pele, garantindo um uso confort\u00e1vel e agrad\u00e1vel sempre.<\/li>\n\n\n\n<li>Vers\u00e1til e elegante: o design de uma pe\u00e7a e o pesco\u00e7o pendurado tornam este macac\u00e3o vers\u00e1til e estilizado de v\u00e1rias maneiras diferentes. \u00c9 perfeito para adicionar um toque de sensualidade \u00e0 sua cole\u00e7\u00e3o de lingerie ou usar como um look ousado para sair \u00e0 noite.<\/li>\n\n\n\n<li>Ajuste Perfeito: Com seu design flex\u00edvel e ajustado ao corpo, o macac\u00e3o se ajusta ao seu corpo como uma luva, acentuando suas curvas e real\u00e7ando sua beleza natural.<\/li>\n\n\n\n<li>Acess\u00edvel e de alta qualidade: o macac\u00e3o de rede transparente com pesco\u00e7o pendurado \u00e9 uma pe\u00e7a barata e de alta qualidade feita para durar. Feito com materiais dur\u00e1veis e trabalhado com cuidado, este macac\u00e3o \u00e9 um \u00f3timo investimento em seu estoque de lingerie que valer\u00e1 a pena a longo prazo. Com suporte de atacado misto e sem requisitos m\u00ednimos de quantidade de pedido, voc\u00ea pode solicitar exatamente o que precisa para atender \u00e0s demandas de seus clientes.<\/li>\n<\/ul>\n\n\n\n<p><\/p>","protected":false},"excerpt":{"rendered":"<p>Delicie-se com o design sedutor e atraente do nosso macac\u00e3o de rede transparente com gola pendurada. Este macac\u00e3o de uma pe\u00e7a apresenta um tentador material de rede transparente que \u00e9 confort\u00e1vel e respir\u00e1vel.<\/p>","protected":false},"featured_media":39868,"template":"","meta":[],"product_brand":[],"product_cat":[405,404,410],"product_tag":[532,446,453,864,504],"class_list":{"0":"post-39866","1":"product","2":"type-product","3":"status-publish","4":"has-post-thumbnail","6":"product_cat-wholesale-bodystocking","7":"product_cat-sexy-stocking","8":"product_cat-wholesale-suspender-bodystocking","9":"product_tag-lingerie-suspender-set","10":"product_tag-wholesale-sexy-see-through-lingerie","11":"product_tag-wholesale-sexy-naughty-lingerie","12":"product_tag-sexy-petite-lingerie","13":"product_tag-ultra-sexy","14":"pa_color-bisque-women-sexy-lingerie","15":"pa_size-free","17":"first","18":"instock","19":"taxable","20":"shipping-taxable","21":"purchasable","22":"product-type-variable"},"tiered_pricing_type":"fixed","tiered_pricing_fixed_rules":[],"tiered_pricing_product_settings":{"layout":"default","base_unit_name":{"singular":null,"plural":null},"default_variation":null},"tiered_pricing_minimum_quantity":null,"tiered_pricing_roles_data":{"default_wholesaler":{"product_id":39866,"role":"default_wholesaler","pricing_type":"flat","regular_price":null,"sale_price":null,"discount":null,"discount_type":"sale_price","tiered_pricing_type":"fixed","percentage_rules":[],"fixed_rules":{"2":"2.49","30":"2.09","500":"1.59"},"minimum":null},"dropshippinger":{"product_id":39866,"role":"dropshippinger","pricing_type":"flat","regular_price":null,"sale_price":null,"discount":null,"discount_type":"sale_price","tiered_pricing_type":"fixed","percentage_rules":[],"fixed_rules":{"1":"3.09","5":"2.49","30":"1.79"},"minimum":null}},"tiered_pricing_percentage_rules":[],"tiered_pricing_maximum_quantity":null,"tiered_pricing_quantity_step":null,"_links":{"self":[{"href":"https:\/\/gretasexylingerie.com\/pt\/wp-json\/wp\/v2\/product\/39866","targetHints":{"allow":["GET"]}}],"collection":[{"href":"https:\/\/gretasexylingerie.com\/pt\/wp-json\/wp\/v2\/product"}],"about":[{"href":"https:\/\/gretasexylingerie.com\/pt\/wp-json\/wp\/v2\/types\/product"}],"wp:featuredmedia":[{"embeddable":true,"href":"https:\/\/gretasexylingerie.com\/pt\/wp-json\/wp\/v2\/media\/39868"}],"wp:attachment":[{"href":"https:\/\/gretasexylingerie.com\/pt\/wp-json\/wp\/v2\/media?parent=39866"}],"wp:term":[{"taxonomy":"product_brand","embeddable":true,"href":"https:\/\/gretasexylingerie.com\/pt\/wp-json\/wp\/v2\/product_brand?post=39866"},{"taxonomy":"product_cat","embeddable":true,"href":"https:\/\/gretasexylingerie.com\/pt\/wp-json\/wp\/v2\/product_cat?post=39866"},{"taxonomy":"product_tag","embeddable":true,"href":"https:\/\/gretasexylingerie.com\/pt\/wp-json\/wp\/v2\/product_tag?post=39866"}],"curies":[{"name":"wp","href":"https:\/\/api.w.org\/{rel}","templated":true}]}}