{"id":39781,"date":"2023-04-22T22:42:01","date_gmt":"2023-04-22T14:42:01","guid":{"rendered":"https:\/\/gretasexylingerie.com\/?post_type=product&#038;p=39781"},"modified":"2024-04-04T14:32:45","modified_gmt":"2024-04-04T06:32:45","slug":"conjuntos-de-uma-peca-sexy-com-estampa-de-leopardo","status":"publish","type":"product","link":"https:\/\/gretasexylingerie.com\/pt\/products\/leopard-print-perspective-sexy-one-piece-sets\/","title":{"rendered":"Casa Conjuntos De Suti\u00e3s Sexy De Perspectiva Com Estampa De Leopardo"},"content":{"rendered":"<p>1. Design ousado e sexy: o conjunto de uma pe\u00e7a sexy com perspectiva de estampa de leopardo apresenta um design ousado e sexy que certamente chamar\u00e1 a aten\u00e7\u00e3o. A estampa de leopardo e a malha transparente se combinam para criar um visual ousado e provocante que exala confian\u00e7a e sensualidade.<\/p>\n\n\n\n<p>2. Ajuste confort\u00e1vel e de suporte: feito com materiais de alta qualidade e projetado com o seu conforto em mente, este conjunto oferece um ajuste confort\u00e1vel e de suporte. O aro e as al\u00e7as ajust\u00e1veis no suti\u00e3 fornecem a quantidade perfeita de suporte, enquanto o corte da calcinha \u00e9 lisonjeiro e confort\u00e1vel.<\/p>\n\n\n\n<p>3. Vers\u00e1til: o conjunto de pe\u00e7a \u00fanica sexy com estampa de leopardo \u00e9 vers\u00e1til o suficiente para ser usado em qualquer ocasi\u00e3o, seja para uma ocasi\u00e3o especial ou apenas para se sentir sexy e confiante no dia a dia. O design atemporal significa que ser\u00e1 um item b\u00e1sico em sua cole\u00e7\u00e3o de lingerie nos pr\u00f3ximos anos.<\/p>\n\n\n\n<p>4. Presente perfeito: Este conjunto \u00e9 o presente perfeito para o seu parceiro, seja para uma ocasi\u00e3o especial ou apenas para mostrar o quanto voc\u00ea se importa. O design arrojado e sexy certamente ser\u00e1 apreciado, e o ajuste confort\u00e1vel significa que eles v\u00e3o adorar us\u00e1-lo repetidamente.<\/p>\n\n\n\n<figure class=\"wp-block-table is-style-stripes\"><table><tbody><tr><td colspan=\"4\">Gr\u00e1fico do local (CM)<\/td><td><\/td><td><\/td><\/tr><tr><td>Tamanho<\/td><td>Comprimento<\/td><td>Abaixo do busto<\/td><td>cintura calcinha<\/td><td>Comprimento da calcinha<\/td><td>Cintura<\/td><\/tr><tr><td>S<\/td><td>18<\/td><td>68-86<\/td><td>64-98<\/td><td>20<\/td><td>64-84<\/td><\/tr><tr><td>M<\/td><td>19<\/td><td>72-90<\/td><td>68-102<\/td><td>21<\/td><td>68-88<\/td><\/tr><tr><td>eu<\/td><td>20<\/td><td>76-94<\/td><td>72-106<\/td><td>22<\/td><td>72-92<\/td><\/tr><tr><td colspan=\"4\">Gr\u00e1fico do Local (POLEGADAS)<\/td><td><\/td><td><\/td><\/tr><tr><td>Tamanho<\/td><td>Comprimento<\/td><td>Abaixo do busto<\/td><td>cintura calcinha<\/td><td>Comprimento da calcinha<\/td><td>Cintura<\/td><\/tr><tr><td>S<\/td><td>7.08&nbsp;<\/td><td>26.77-33.85<\/td><td>25.19-38.58<\/td><td>7.87<\/td><td>25.19-33.07<\/td><\/tr><tr><td>M<\/td><td>7.48&nbsp;<\/td><td>28.34-35.43<\/td><td>26.77-40.15<\/td><td>8.26<\/td><td>26.77-34.64<\/td><\/tr><tr><td>eu<\/td><td>7.87&nbsp;<\/td><td>29.92-37<\/td><td>28.34-41.73<\/td><td>8.66<\/td><td>28.34-36.22<\/td><\/tr><tr><td colspan=\"6\">Observa\u00e7\u00e3o:<br>1. Pode haver um desvio de 1 a 2 cm em diferentes tamanhos, locais e elasticidade dos tecidos. A tabela de tamanhos \u00e9 apenas para refer\u00eancia, pode haver uma pequena diferen\u00e7a com o que voc\u00ea recebe.<br>2.Existem 3 tipos de elasticidade: Elasticidade Alta (esticada nos dois lados), Elasticidade M\u00e9dia (esticada em um lado) e N\u00e3o El\u00e1stica (n\u00e3o pode ser esticada).<br>3. A cor pode ser mais clara ou mais escura devido \u00e0s diferentes telas do PC.<br>4. Lave \u00e0 m\u00e3o em \u00e1gua a 30 graus, pendure para secar \u00e0 sombra, pro\u00edba o branqueamento.<br>5. Pode haver uma pequena diferen\u00e7a nos detalhes e no padr\u00e3o.<\/td><\/tr><\/tbody><\/table><\/figure>\n\n\n\n<p><\/p>","protected":false},"excerpt":{"rendered":"<p>Com uma combina\u00e7\u00e3o de estampa de oncinha e mesh transparente, esse conjunto \u00e9 perfeito para mulheres que querem esbanjar confian\u00e7a e sensualidade. O aro do suti\u00e3 e as al\u00e7as ajust\u00e1veis fornecem o suporte perfeito, enquanto o corte da calcinha \u00e9 lisonjeiro e confort\u00e1vel.<\/p>","protected":false},"featured_media":39791,"template":"","meta":[],"product_brand":[],"product_cat":[368,374,367],"product_tag":[868,452,448,453],"class_list":{"0":"post-39781","1":"product","2":"type-product","3":"status-publish","4":"has-post-thumbnail","6":"product_cat-bra-panty-set","7":"product_cat-wholesale-garter-belt-set","8":"product_cat-sexy-lingerie","9":"product_tag-4-piece-lingerie-set","10":"product_tag-wholesale-boudoir-lingerie","11":"product_tag-wholesale-elegant-sexy-lingerie","12":"product_tag-wholesale-sexy-naughty-lingerie","13":"pa_color-leopard","14":"pa_cup-full-cup","15":"pa_size-wholesale-large-size-women-sexy-lingerie","16":"pa_size-wholesale-medium-size-women-sexy-lingerie","17":"pa_size-wholesale-small-size-sexy-lingerie","19":"first","20":"instock","21":"taxable","22":"shipping-taxable","23":"purchasable","24":"product-type-variable"},"tiered_pricing_type":"fixed","tiered_pricing_fixed_rules":[],"tiered_pricing_product_settings":{"layout":"table","base_unit_name":{"singular":null,"plural":null},"default_variation":null},"tiered_pricing_minimum_quantity":null,"tiered_pricing_roles_data":{"default_wholesaler":{"product_id":39781,"role":"default_wholesaler","pricing_type":"flat","regular_price":null,"sale_price":null,"discount":null,"discount_type":"sale_price","tiered_pricing_type":"fixed","percentage_rules":[],"fixed_rules":{"2":"9.69","30":"8.29","500":"7.29"},"minimum":null},"dropshippinger":{"product_id":39781,"role":"dropshippinger","pricing_type":"flat","regular_price":null,"sale_price":null,"discount":null,"discount_type":"sale_price","tiered_pricing_type":"fixed","percentage_rules":[],"fixed_rules":{"1":"11.59","5":"9.69","30":"7.29"},"minimum":null}},"tiered_pricing_percentage_rules":[],"tiered_pricing_maximum_quantity":null,"tiered_pricing_quantity_step":null,"_links":{"self":[{"href":"https:\/\/gretasexylingerie.com\/pt\/wp-json\/wp\/v2\/product\/39781","targetHints":{"allow":["GET"]}}],"collection":[{"href":"https:\/\/gretasexylingerie.com\/pt\/wp-json\/wp\/v2\/product"}],"about":[{"href":"https:\/\/gretasexylingerie.com\/pt\/wp-json\/wp\/v2\/types\/product"}],"wp:featuredmedia":[{"embeddable":true,"href":"https:\/\/gretasexylingerie.com\/pt\/wp-json\/wp\/v2\/media\/39791"}],"wp:attachment":[{"href":"https:\/\/gretasexylingerie.com\/pt\/wp-json\/wp\/v2\/media?parent=39781"}],"wp:term":[{"taxonomy":"product_brand","embeddable":true,"href":"https:\/\/gretasexylingerie.com\/pt\/wp-json\/wp\/v2\/product_brand?post=39781"},{"taxonomy":"product_cat","embeddable":true,"href":"https:\/\/gretasexylingerie.com\/pt\/wp-json\/wp\/v2\/product_cat?post=39781"},{"taxonomy":"product_tag","embeddable":true,"href":"https:\/\/gretasexylingerie.com\/pt\/wp-json\/wp\/v2\/product_tag?post=39781"}],"curies":[{"name":"wp","href":"https:\/\/api.w.org\/{rel}","templated":true}]}}