{"id":39752,"date":"2023-04-22T22:24:57","date_gmt":"2023-04-22T14:24:57","guid":{"rendered":"https:\/\/gretasexylingerie.com\/?post_type=product&#038;p=39752"},"modified":"2024-04-04T16:06:13","modified_gmt":"2024-04-04T08:06:13","slug":"body-tanga-transparente-ajustavel","status":"publish","type":"product","link":"https:\/\/gretasexylingerie.com\/pt\/products\/adjustable-transparent-thongs-bodysuit\/","title":{"rendered":"Bodysuit de tangas transparentes ajust\u00e1veis por atacado"},"content":{"rendered":"<p>1. Design elegante e atraente: o conjunto de cintos de uma pe\u00e7a Allure Lace Mesh \u00e9 feito de renda delicada e malha transparente, criando um design atraente e elegante que \u00e9 perfeito para qualquer ocasi\u00e3o especial.<\/p>\n\n\n\n<p>2. Ajuste confort\u00e1vel e de suporte: o design de uma pe\u00e7a apresenta um corpete de renda confort\u00e1vel e de suporte que \u00e9 projetado para embelezar suas curvas e fornecer um ajuste confort\u00e1vel que voc\u00ea pode usar a noite toda.<\/p>\n\n\n\n<p>3. Vers\u00e1til e funcional: o conjunto inclui uma cinta-liga combinando que \u00e9 funcional e elegante, permitindo que voc\u00ea a use com suas meias favoritas para um visual completo e sexy.<\/p>\n\n\n\n<p>4. Materiais de alta qualidade: Feito de materiais de alta qualidade projetados para durar, este conjunto \u00e9 perfeito para mulheres que desejam investir em lingerie com \u00f3tima apar\u00eancia e sensa\u00e7\u00e3o. Com os devidos cuidados, este conjunto continuar\u00e1 bonito por muitos anos.<\/p>\n\n\n\n<figure class=\"wp-block-table is-style-stripes\"><table><tbody><tr><td colspan=\"4\">Gr\u00e1fico do local (CM)<\/td><td><\/td><td><\/td><\/tr><tr><td>Tamanho<\/td><td>Comprimento<\/td><td>Busto<\/td><td>Cintura<\/td><td>Quadril<\/td><td>Cintura<\/td><\/tr><tr><td>S<\/td><td>52<\/td><td>70-94<\/td><td>62-94<\/td><td>62-94<\/td><td>63-86<\/td><\/tr><tr><td>M<\/td><td>53.5<\/td><td>74-98<\/td><td>66-98<\/td><td>66-98<\/td><td>67-90<\/td><\/tr><tr><td>eu<\/td><td>55<\/td><td>78-102<\/td><td>70-102<\/td><td>70-102<\/td><td>71-94<\/td><\/tr><tr><td colspan=\"4\">Gr\u00e1fico do Local (POLEGADAS)<\/td><td><\/td><td><\/td><\/tr><tr><td>Tamanho<\/td><td>Comprimento<\/td><td>Busto<\/td><td>Cintura<\/td><td>Quadril<\/td><td>Cintura<\/td><\/tr><tr><td>S<\/td><td>20.47&nbsp;<\/td><td>27.55-37<\/td><td>24.40-37<\/td><td>24.40-37<\/td><td>24.80-33.85<\/td><\/tr><tr><td>M<\/td><td>21.06&nbsp;<\/td><td>29.13-38.58<\/td><td>25.98-38.58<\/td><td>25.98-38.58<\/td><td>26.37-35.43<\/td><\/tr><tr><td>eu<\/td><td>21.65&nbsp;<\/td><td>30.70-40.15<\/td><td>27.55-40.15<\/td><td>27.55-40.15<\/td><td>27.95-37<\/td><\/tr><tr><td colspan=\"6\">Observa\u00e7\u00e3o:<br>1. Pode haver um desvio de 1 a 2 cm em diferentes tamanhos, locais e elasticidade dos tecidos. A tabela de tamanhos \u00e9 apenas para refer\u00eancia, pode haver uma pequena diferen\u00e7a com o que voc\u00ea recebe.<br>2.Existem 3 tipos de elasticidade: Elasticidade Alta (esticada nos dois lados), Elasticidade M\u00e9dia (esticada em um lado) e N\u00e3o El\u00e1stica (n\u00e3o pode ser esticada).<br>3. A cor pode ser mais clara ou mais escura devido \u00e0s diferentes telas do PC.<br>4. Lave \u00e0 m\u00e3o em \u00e1gua a 30 graus, pendure para secar \u00e0 sombra, pro\u00edba o branqueamento.<br>5. Pode haver uma pequena diferen\u00e7a nos detalhes e no padr\u00e3o.<\/td><\/tr><\/tbody><\/table><\/figure>\n\n\n\n<p><\/p>","protected":false},"excerpt":{"rendered":"<p>Feito de renda delicada e malha transparente, este conjunto far\u00e1 voc\u00ea se sentir mais confiante e sexy. O design de pe\u00e7a \u00fanica apresenta um lindo corpete de renda e corte lisonjeiro para acentuar suas curvas. Dur\u00e1vel e perfeito para ocasi\u00f5es especiais.<\/p>\n<p>https:\/\/youtu.be\/RqHdd7B2MWg<\/p>","protected":false},"featured_media":39763,"template":"","meta":[],"product_brand":[],"product_cat":[370,367,373],"product_tag":[507,861,528,518,446,453,864,863,447],"class_list":{"0":"post-39752","1":"product","2":"type-product","3":"status-publish","4":"has-post-thumbnail","6":"product_cat-bodysuit","7":"product_cat-sexy-lingerie","8":"product_cat-wholesale-sexy-mesh-bodysuit","9":"product_tag-three-pcs-set","10":"product_tag-brunette-lingerie","11":"product_tag-halter-lingerie","12":"product_tag-mesh-lingerie","13":"product_tag-wholesale-sexy-see-through-lingerie","14":"product_tag-wholesale-sexy-naughty-lingerie","15":"product_tag-sexy-petite-lingerie","16":"product_tag-sexy-thong-lingerie","17":"product_tag-wholesale-strappy-sexy-lingerie","18":"pa_color-black","19":"pa_color-blue-women-sexy-lingerie","20":"pa_color-red-women-sexy-lingerie","21":"pa_cup-wholesale-half-cup-women-sexy-lingerie","22":"pa_size-wholesale-large-size-women-sexy-lingerie","23":"pa_size-wholesale-medium-size-women-sexy-lingerie","24":"pa_size-wholesale-small-size-sexy-lingerie","26":"first","27":"instock","28":"taxable","29":"shipping-taxable","30":"purchasable","31":"product-type-variable"},"tiered_pricing_type":"fixed","tiered_pricing_fixed_rules":[],"tiered_pricing_product_settings":{"layout":"table","base_unit_name":{"singular":null,"plural":null},"default_variation":{}},"tiered_pricing_minimum_quantity":null,"tiered_pricing_roles_data":{"default_wholesaler":{"product_id":39752,"role":"default_wholesaler","pricing_type":"flat","regular_price":null,"sale_price":null,"discount":null,"discount_type":"sale_price","tiered_pricing_type":"fixed","percentage_rules":[],"fixed_rules":{"2":"10.49","30":"8.99","500":"7.89"},"minimum":null},"dropshippinger":{"product_id":39752,"role":"dropshippinger","pricing_type":"flat","regular_price":null,"sale_price":null,"discount":null,"discount_type":"sale_price","tiered_pricing_type":"fixed","percentage_rules":[],"fixed_rules":{"1":"12.49","5":"10.49","30":"7.89"},"minimum":null}},"tiered_pricing_percentage_rules":[],"tiered_pricing_maximum_quantity":null,"tiered_pricing_quantity_step":null,"_links":{"self":[{"href":"https:\/\/gretasexylingerie.com\/pt\/wp-json\/wp\/v2\/product\/39752","targetHints":{"allow":["GET"]}}],"collection":[{"href":"https:\/\/gretasexylingerie.com\/pt\/wp-json\/wp\/v2\/product"}],"about":[{"href":"https:\/\/gretasexylingerie.com\/pt\/wp-json\/wp\/v2\/types\/product"}],"wp:featuredmedia":[{"embeddable":true,"href":"https:\/\/gretasexylingerie.com\/pt\/wp-json\/wp\/v2\/media\/39763"}],"wp:attachment":[{"href":"https:\/\/gretasexylingerie.com\/pt\/wp-json\/wp\/v2\/media?parent=39752"}],"wp:term":[{"taxonomy":"product_brand","embeddable":true,"href":"https:\/\/gretasexylingerie.com\/pt\/wp-json\/wp\/v2\/product_brand?post=39752"},{"taxonomy":"product_cat","embeddable":true,"href":"https:\/\/gretasexylingerie.com\/pt\/wp-json\/wp\/v2\/product_cat?post=39752"},{"taxonomy":"product_tag","embeddable":true,"href":"https:\/\/gretasexylingerie.com\/pt\/wp-json\/wp\/v2\/product_tag?post=39752"}],"curies":[{"name":"wp","href":"https:\/\/api.w.org\/{rel}","templated":true}]}}