{"id":39713,"date":"2023-04-20T21:58:41","date_gmt":"2023-04-20T13:58:41","guid":{"rendered":"https:\/\/gretasexylingerie.com\/?post_type=product&#038;p=39713"},"modified":"2023-10-22T22:38:09","modified_gmt":"2023-10-22T14:38:09","slug":"conjunto-de-cinta-liga-de-tres-pecas-com-perspectiva-de-alca","status":"publish","type":"product","link":"https:\/\/gretasexylingerie.com\/pt\/products\/strap-perspective-three-piece-garter-belt-set\/","title":{"rendered":"Conjunto de cinta-liga de tr\u00eas pe\u00e7as com perspectiva de al\u00e7a"},"content":{"rendered":"<p>1. Design arrojado e ousado: o conjunto de cinta liga de tr\u00eas pe\u00e7as Strap Perspective apresenta um design arrojado e ousado que \u00e9 perfeito para quem quer fazer uma declara\u00e7\u00e3o.<\/p>\n\n\n\n<p>2. Vers\u00e1til: O conjunto inclui suti\u00e3, calcinha e cinta-liga, tornando-o perfeito para ocasi\u00f5es especiais ou para uso di\u00e1rio.<\/p>\n\n\n\n<p>3. Ajuste confort\u00e1vel: O suti\u00e3 e a calcinha s\u00e3o projetados para um ajuste confort\u00e1vel e lisonjeiro, com al\u00e7as ajust\u00e1veis e uma calcinha de cintura alta que abra\u00e7a suas curvas em todos os lugares certos.<\/p>\n\n\n\n<p>4. Materiais de alta qualidade: O conjunto \u00e9 feito de materiais de alta qualidade, macios e respir\u00e1veis, garantindo o m\u00e1ximo conforto e durabilidade.<\/p>\n\n\n\n<figure class=\"wp-block-table is-style-stripes\"><table><tbody><tr><td colspan=\"8\">Gr\u00e1fico do local (CM)<\/td><\/tr><tr><td>Tamanho<\/td><td>Altura do copo<\/td><td>Ombro<\/td><td>Abaixo do busto<\/td><td>Cintura<\/td><td>Circunfer\u00eancia do p\u00e9<\/td><td>cintura calcinha<\/td><td>Comprimento da calcinha<\/td><\/tr><tr><td>S<\/td><td>13<\/td><td>30<\/td><td>60-86<\/td><td>64-98<\/td><td>45<\/td><td>60-98<\/td><td>20<\/td><\/tr><tr><td>M<\/td><td>14<\/td><td>30<\/td><td>64-90<\/td><td>68-102<\/td><td>47<\/td><td>64-102<\/td><td>21<\/td><\/tr><tr><td>eu<\/td><td>15<\/td><td>30<\/td><td>68-94<\/td><td>72-106<\/td><td>49<\/td><td>68-106<\/td><td>22<\/td><\/tr><tr><td colspan=\"8\">Gr\u00e1fico do Local (POLEGADAS)<\/td><\/tr><tr><td>Tamanho<\/td><td>Altura do copo<\/td><td>Ombro<\/td><td>Abaixo do busto<\/td><td>Cintura<\/td><td>Circunfer\u00eancia do p\u00e9<\/td><td>cintura calcinha<\/td><td>Comprimento da calcinha<\/td><\/tr><tr><td>S<\/td><td>5.11&nbsp;<\/td><td>11.81<\/td><td>23.62-33.85<\/td><td>25.19-38.58<\/td><td>17.71&nbsp;<\/td><td>23.62-38.58<\/td><td>7.87&nbsp;<\/td><\/tr><tr><td>M<\/td><td>5.51&nbsp;<\/td><td>11.81<\/td><td>25.19-35.43<\/td><td>26.77-40.15<\/td><td>18.50&nbsp;<\/td><td>25.19-40.15<\/td><td>8.26<\/td><\/tr><tr><td>eu<\/td><td>5.90&nbsp;<\/td><td>11.81<\/td><td>26.77-37<\/td><td>28.34-41.73<\/td><td>19.29&nbsp;<\/td><td>26.77-41.73<\/td><td>8.66&nbsp;<\/td><\/tr><tr><td colspan=\"8\">Observa\u00e7\u00e3o:<br>1. Pode haver um desvio de 1 a 2 cm em diferentes tamanhos, locais e elasticidade dos tecidos. A tabela de tamanhos \u00e9 apenas para refer\u00eancia, pode haver uma pequena diferen\u00e7a com o que voc\u00ea recebe.<br>2.Existem 3 tipos de elasticidade: Elasticidade Alta (esticada nos dois lados), Elasticidade M\u00e9dia (esticada em um lado) e N\u00e3o El\u00e1stica (n\u00e3o pode ser esticada).<br>3. A cor pode ser mais clara ou mais escura devido \u00e0s diferentes telas do PC.<br>4. Lave \u00e0 m\u00e3o em \u00e1gua a 30 graus, pendure para secar \u00e0 sombra, pro\u00edba o branqueamento.<br>5. Pode haver uma pequena diferen\u00e7a nos detalhes e no padr\u00e3o.<\/td><\/tr><\/tbody><\/table><\/figure>","protected":false},"excerpt":{"rendered":"<p>Apresentando o conjunto Strap Perspective de 3 pe\u00e7as, o conjunto de lingerie perfeito para os ousados e ousados. Sinta-se confiante e fortalecido neste conjunto sexy com detalhes exclusivos de al\u00e7a e tecido transparente.<\/p>\n<p>https:\/\/youtu.be\/Z2lm_pzlGPA<\/p>","protected":false},"featured_media":39719,"template":"","meta":[],"product_brand":[],"product_cat":[368,374,375],"product_tag":[868,861,448,518,453,864,865],"class_list":{"0":"post-39713","1":"product","2":"type-product","3":"status-publish","4":"has-post-thumbnail","6":"product_cat-bra-panty-set","7":"product_cat-wholesale-garter-belt-set","8":"product_cat-whoelsale-sheer-bra-and-panty-sets","9":"product_tag-4-piece-lingerie-set","10":"product_tag-brunette-lingerie","11":"product_tag-wholesale-elegant-sexy-lingerie","12":"product_tag-mesh-lingerie","13":"product_tag-wholesale-sexy-naughty-lingerie","14":"product_tag-sexy-petite-lingerie","15":"product_tag-sexy-skimpy-lingerie","16":"pa_color-bisque-women-sexy-lingerie","17":"pa_cup-wholesale-half-cup-women-sexy-lingerie","18":"pa_size-wholesale-large-size-women-sexy-lingerie","19":"pa_size-wholesale-medium-size-women-sexy-lingerie","20":"pa_size-wholesale-small-size-sexy-lingerie","22":"first","23":"instock","24":"taxable","25":"shipping-taxable","26":"purchasable","27":"product-type-variable"},"tiered_pricing_type":"fixed","tiered_pricing_fixed_rules":[],"tiered_pricing_product_settings":{"layout":"default","base_unit_name":{"singular":null,"plural":null},"default_variation":{}},"tiered_pricing_minimum_quantity":null,"tiered_pricing_roles_data":{"default_wholesaler":{"product_id":39713,"role":"default_wholesaler","pricing_type":"flat","regular_price":null,"sale_price":null,"discount":null,"discount_type":"sale_price","tiered_pricing_type":"fixed","percentage_rules":[],"fixed_rules":{"2":"10.49","30":"8.99","500":"7.89"},"minimum":null},"dropshippinger":{"product_id":39713,"role":"dropshippinger","pricing_type":"flat","regular_price":null,"sale_price":null,"discount":null,"discount_type":"sale_price","tiered_pricing_type":"fixed","percentage_rules":[],"fixed_rules":{"1":"12.59","5":"10.49","30":"7.89"},"minimum":null}},"tiered_pricing_percentage_rules":[],"tiered_pricing_maximum_quantity":null,"tiered_pricing_quantity_step":null,"_links":{"self":[{"href":"https:\/\/gretasexylingerie.com\/pt\/wp-json\/wp\/v2\/product\/39713","targetHints":{"allow":["GET"]}}],"collection":[{"href":"https:\/\/gretasexylingerie.com\/pt\/wp-json\/wp\/v2\/product"}],"about":[{"href":"https:\/\/gretasexylingerie.com\/pt\/wp-json\/wp\/v2\/types\/product"}],"wp:featuredmedia":[{"embeddable":true,"href":"https:\/\/gretasexylingerie.com\/pt\/wp-json\/wp\/v2\/media\/39719"}],"wp:attachment":[{"href":"https:\/\/gretasexylingerie.com\/pt\/wp-json\/wp\/v2\/media?parent=39713"}],"wp:term":[{"taxonomy":"product_brand","embeddable":true,"href":"https:\/\/gretasexylingerie.com\/pt\/wp-json\/wp\/v2\/product_brand?post=39713"},{"taxonomy":"product_cat","embeddable":true,"href":"https:\/\/gretasexylingerie.com\/pt\/wp-json\/wp\/v2\/product_cat?post=39713"},{"taxonomy":"product_tag","embeddable":true,"href":"https:\/\/gretasexylingerie.com\/pt\/wp-json\/wp\/v2\/product_tag?post=39713"}],"curies":[{"name":"wp","href":"https:\/\/api.w.org\/{rel}","templated":true}]}}