{"id":39659,"date":"2023-04-20T20:54:06","date_gmt":"2023-04-20T12:54:06","guid":{"rendered":"https:\/\/gretasexylingerie.com\/?post_type=product&#038;p=39659"},"modified":"2024-04-04T15:57:58","modified_gmt":"2024-04-04T07:57:58","slug":"perspectiva-body-transparente-de-uma-peca","status":"publish","type":"product","link":"https:\/\/gretasexylingerie.com\/pt\/products\/perspective-one-piece-sheer-bodysuit\/","title":{"rendered":"atacado Perspectiva One-Piece Sheer Bodysuit"},"content":{"rendered":"<p>1. Design atraente: o conjunto de calcinha e suti\u00e3 transparente Perspective apresenta um design transparente deslumbrante e intrincado que \u00e9 sensual e sofisticado, fazendo voc\u00ea se sentir confiante e ousado.<\/p>\n\n\n\n<p>2. Confort\u00e1vel de usar: Feito de materiais de alta qualidade, este conjunto de lingerie \u00e9 macio, el\u00e1stico e confort\u00e1vel de usar o dia todo, permitindo que voc\u00ea se mova livremente sem se sentir constrangido.<\/p>\n\n\n\n<p>3. Vers\u00e1til: Este conjunto de pe\u00e7a \u00fanica pode ser usado como parte de sua cole\u00e7\u00e3o de lingerie ou como uma roupa ousada e ousada para uma ocasi\u00e3o especial, tornando-o uma adi\u00e7\u00e3o vers\u00e1til ao seu guarda-roupa.<\/p>\n\n\n\n<p>4. Dur\u00e1vel: Com sua constru\u00e7\u00e3o e materiais de alta qualidade, este conjunto \u00e9 feito para durar, garantindo que voc\u00ea possa desfrutar de sua sensa\u00e7\u00e3o luxuosa e design deslumbrante por muito tempo.<\/p>\n\n\n\n<figure class=\"wp-block-table is-style-stripes\"><table><tbody><tr><td colspan=\"4\">Gr\u00e1fico do local (CM)<\/td><td><\/td><\/tr><tr><td>Tamanho<\/td><td>Comprimento<\/td><td>Abaixo do busto<\/td><td>Cintura<\/td><td>Quadril<\/td><\/tr><tr><td>S<\/td><td>58.5<\/td><td>66-86<\/td><td>64-94<\/td><td>70<\/td><\/tr><tr><td>M<\/td><td>60.5<\/td><td>70-90<\/td><td>68-98<\/td><td>74<\/td><\/tr><tr><td>eu<\/td><td>62.5<\/td><td>74-94<\/td><td>72-102<\/td><td>78<\/td><\/tr><tr><td colspan=\"4\">Gr\u00e1fico do Local (POLEGADAS)<\/td><td><\/td><\/tr><tr><td>Tamanho<\/td><td>Comprimento<\/td><td>Abaixo do busto<\/td><td>Cintura<\/td><td>Quadril<\/td><\/tr><tr><td>S<\/td><td>23.03&nbsp;<\/td><td>25.98-33.85<\/td><td>25.19-37<\/td><td>27.55<\/td><\/tr><tr><td>M<\/td><td>23.81&nbsp;<\/td><td>27.55-35.43<\/td><td>26.77-38.58<\/td><td>29.13<\/td><\/tr><tr><td>eu<\/td><td>24.60&nbsp;<\/td><td>29.13-37<\/td><td>28.34-40.15<\/td><td>30.70&nbsp;<\/td><\/tr><tr><td colspan=\"5\">Observa\u00e7\u00e3o:<br>1. Pode haver um desvio de 1 a 2 cm em diferentes tamanhos, locais e elasticidade dos tecidos. A tabela de tamanhos \u00e9 apenas para refer\u00eancia, pode haver uma pequena diferen\u00e7a com o que voc\u00ea recebe.<br>2.Existem 3 tipos de elasticidade: Elasticidade Alta (esticada nos dois lados), Elasticidade M\u00e9dia (esticada em um lado) e N\u00e3o El\u00e1stica (n\u00e3o pode ser esticada).<br>3. A cor pode ser mais clara ou mais escura devido \u00e0s diferentes telas do PC.<br>4. Lave \u00e0 m\u00e3o em \u00e1gua a 30 graus, pendure para secar \u00e0 sombra, pro\u00edba o branqueamento.<br>5. Pode haver uma pequena diferen\u00e7a nos detalhes e no padr\u00e3o.<\/td><\/tr><\/tbody><\/table><\/figure>\n\n\n\n<p><\/p>","protected":false},"excerpt":{"rendered":"<p>Este body \u00e9 lisonjeiro e sofisticado em um design deslumbrante e transparente que acentua suas curvas em todos os lugares certos. Feito de materiais de alta qualidade, este conjunto n\u00e3o \u00e9 apenas confort\u00e1vel de usar, mas tamb\u00e9m dur\u00e1vel o suficiente para suportar uso e lavagem frequentes.<\/p>","protected":false},"featured_media":39676,"template":"","meta":[],"product_brand":[],"product_cat":[370,367,373],"product_tag":[452,861,448,504],"class_list":{"0":"post-39659","1":"product","2":"type-product","3":"status-publish","4":"has-post-thumbnail","6":"product_cat-bodysuit","7":"product_cat-sexy-lingerie","8":"product_cat-wholesale-sexy-mesh-bodysuit","9":"product_tag-wholesale-boudoir-lingerie","10":"product_tag-brunette-lingerie","11":"product_tag-wholesale-elegant-sexy-lingerie","12":"product_tag-ultra-sexy","13":"pa_color-black","14":"pa_color-red-women-sexy-lingerie","15":"pa_cup-full-cup","16":"pa_size-wholesale-large-size-women-sexy-lingerie","17":"pa_size-wholesale-medium-size-women-sexy-lingerie","18":"pa_size-wholesale-small-size-sexy-lingerie","20":"first","21":"instock","22":"taxable","23":"shipping-taxable","24":"purchasable","25":"product-type-variable"},"tiered_pricing_type":"fixed","tiered_pricing_fixed_rules":[],"tiered_pricing_product_settings":{"layout":"table","base_unit_name":{"singular":null,"plural":null},"default_variation":{}},"tiered_pricing_minimum_quantity":null,"tiered_pricing_roles_data":{"default_wholesaler":{"product_id":39659,"role":"default_wholesaler","pricing_type":"flat","regular_price":null,"sale_price":null,"discount":null,"discount_type":"sale_price","tiered_pricing_type":"fixed","percentage_rules":[],"fixed_rules":{"2":"8.39","30":"7.19","500":"6.29"},"minimum":null},"dropshippinger":{"product_id":39659,"role":"dropshippinger","pricing_type":"flat","regular_price":null,"sale_price":null,"discount":null,"discount_type":"sale_price","tiered_pricing_type":"fixed","percentage_rules":[],"fixed_rules":{"1":"9.99","5":"8.39","30":"6.29"},"minimum":null}},"tiered_pricing_percentage_rules":[],"tiered_pricing_maximum_quantity":null,"tiered_pricing_quantity_step":null,"_links":{"self":[{"href":"https:\/\/gretasexylingerie.com\/pt\/wp-json\/wp\/v2\/product\/39659","targetHints":{"allow":["GET"]}}],"collection":[{"href":"https:\/\/gretasexylingerie.com\/pt\/wp-json\/wp\/v2\/product"}],"about":[{"href":"https:\/\/gretasexylingerie.com\/pt\/wp-json\/wp\/v2\/types\/product"}],"wp:featuredmedia":[{"embeddable":true,"href":"https:\/\/gretasexylingerie.com\/pt\/wp-json\/wp\/v2\/media\/39676"}],"wp:attachment":[{"href":"https:\/\/gretasexylingerie.com\/pt\/wp-json\/wp\/v2\/media?parent=39659"}],"wp:term":[{"taxonomy":"product_brand","embeddable":true,"href":"https:\/\/gretasexylingerie.com\/pt\/wp-json\/wp\/v2\/product_brand?post=39659"},{"taxonomy":"product_cat","embeddable":true,"href":"https:\/\/gretasexylingerie.com\/pt\/wp-json\/wp\/v2\/product_cat?post=39659"},{"taxonomy":"product_tag","embeddable":true,"href":"https:\/\/gretasexylingerie.com\/pt\/wp-json\/wp\/v2\/product_tag?post=39659"}],"curies":[{"name":"wp","href":"https:\/\/api.w.org\/{rel}","templated":true}]}}