{"id":39643,"date":"2023-04-19T22:56:54","date_gmt":"2023-04-19T14:56:54","guid":{"rendered":"https:\/\/gretasexylingerie.com\/?post_type=product&#038;p=39643"},"modified":"2023-12-09T19:48:38","modified_gmt":"2023-12-09T11:48:38","slug":"conjunto-de-sutia-e-calcinha-de-couro-para-motociclista","status":"publish","type":"product","link":"https:\/\/gretasexylingerie.com\/pt\/products\/leather-motorcycle-bra-panty-set\/","title":{"rendered":"Casa Conjunto De Suti\u00e3 E Calcinha De Couro Para Motocicleta"},"content":{"rendered":"<p>1. Design ousado e ousado: o conjunto de suti\u00e3 e calcinha de couro para motocicleta apresenta um design ousado e arrojado, perfeito para quem quer se destacar com sua lingerie.<\/p>\n\n\n\n<p>2. Materiais de alta qualidade: Feito de couro genu\u00edno, este conjunto \u00e9 dur\u00e1vel, macio e confort\u00e1vel de usar, proporcionando uma sensa\u00e7\u00e3o luxuosa que far\u00e1 voc\u00ea se sentir confiante e poderoso.<\/p>\n\n\n\n<p>3. Vers\u00e1til: Este conjunto pode ser usado como parte de sua cole\u00e7\u00e3o de lingerie ou como uma roupa ousada e \u00fanica para uma ocasi\u00e3o especial, tornando-o uma adi\u00e7\u00e3o vers\u00e1til ao seu guarda-roupa.<\/p>\n\n\n\n<p>4. Ajuste lisonjeiro: O suti\u00e3 e a calcinha s\u00e3o projetados para embelezar suas curvas, real\u00e7ar sua figura e fazer voc\u00ea se sentir confiante e sexy. As al\u00e7as ajust\u00e1veis garantem um caimento perfeito, permitindo que voc\u00ea a personalize de acordo com o seu tipo de corpo.<\/p>\n\n\n\n<figure class=\"wp-block-table is-style-stripes\"><table><tbody><tr><td colspan=\"4\">Gr\u00e1fico do local (CM)<\/td><td><\/td><td><\/td><\/tr><tr><td>Tamanho<\/td><td>Altura do copo<\/td><td>Pesco\u00e7o<\/td><td>Abaixo do busto<\/td><td>cintura calcinha<\/td><td>Comprimento da calcinha<\/td><\/tr><tr><td>S<\/td><td>13<\/td><td>36<\/td><td>70-86<\/td><td>72-96<\/td><td>22.5<\/td><\/tr><tr><td>M<\/td><td>14<\/td><td>37.5<\/td><td>74-90<\/td><td>76-100<\/td><td>23.5<\/td><\/tr><tr><td>eu<\/td><td>15<\/td><td>39<\/td><td>78-94<\/td><td>80-104<\/td><td>24.5<\/td><\/tr><tr><td colspan=\"4\">Gr\u00e1fico do Local (POLEGADAS)<\/td><td><\/td><td><\/td><\/tr><tr><td>Tamanho<\/td><td>Altura do copo<\/td><td>Pesco\u00e7o<\/td><td>Abaixo do busto<\/td><td>cintura calcinha<\/td><td>Comprimento da calcinha<\/td><\/tr><tr><td>S<\/td><td>5.11&nbsp;<\/td><td>14.17<\/td><td>27.55-33.85<\/td><td>28.34-37.79<\/td><td>8.85<\/td><\/tr><tr><td>M<\/td><td>5.51&nbsp;<\/td><td>14.76<\/td><td>29.13-35.43<\/td><td>29.92-39.37<\/td><td>9.25<\/td><\/tr><tr><td>eu<\/td><td>5.90&nbsp;<\/td><td>15.35<\/td><td>30.70-37<\/td><td>31.49-40.94<\/td><td>9.64&nbsp;<\/td><\/tr><tr><td colspan=\"6\">Observa\u00e7\u00e3o:<br>1. Pode haver um desvio de 1 a 2 cm em diferentes tamanhos, locais e elasticidade dos tecidos. A tabela de tamanhos \u00e9 apenas para refer\u00eancia, pode haver uma pequena diferen\u00e7a com o que voc\u00ea recebe.<br>2.Existem 3 tipos de elasticidade: Elasticidade Alta (esticada nos dois lados), Elasticidade M\u00e9dia (esticada em um lado) e N\u00e3o El\u00e1stica (n\u00e3o pode ser esticada).<br>3. A cor pode ser mais clara ou mais escura devido \u00e0s diferentes telas do PC.<br>4. Lave \u00e0 m\u00e3o em \u00e1gua a 30 graus, pendure para secar \u00e0 sombra, pro\u00edba o branqueamento.<br>5. Pode haver uma pequena diferen\u00e7a nos detalhes e no padr\u00e3o.<\/td><\/tr><\/tbody><\/table><\/figure>","protected":false},"excerpt":{"rendered":"<p>Apresentando o conjunto de calcinha e suti\u00e3 de motocicleta de couro, a melhor mistura de ousado e sexy! Este material de couro exala confian\u00e7a e atitude, esta cueca \u00e9 diferente de qualquer outra da cole\u00e7\u00e3o, este conjunto \u00e9 feito de couro genu\u00edno de alta qualidade para maior durabilidade e conforto.<\/p>","protected":false},"featured_media":39654,"template":"","meta":[],"product_brand":[],"product_cat":[368,367,376],"product_tag":[507,861,973,453,864,504],"class_list":{"0":"post-39643","1":"product","2":"type-product","3":"status-publish","4":"has-post-thumbnail","6":"product_cat-bra-panty-set","7":"product_cat-sexy-lingerie","8":"product_cat-wholesale-ultra-sexy-bra-panty-set","9":"product_tag-three-pcs-set","10":"product_tag-brunette-lingerie","11":"product_tag-oem","12":"product_tag-wholesale-sexy-naughty-lingerie","13":"product_tag-sexy-petite-lingerie","14":"product_tag-ultra-sexy","15":"pa_color-black","16":"pa_cup-wholesale-half-cup-women-sexy-lingerie","17":"pa_size-wholesale-large-size-women-sexy-lingerie","18":"pa_size-wholesale-medium-size-women-sexy-lingerie","19":"pa_size-wholesale-small-size-sexy-lingerie","21":"first","22":"outofstock","23":"taxable","24":"shipping-taxable","25":"purchasable","26":"product-type-variable"},"tiered_pricing_type":"fixed","tiered_pricing_fixed_rules":[],"tiered_pricing_product_settings":{"layout":"default","base_unit_name":{"singular":null,"plural":null},"default_variation":null},"tiered_pricing_minimum_quantity":null,"tiered_pricing_roles_data":{"default_wholesaler":{"product_id":39643,"role":"default_wholesaler","pricing_type":"flat","regular_price":null,"sale_price":null,"discount":null,"discount_type":"sale_price","tiered_pricing_type":"fixed","percentage_rules":[],"fixed_rules":{"2":"7.89","30":"6.79","500":"5.89"},"minimum":null},"dropshippinger":{"product_id":39643,"role":"dropshippinger","pricing_type":"flat","regular_price":null,"sale_price":null,"discount":null,"discount_type":"sale_price","tiered_pricing_type":"fixed","percentage_rules":[],"fixed_rules":{"1":"9.39","5":"7.89","30":"5.89"},"minimum":null}},"tiered_pricing_percentage_rules":[],"tiered_pricing_maximum_quantity":null,"tiered_pricing_quantity_step":null,"_links":{"self":[{"href":"https:\/\/gretasexylingerie.com\/pt\/wp-json\/wp\/v2\/product\/39643","targetHints":{"allow":["GET"]}}],"collection":[{"href":"https:\/\/gretasexylingerie.com\/pt\/wp-json\/wp\/v2\/product"}],"about":[{"href":"https:\/\/gretasexylingerie.com\/pt\/wp-json\/wp\/v2\/types\/product"}],"wp:featuredmedia":[{"embeddable":true,"href":"https:\/\/gretasexylingerie.com\/pt\/wp-json\/wp\/v2\/media\/39654"}],"wp:attachment":[{"href":"https:\/\/gretasexylingerie.com\/pt\/wp-json\/wp\/v2\/media?parent=39643"}],"wp:term":[{"taxonomy":"product_brand","embeddable":true,"href":"https:\/\/gretasexylingerie.com\/pt\/wp-json\/wp\/v2\/product_brand?post=39643"},{"taxonomy":"product_cat","embeddable":true,"href":"https:\/\/gretasexylingerie.com\/pt\/wp-json\/wp\/v2\/product_cat?post=39643"},{"taxonomy":"product_tag","embeddable":true,"href":"https:\/\/gretasexylingerie.com\/pt\/wp-json\/wp\/v2\/product_tag?post=39643"}],"curies":[{"name":"wp","href":"https:\/\/api.w.org\/{rel}","templated":true}]}}