{"id":39635,"date":"2023-04-19T22:30:36","date_gmt":"2023-04-19T14:30:36","guid":{"rendered":"https:\/\/gretasexylingerie.com\/?post_type=product&#038;p=39635"},"modified":"2023-10-22T23:03:01","modified_gmt":"2023-10-22T15:03:01","slug":"conjunto-de-calcinha-sutia-ultra-sexy-sedutor-uniforme","status":"publish","type":"product","link":"https:\/\/gretasexylingerie.com\/pt\/products\/uniform-seductive-ultra-sexy-bra-panty-set\/","title":{"rendered":"Conjunto de suti\u00e3 uniforme sedutor ultra sexy"},"content":{"rendered":"<p>1. Libere sua sedutora interior com o conjunto de calcinhas de suti\u00e3 ultra sexy sedutor uniforme. A combina\u00e7\u00e3o perfeita de sensualidade e sofistica\u00e7\u00e3o, este conjunto certamente far\u00e1 voc\u00ea se sentir confiante e irresist\u00edvel.<\/p>\n\n\n\n<p>2. Os materiais de alta qualidade usados neste conjunto garantem que ele durar\u00e1 por v\u00e1rios usos e lavagens, tornando-o um \u00f3timo investimento em sua cole\u00e7\u00e3o de lingerie.<\/p>\n\n\n\n<p>3. O design exclusivo do conjunto de suti\u00e3 e calcinha oferece um ajuste lisonjeiro e de suporte, aprimorando suas curvas e acentuando seus ativos.<\/p>\n\n\n\n<p>4. Esteja voc\u00ea procurando adicionar um toque de emo\u00e7\u00e3o ao seu uso di\u00e1rio ou se preparando para uma ocasi\u00e3o especial, o conjunto de calcinhas de suti\u00e3 ultra sexy sedutor uniforme \u00e9 a melhor escolha para quem quer apimentar seu jogo de lingerie.<\/p>\n\n\n\n<figure class=\"wp-block-table\"><table><tbody><tr><td colspan=\"4\">Gr\u00e1fico do local (CM)<\/td><td><\/td><td><\/td><td><\/td><td><\/td><\/tr><tr><td>Tamanho<\/td><td>Comprimento frontal<\/td><td>Pesco\u00e7o<\/td><td>Abaixo do busto<\/td><td>Cintura<\/td><td>Circunfer\u00eancia do p\u00e9<\/td><td>cintura calcinha<\/td><td>Comprimento da calcinha<\/td><\/tr><tr><td>S<\/td><td>31<\/td><td>35<\/td><td>68-86<\/td><td>60-98<\/td><td>47<\/td><td>60-98<\/td><td>39<\/td><\/tr><tr><td>M<\/td><td>32<\/td><td>36.5<\/td><td>72-90<\/td><td>64-102<\/td><td>49<\/td><td>64-102<\/td><td>40<\/td><\/tr><tr><td>eu<\/td><td>33.5<\/td><td>38<\/td><td>78-96<\/td><td>68-106<\/td><td>51<\/td><td>68-106<\/td><td>41<\/td><\/tr><tr><td colspan=\"4\">Gr\u00e1fico do Local (POLEGADAS)<\/td><td><\/td><td><\/td><td><\/td><td><\/td><\/tr><tr><td>Tamanho<\/td><td>Comprimento frontal<\/td><td>Pesco\u00e7o<\/td><td>Abaixo do busto<\/td><td>Cintura<\/td><td>Circunfer\u00eancia do p\u00e9<\/td><td>cintura calcinha<\/td><td>Comprimento da calcinha<\/td><\/tr><tr><td>S<\/td><td>12.20&nbsp;<\/td><td>13.77<\/td><td>26.77-33.85<\/td><td>23.62-38.58<\/td><td>18.50&nbsp;<\/td><td>23.62-38.58<\/td><td>15.35<\/td><\/tr><tr><td>M<\/td><td>12.59&nbsp;<\/td><td>14.37<\/td><td>28.34-35.43<\/td><td>25.19-40.15<\/td><td>19.29<\/td><td>25.19-40.15<\/td><td>15.74<\/td><\/tr><tr><td>eu<\/td><td>13.18&nbsp;<\/td><td>14.96<\/td><td>30.70-37.79<\/td><td>26.77-41.73<\/td><td>20.07&nbsp;<\/td><td>26.77-41.73<\/td><td>16.14&nbsp;<\/td><\/tr><tr><td colspan=\"8\">Observa\u00e7\u00e3o:<br>1. Pode haver um desvio de 1 a 2 cm em diferentes tamanhos, locais e elasticidade dos tecidos. A tabela de tamanhos \u00e9 apenas para refer\u00eancia, pode haver uma pequena diferen\u00e7a com o que voc\u00ea recebe.<br>2.Existem 3 tipos de elasticidade: Elasticidade Alta (esticada nos dois lados), Elasticidade M\u00e9dia (esticada em um lado) e N\u00e3o El\u00e1stica (n\u00e3o pode ser esticada).<br>3. A cor pode ser mais clara ou mais escura devido \u00e0s diferentes telas do PC.<br>4. Lave \u00e0 m\u00e3o em \u00e1gua a 30 graus, pendure para secar \u00e0 sombra, pro\u00edba o branqueamento.<br>5. Pode haver uma pequena diferen\u00e7a nos detalhes e no padr\u00e3o.<\/td><\/tr><\/tbody><\/table><\/figure>\n\n\n\n<p><\/p>","protected":false},"excerpt":{"rendered":"<p>O conjunto \u00e9 feito de materiais de alta qualidade, incluindo tecidos macios e respir\u00e1veis, rendas delicadas e detalhes complexos. Este suti\u00e3 apresenta um sedutor decote em V profundo e al\u00e7as ajust\u00e1veis, e a calcinha combinando apresenta cintura alta e costas grossas para um visual lisonjeiro.<\/p>\n<p>https:\/\/youtu.be\/E-9gLmz3jgM<\/p>","protected":false},"featured_media":39641,"template":"","meta":[],"product_brand":[],"product_cat":[368,374,367],"product_tag":[868,505,448,528,532,453],"class_list":{"0":"post-39635","1":"product","2":"type-product","3":"status-publish","4":"has-post-thumbnail","6":"product_cat-bra-panty-set","7":"product_cat-wholesale-garter-belt-set","8":"product_cat-sexy-lingerie","9":"product_tag-4-piece-lingerie-set","10":"product_tag-5-piece-lingerie-set","11":"product_tag-wholesale-elegant-sexy-lingerie","12":"product_tag-halter-lingerie","13":"product_tag-lingerie-suspender-set","14":"product_tag-wholesale-sexy-naughty-lingerie","15":"pa_color-white","16":"pa_cup-full-cup","17":"pa_size-wholesale-large-size-women-sexy-lingerie","18":"pa_size-wholesale-medium-size-women-sexy-lingerie","19":"pa_size-wholesale-small-size-sexy-lingerie","21":"first","22":"instock","23":"taxable","24":"shipping-taxable","25":"purchasable","26":"product-type-variable"},"tiered_pricing_type":"fixed","tiered_pricing_fixed_rules":[],"tiered_pricing_product_settings":{"layout":"default","base_unit_name":{"singular":null,"plural":null},"default_variation":{}},"tiered_pricing_minimum_quantity":null,"tiered_pricing_roles_data":{"default_wholesaler":{"product_id":39635,"role":"default_wholesaler","pricing_type":"flat","regular_price":null,"sale_price":null,"discount":null,"discount_type":"sale_price","tiered_pricing_type":"fixed","percentage_rules":[],"fixed_rules":{"2":"9.99","30":"8.49","500":"7.49"},"minimum":null},"dropshippinger":{"product_id":39635,"role":"dropshippinger","pricing_type":"flat","regular_price":null,"sale_price":null,"discount":null,"discount_type":"sale_price","tiered_pricing_type":"fixed","percentage_rules":[],"fixed_rules":{"1":"11.89","5":"9.99","30":"7.49"},"minimum":null}},"tiered_pricing_percentage_rules":[],"tiered_pricing_maximum_quantity":null,"tiered_pricing_quantity_step":null,"_links":{"self":[{"href":"https:\/\/gretasexylingerie.com\/pt\/wp-json\/wp\/v2\/product\/39635","targetHints":{"allow":["GET"]}}],"collection":[{"href":"https:\/\/gretasexylingerie.com\/pt\/wp-json\/wp\/v2\/product"}],"about":[{"href":"https:\/\/gretasexylingerie.com\/pt\/wp-json\/wp\/v2\/types\/product"}],"wp:featuredmedia":[{"embeddable":true,"href":"https:\/\/gretasexylingerie.com\/pt\/wp-json\/wp\/v2\/media\/39641"}],"wp:attachment":[{"href":"https:\/\/gretasexylingerie.com\/pt\/wp-json\/wp\/v2\/media?parent=39635"}],"wp:term":[{"taxonomy":"product_brand","embeddable":true,"href":"https:\/\/gretasexylingerie.com\/pt\/wp-json\/wp\/v2\/product_brand?post=39635"},{"taxonomy":"product_cat","embeddable":true,"href":"https:\/\/gretasexylingerie.com\/pt\/wp-json\/wp\/v2\/product_cat?post=39635"},{"taxonomy":"product_tag","embeddable":true,"href":"https:\/\/gretasexylingerie.com\/pt\/wp-json\/wp\/v2\/product_tag?post=39635"}],"curies":[{"name":"wp","href":"https:\/\/api.w.org\/{rel}","templated":true}]}}