{"id":39514,"date":"2023-04-18T22:19:20","date_gmt":"2023-04-18T14:19:20","guid":{"rendered":"https:\/\/gretasexylingerie.com\/?post_type=product&#038;p=39514"},"modified":"2023-09-05T20:51:20","modified_gmt":"2023-09-05T12:51:20","slug":"conjunto-de-sutia-e-calcinha-de-renda-de-rede-de-pesca","status":"publish","type":"product","link":"https:\/\/gretasexylingerie.com\/pt\/products\/fishing-net-lace-perspective-bra-panty-set\/","title":{"rendered":"Conjunto de calcinha de renda com rede de pesca"},"content":{"rendered":"<p>1. Design deslumbrante: o conjunto de calcinha de renda com perspectiva de rede de pesca apresenta um design de renda de rede de pesca bonito e intrincado que certamente chamar\u00e1 a aten\u00e7\u00e3o e far\u00e1 voc\u00ea se sentir confiante e sexy.<\/p>\n\n\n\n<p>2. Ajuste confort\u00e1vel: Este conjunto \u00e9 feito com materiais de alta qualidade e projetado com o seu conforto em mente. O suti\u00e3 possui suporte com arma\u00e7\u00e3o para um ajuste confort\u00e1vel, enquanto a calcinha tem um design de cintura baixa que n\u00e3o afunda ou causa desconforto.<\/p>\n\n\n\n<p>3. Estilo vers\u00e1til: Se voc\u00ea quer adicionar um toque de sedu\u00e7\u00e3o a uma noite rom\u00e2ntica ou simplesmente quer se sentir confiante e elegante em sua vida cotidiana, este conjunto \u00e9 perfeito. O design da renda da rede de pesca \u00e9 divertido e sofisticado, tornando-a uma adi\u00e7\u00e3o vers\u00e1til \u00e0 sua cole\u00e7\u00e3o de lingerie.<\/p>\n\n\n\n<p>4. \u00d3timo valor: o conjunto de calcinhas de renda com perspectiva de rede de pesca oferece um valor incr\u00edvel por sua qualidade e design. Voc\u00ea n\u00e3o ter\u00e1 que gastar muito para se sentir confiante e sexy neste deslumbrante conjunto de lingerie.<\/p>\n\n\n\n<figure class=\"wp-block-table is-style-stripes\"><table><tbody><tr><td colspan=\"8\">Gr\u00e1fico do local (CM)<\/td><\/tr><tr><td>Tamanho<\/td><td>Comprimento<\/td><td>Ombro<\/td><td>Abaixo do busto<\/td><td>Cintura<\/td><td>cintura calcinha<\/td><td>Comprimento da calcinha<\/td><td>Coxa<\/td><\/tr><tr><td>S<\/td><td>17<\/td><td>33<\/td><td>69-86<\/td><td>62<\/td><td>64-94<\/td><td>26<\/td><td>44<\/td><\/tr><tr><td>M<\/td><td>17.8<\/td><td>33<\/td><td>73-90<\/td><td>66<\/td><td>68-98<\/td><td>27<\/td><td>46<\/td><\/tr><tr><td>eu<\/td><td>18.6<\/td><td>33<\/td><td>77-94<\/td><td>70<\/td><td>70-102<\/td><td>28<\/td><td>48<\/td><\/tr><tr><td colspan=\"8\">Gr\u00e1fico do Local (POLEGADAS)<\/td><\/tr><tr><td>Tamanho<\/td><td>Comprimento<\/td><td>Ombro<\/td><td>Abaixo do busto<\/td><td>Cintura<\/td><td>cintura calcinha<\/td><td>Comprimento da calcinha<\/td><td>Coxa<\/td><\/tr><tr><td>S<\/td><td>6.69&nbsp;<\/td><td>12.99<\/td><td>27.16-33.85<\/td><td>24.40&nbsp;<\/td><td>25.19-37.00<\/td><td>10.23<\/td><td>17.32<\/td><\/tr><tr><td>M<\/td><td>7.00&nbsp;<\/td><td>12.99<\/td><td>28.74-35.43<\/td><td>25.98<\/td><td>26.77-38.58<\/td><td>10.62<\/td><td>18.11<\/td><\/tr><tr><td>eu<\/td><td>7.32&nbsp;<\/td><td>12.99<\/td><td>30.31-37<\/td><td>27.55<\/td><td>27.55-40.15<\/td><td>11.02&nbsp;<\/td><td>18.89&nbsp;<\/td><\/tr><tr><td colspan=\"8\">Observa\u00e7\u00e3o:<br>1. Pode haver um desvio de 1 a 2 cm em diferentes tamanhos, locais e elasticidade dos tecidos. A tabela de tamanhos \u00e9 apenas para refer\u00eancia, pode haver uma pequena diferen\u00e7a com o que voc\u00ea recebe.<br>2.Existem 3 tipos de elasticidade: Elasticidade Alta (esticada nos dois lados), Elasticidade M\u00e9dia (esticada em um lado) e N\u00e3o El\u00e1stica (n\u00e3o pode ser esticada).<br>3. A cor pode ser mais clara ou mais escura devido \u00e0s diferentes telas do PC.<br>4. Lave \u00e0 m\u00e3o em \u00e1gua a 30 graus, pendure para secar \u00e0 sombra, pro\u00edba o branqueamento.<br>5. Pode haver uma pequena diferen\u00e7a nos detalhes e no padr\u00e3o.<\/td><\/tr><\/tbody><\/table><\/figure>\n\n\n\n<p><\/p>","protected":false},"excerpt":{"rendered":"<p>Com uma charmosa renda arrast\u00e3o, este conjunto \u00e9 perfeito para adicionar um toque de glamour a qualquer ocasi\u00e3o \u00edntima. Confort\u00e1vel e lisonjeiro, o tecido apresenta cintura baixa e malha transparente para um visual ousado e divertido, tornando-o o complemento perfeito para sua cole\u00e7\u00e3o de lingerie.<\/p>","protected":false},"featured_media":39519,"template":"","meta":[],"product_brand":[],"product_cat":[368,374,369,367],"product_tag":[868,861,522,870,875,532,446,453,865],"class_list":{"0":"post-39514","1":"product","2":"type-product","3":"status-publish","4":"has-post-thumbnail","6":"product_cat-bra-panty-set","7":"product_cat-wholesale-garter-belt-set","8":"product_cat-wholesale-lace-bra-and-panty-sets","9":"product_cat-sexy-lingerie","10":"product_tag-4-piece-lingerie-set","11":"product_tag-brunette-lingerie","12":"product_tag-eyelash-lingerie","13":"product_tag-floral-lingerie","14":"product_tag-lace-sexy-lingerie","15":"product_tag-lingerie-suspender-set","16":"product_tag-wholesale-sexy-see-through-lingerie","17":"product_tag-wholesale-sexy-naughty-lingerie","18":"product_tag-sexy-skimpy-lingerie","19":"pa_color-black","20":"pa_cup-wholesale-half-cup-women-sexy-lingerie","21":"pa_size-wholesale-large-size-women-sexy-lingerie","22":"pa_size-wholesale-medium-size-women-sexy-lingerie","23":"pa_size-wholesale-small-size-sexy-lingerie","25":"first","26":"instock","27":"taxable","28":"shipping-taxable","29":"purchasable","30":"product-type-variable"},"tiered_pricing_type":"fixed","tiered_pricing_fixed_rules":[],"tiered_pricing_product_settings":{"layout":"default","base_unit_name":{"singular":null,"plural":null},"default_variation":null},"tiered_pricing_minimum_quantity":null,"tiered_pricing_roles_data":{"default_wholesaler":{"product_id":39514,"role":"default_wholesaler","pricing_type":"flat","regular_price":null,"sale_price":null,"discount":null,"discount_type":"sale_price","tiered_pricing_type":"fixed","percentage_rules":[],"fixed_rules":{"2":"11.99","30":"10.29","500":"8.99"},"minimum":null},"dropshippinger":{"product_id":39514,"role":"dropshippinger","pricing_type":"flat","regular_price":null,"sale_price":null,"discount":null,"discount_type":"sale_price","tiered_pricing_type":"fixed","percentage_rules":[],"fixed_rules":{"1":"14.39","5":"11.99","30":"8.99"},"minimum":null}},"tiered_pricing_percentage_rules":[],"tiered_pricing_maximum_quantity":null,"tiered_pricing_quantity_step":null,"_links":{"self":[{"href":"https:\/\/gretasexylingerie.com\/pt\/wp-json\/wp\/v2\/product\/39514","targetHints":{"allow":["GET"]}}],"collection":[{"href":"https:\/\/gretasexylingerie.com\/pt\/wp-json\/wp\/v2\/product"}],"about":[{"href":"https:\/\/gretasexylingerie.com\/pt\/wp-json\/wp\/v2\/types\/product"}],"wp:featuredmedia":[{"embeddable":true,"href":"https:\/\/gretasexylingerie.com\/pt\/wp-json\/wp\/v2\/media\/39519"}],"wp:attachment":[{"href":"https:\/\/gretasexylingerie.com\/pt\/wp-json\/wp\/v2\/media?parent=39514"}],"wp:term":[{"taxonomy":"product_brand","embeddable":true,"href":"https:\/\/gretasexylingerie.com\/pt\/wp-json\/wp\/v2\/product_brand?post=39514"},{"taxonomy":"product_cat","embeddable":true,"href":"https:\/\/gretasexylingerie.com\/pt\/wp-json\/wp\/v2\/product_cat?post=39514"},{"taxonomy":"product_tag","embeddable":true,"href":"https:\/\/gretasexylingerie.com\/pt\/wp-json\/wp\/v2\/product_tag?post=39514"}],"curies":[{"name":"wp","href":"https:\/\/api.w.org\/{rel}","templated":true}]}}