{"id":39496,"date":"2023-04-18T21:04:27","date_gmt":"2023-04-18T13:04:27","guid":{"rendered":"https:\/\/gretasexylingerie.com\/?post_type=product&#038;p=39496"},"modified":"2023-09-05T20:51:19","modified_gmt":"2023-09-05T12:51:19","slug":"lingerie-sexy-estilo-escuro","status":"publish","type":"product","link":"https:\/\/gretasexylingerie.com\/pt\/products\/dark-style-sexy-lingerie\/","title":{"rendered":"Lingerie sexy estilo escuro"},"content":{"rendered":"<p>1.Estilo sensual: A Lingerie Sexy Dark Style foi projetada para trazer \u00e0 tona sua sedutora interior. Com recortes ousados e detalhes em tiras, esse conjunto de lingerie \u00e9 perfeito para quem quer marcar presen\u00e7a e esquentar o quarto.<\/p>\n\n\n\n<p>2. Ajuste confort\u00e1vel: Feito com tecido respir\u00e1vel e el\u00e1stico, este conjunto de lingerie foi projetado para proporcionar o m\u00e1ximo de conforto ao mesmo tempo em que abra\u00e7a suas curvas em todos os lugares certos. As al\u00e7as ajust\u00e1veis e a faixa fornecem um ajuste personalizado para cada tipo de corpo.<\/p>\n\n\n\n<p>3. Material de alta qualidade: a Lingerie Sexy Dark Style \u00e9 feita com materiais de qualidade premium projetados para durar. Voc\u00ea pode usar este conjunto de lingerie v\u00e1rias vezes, sabendo que ele vai aguentar o desgaste.<\/p>\n\n\n\n<p>4. Vers\u00e1til: Este conjunto de lingerie \u00e9 perfeito para uma variedade de ocasi\u00f5es, desde uma noite rom\u00e2ntica em casa at\u00e9 uma noite com amigos. Se voc\u00ea est\u00e1 procurando adicionar um toque de vanguarda ao seu visual di\u00e1rio ou deseja aquecer as coisas no quarto, a Lingerie Sexy Dark Style \u00e9 a escolha perfeita.<\/p>\n\n\n\n<figure class=\"wp-block-table\"><table><tbody><tr><td colspan=\"5\">Gr\u00e1fico do local (CM)<\/td><td class=\"has-text-align-center\" data-align=\"center\"><\/td><td class=\"has-text-align-center\" data-align=\"center\"><\/td><td class=\"has-text-align-center\" data-align=\"center\"><\/td><\/tr><tr><td>Tamanho<\/td><td class=\"has-text-align-center\" data-align=\"center\">Comprimento<\/td><td class=\"has-text-align-center\" data-align=\"center\">Ombro<\/td><td class=\"has-text-align-center\" data-align=\"center\">Abaixo do busto<\/td><td class=\"has-text-align-center\" data-align=\"center\">circunfer\u00eancia do tornozelo<\/td><td class=\"has-text-align-center\" data-align=\"center\">cintura calcinha<\/td><td class=\"has-text-align-center\" data-align=\"center\">Comprimento da calcinha<\/td><td class=\"has-text-align-center\" data-align=\"center\">Circunfer\u00eancia do p\u00e9<\/td><\/tr><tr><td>S<\/td><td class=\"has-text-align-center\" data-align=\"center\">27<\/td><td class=\"has-text-align-center\" data-align=\"center\">38<\/td><td class=\"has-text-align-center\" data-align=\"center\">64-86<\/td><td class=\"has-text-align-center\" data-align=\"center\">62-84<\/td><td class=\"has-text-align-center\" data-align=\"center\">66-98<\/td><td class=\"has-text-align-center\" data-align=\"center\">22.5<\/td><td class=\"has-text-align-center\" data-align=\"center\">47<\/td><\/tr><tr><td>M<\/td><td class=\"has-text-align-center\" data-align=\"center\">28<\/td><td class=\"has-text-align-center\" data-align=\"center\">38<\/td><td class=\"has-text-align-center\" data-align=\"center\">68-90<\/td><td class=\"has-text-align-center\" data-align=\"center\">66-88<\/td><td class=\"has-text-align-center\" data-align=\"center\">70-102<\/td><td class=\"has-text-align-center\" data-align=\"center\">23.5<\/td><td class=\"has-text-align-center\" data-align=\"center\">49.2<\/td><\/tr><tr><td>eu<\/td><td class=\"has-text-align-center\" data-align=\"center\">29<\/td><td class=\"has-text-align-center\" data-align=\"center\">38<\/td><td class=\"has-text-align-center\" data-align=\"center\">72-94<\/td><td class=\"has-text-align-center\" data-align=\"center\">70-92<\/td><td class=\"has-text-align-center\" data-align=\"center\">74-106<\/td><td class=\"has-text-align-center\" data-align=\"center\">24.5<\/td><td class=\"has-text-align-center\" data-align=\"center\">51.4<\/td><\/tr><tr><td colspan=\"5\">Gr\u00e1fico do Local (POLEGADAS)<\/td><td class=\"has-text-align-center\" data-align=\"center\"><\/td><td class=\"has-text-align-center\" data-align=\"center\"><\/td><td class=\"has-text-align-center\" data-align=\"center\"><\/td><\/tr><tr><td>Tamanho<\/td><td class=\"has-text-align-center\" data-align=\"center\">Comprimento<\/td><td class=\"has-text-align-center\" data-align=\"center\">Ombro<\/td><td class=\"has-text-align-center\" data-align=\"center\">Abaixo do busto<\/td><td class=\"has-text-align-center\" data-align=\"center\">circunfer\u00eancia do tornozelo<\/td><td class=\"has-text-align-center\" data-align=\"center\">cintura calcinha<\/td><td class=\"has-text-align-center\" data-align=\"center\">Comprimento da calcinha<\/td><td class=\"has-text-align-center\" data-align=\"center\">Circunfer\u00eancia do p\u00e9<\/td><\/tr><tr><td>S<\/td><td class=\"has-text-align-center\" data-align=\"center\">10.62&nbsp;<\/td><td class=\"has-text-align-center\" data-align=\"center\">14.96<\/td><td class=\"has-text-align-center\" data-align=\"center\">25.19-33.85<\/td><td class=\"has-text-align-center\" data-align=\"center\">24.40-33.04<\/td><td class=\"has-text-align-center\" data-align=\"center\">25.98-38.58<\/td><td class=\"has-text-align-center\" data-align=\"center\">8.85<\/td><td class=\"has-text-align-center\" data-align=\"center\">18.5<\/td><\/tr><tr><td>M<\/td><td class=\"has-text-align-center\" data-align=\"center\">11.02&nbsp;<\/td><td class=\"has-text-align-center\" data-align=\"center\">14.96<\/td><td class=\"has-text-align-center\" data-align=\"center\">26.77-35.43<\/td><td class=\"has-text-align-center\" data-align=\"center\">25.98-34.64<\/td><td class=\"has-text-align-center\" data-align=\"center\">27.55-40.15<\/td><td class=\"has-text-align-center\" data-align=\"center\">9.25<\/td><td class=\"has-text-align-center\" data-align=\"center\">19.37<\/td><\/tr><tr><td>eu<\/td><td class=\"has-text-align-center\" data-align=\"center\">11.41&nbsp;<\/td><td class=\"has-text-align-center\" data-align=\"center\">14.96<\/td><td class=\"has-text-align-center\" data-align=\"center\">28.34-37.00<\/td><td class=\"has-text-align-center\" data-align=\"center\">27.55-36.22<\/td><td class=\"has-text-align-center\" data-align=\"center\">29.13-41.73<\/td><td class=\"has-text-align-center\" data-align=\"center\">9.64&nbsp;<\/td><td class=\"has-text-align-center\" data-align=\"center\">20.23&nbsp;<\/td><\/tr><tr><td colspan=\"8\">Observa\u00e7\u00e3o:<br>1. Pode haver um desvio de 1 a 2 cm em diferentes tamanhos, locais e elasticidade dos tecidos. A tabela de tamanhos \u00e9 apenas para refer\u00eancia, pode haver uma pequena diferen\u00e7a com o que voc\u00ea recebe.<br>2.Existem 3 tipos de elasticidade: Elasticidade Alta (esticada nos dois lados), Elasticidade M\u00e9dia (esticada em um lado) e N\u00e3o El\u00e1stica (n\u00e3o pode ser esticada).<br>3. A cor pode ser mais clara ou mais escura devido \u00e0s diferentes telas do PC.<br>4. Lave \u00e0 m\u00e3o em \u00e1gua a 30 graus, pendure para secar \u00e0 sombra, pro\u00edba o branqueamento.<br>5. Pode haver uma pequena diferen\u00e7a nos detalhes e no padr\u00e3o.<\/td><\/tr><\/tbody><\/table><\/figure>\n\n\n\n<p><\/p>","protected":false},"excerpt":{"rendered":"<p>O conjunto inclui um sexy suti\u00e3 preto e calcinha com recortes ousados e detalhes de gravata. O estilo misterioso \u00e9 perfeito para quem quer marcar presen\u00e7a em eventos especiais. O tecido respir\u00e1vel e el\u00e1stico garante o m\u00e1ximo conforto. Pe\u00e7a agora para experimentar o m\u00e1ximo conforto, moda e sensualidade.<\/p>","protected":false},"featured_media":39508,"template":"","meta":[],"product_brand":[],"product_cat":[388,386,367],"product_tag":[861,446,867,447],"class_list":{"0":"post-39496","1":"product","2":"type-product","3":"status-publish","4":"has-post-thumbnail","6":"product_cat-wholesale-gartered-corset","7":"product_cat-sexy-bustiers","8":"product_cat-sexy-lingerie","9":"product_tag-brunette-lingerie","10":"product_tag-wholesale-sexy-see-through-lingerie","11":"product_tag-sexy-push-up-lingerie","12":"product_tag-wholesale-strappy-sexy-lingerie","13":"pa_color-black","14":"pa_cup-full-cup","15":"pa_size-wholesale-large-size-women-sexy-lingerie","16":"pa_size-wholesale-medium-size-women-sexy-lingerie","17":"pa_size-wholesale-small-size-sexy-lingerie","19":"first","20":"instock","21":"taxable","22":"shipping-taxable","23":"purchasable","24":"product-type-variable"},"tiered_pricing_type":"fixed","tiered_pricing_fixed_rules":[],"tiered_pricing_product_settings":{"layout":"default","base_unit_name":{"singular":null,"plural":null},"default_variation":null},"tiered_pricing_minimum_quantity":null,"tiered_pricing_roles_data":{"default_wholesaler":{"product_id":39496,"role":"default_wholesaler","pricing_type":"flat","regular_price":null,"sale_price":null,"discount":null,"discount_type":"sale_price","tiered_pricing_type":"fixed","percentage_rules":[],"fixed_rules":{"2":"9.19","30":"7.89","500":"6.89"},"minimum":null},"dropshippinger":{"product_id":39496,"role":"dropshippinger","pricing_type":"flat","regular_price":null,"sale_price":null,"discount":null,"discount_type":"sale_price","tiered_pricing_type":"fixed","percentage_rules":[],"fixed_rules":{"1":"10.99","5":"9.19","30":"6.89"},"minimum":null}},"tiered_pricing_percentage_rules":[],"tiered_pricing_maximum_quantity":null,"tiered_pricing_quantity_step":null,"_links":{"self":[{"href":"https:\/\/gretasexylingerie.com\/pt\/wp-json\/wp\/v2\/product\/39496","targetHints":{"allow":["GET"]}}],"collection":[{"href":"https:\/\/gretasexylingerie.com\/pt\/wp-json\/wp\/v2\/product"}],"about":[{"href":"https:\/\/gretasexylingerie.com\/pt\/wp-json\/wp\/v2\/types\/product"}],"wp:featuredmedia":[{"embeddable":true,"href":"https:\/\/gretasexylingerie.com\/pt\/wp-json\/wp\/v2\/media\/39508"}],"wp:attachment":[{"href":"https:\/\/gretasexylingerie.com\/pt\/wp-json\/wp\/v2\/media?parent=39496"}],"wp:term":[{"taxonomy":"product_brand","embeddable":true,"href":"https:\/\/gretasexylingerie.com\/pt\/wp-json\/wp\/v2\/product_brand?post=39496"},{"taxonomy":"product_cat","embeddable":true,"href":"https:\/\/gretasexylingerie.com\/pt\/wp-json\/wp\/v2\/product_cat?post=39496"},{"taxonomy":"product_tag","embeddable":true,"href":"https:\/\/gretasexylingerie.com\/pt\/wp-json\/wp\/v2\/product_tag?post=39496"}],"curies":[{"name":"wp","href":"https:\/\/api.w.org\/{rel}","templated":true}]}}