{"id":39444,"date":"2023-04-18T20:08:39","date_gmt":"2023-04-18T12:08:39","guid":{"rendered":"https:\/\/gretasexylingerie.com\/?post_type=product&#038;p=39444"},"modified":"2023-11-10T21:53:11","modified_gmt":"2023-11-10T13:53:11","slug":"lingerie-sexy-oca-bordada-conjunto-sexy","status":"publish","type":"product","link":"https:\/\/gretasexylingerie.com\/pt\/products\/embroidered-hollow-sexy-lingerie-sexy-set\/","title":{"rendered":"Conjunto de Lingerie Sexy Oco Bordado Sexy"},"content":{"rendered":"<p>1. Bordado requintado: O conjunto de lingerie sexy oco bordado apresenta bordados intrincados e bonitos que adicionam um toque de eleg\u00e2ncia e luxo \u00e0 sua cole\u00e7\u00e3o de lingerie.<\/p>\n\n\n\n<p>2. Confort\u00e1vel e respir\u00e1vel: Feito de materiais macios e leves, este conjunto de lingerie foi projetado para ser confort\u00e1vel e respir\u00e1vel, para que voc\u00ea possa se sentir confiante e confort\u00e1vel o dia todo.<\/p>\n\n\n\n<p>3. Uso vers\u00e1til: este conjunto de lingerie \u00e9 vers\u00e1til o suficiente para ser usado tanto como roupa \u00edntima quanto como agasalho, tornando-o um \u00f3timo complemento para qualquer guarda-roupa.<\/p>\n\n\n\n<p>4. Perfeito para ocasi\u00f5es especiais: Se voc\u00ea est\u00e1 procurando uma noite rom\u00e2ntica ou um evento especial, este conjunto de lingerie \u00e9 a escolha perfeita para um visual sexy e sofisticado que far\u00e1 voc\u00ea se sentir confiante e fortalecido.<\/p>\n\n\n\n<figure class=\"wp-block-table\"><table><tbody><tr><td colspan=\"6\">Gr\u00e1fico do local (CM)<\/td><\/tr><tr><td>Tamanho<\/td><td class=\"has-text-align-center\" data-align=\"center\">Altura do copo<\/td><td class=\"has-text-align-center\" data-align=\"center\">Abaixo do busto<\/td><td class=\"has-text-align-center\" data-align=\"center\">cintura calcinha<\/td><td class=\"has-text-align-center\" data-align=\"center\">Comprimento da calcinha<\/td><td class=\"has-text-align-center\" data-align=\"center\">Cintura<\/td><\/tr><tr><td>S<\/td><td class=\"has-text-align-center\" data-align=\"center\">12.5<\/td><td class=\"has-text-align-center\" data-align=\"center\">70-86<\/td><td class=\"has-text-align-center\" data-align=\"center\">66-96<\/td><td class=\"has-text-align-center\" data-align=\"center\">20<\/td><td class=\"has-text-align-center\" data-align=\"center\">58<\/td><\/tr><tr><td>M<\/td><td class=\"has-text-align-center\" data-align=\"center\">13.5<\/td><td class=\"has-text-align-center\" data-align=\"center\">74-90<\/td><td class=\"has-text-align-center\" data-align=\"center\">70-100<\/td><td class=\"has-text-align-center\" data-align=\"center\">21<\/td><td class=\"has-text-align-center\" data-align=\"center\">62<\/td><\/tr><tr><td>eu<\/td><td class=\"has-text-align-center\" data-align=\"center\">14.5<\/td><td class=\"has-text-align-center\" data-align=\"center\">78-94<\/td><td class=\"has-text-align-center\" data-align=\"center\">74-104<\/td><td class=\"has-text-align-center\" data-align=\"center\">22<\/td><td class=\"has-text-align-center\" data-align=\"center\">67<\/td><\/tr><tr><td colspan=\"6\">Gr\u00e1fico do Local (POLEGADAS)<\/td><\/tr><tr><td>Tamanho<\/td><td class=\"has-text-align-center\" data-align=\"center\">Altura do copo<\/td><td class=\"has-text-align-center\" data-align=\"center\">Abaixo do busto<\/td><td class=\"has-text-align-center\" data-align=\"center\">cintura calcinha<\/td><td class=\"has-text-align-center\" data-align=\"center\">Comprimento da calcinha<\/td><td class=\"has-text-align-center\" data-align=\"center\">Cintura<\/td><\/tr><tr><td>S<\/td><td class=\"has-text-align-center\" data-align=\"center\">4.92<\/td><td class=\"has-text-align-center\" data-align=\"center\">27.55-33.85<\/td><td class=\"has-text-align-center\" data-align=\"center\">25.19-37.79<\/td><td class=\"has-text-align-center\" data-align=\"center\">7.87<\/td><td class=\"has-text-align-center\" data-align=\"center\">22.83<\/td><\/tr><tr><td>M<\/td><td class=\"has-text-align-center\" data-align=\"center\">5.31<\/td><td class=\"has-text-align-center\" data-align=\"center\">29.13-35.43<\/td><td class=\"has-text-align-center\" data-align=\"center\">26.77-39.37<\/td><td class=\"has-text-align-center\" data-align=\"center\">8.26<\/td><td class=\"has-text-align-center\" data-align=\"center\">24.40&nbsp;<\/td><\/tr><tr><td>eu<\/td><td class=\"has-text-align-center\" data-align=\"center\">5.70&nbsp;<\/td><td class=\"has-text-align-center\" data-align=\"center\">30.70-37.00<\/td><td class=\"has-text-align-center\" data-align=\"center\">28.34-40.94<\/td><td class=\"has-text-align-center\" data-align=\"center\">8.66&nbsp;<\/td><td class=\"has-text-align-center\" data-align=\"center\">26.37&nbsp;<\/td><\/tr><tr><td colspan=\"6\">Observa\u00e7\u00e3o:<br>1. Pode haver um desvio de 1 a 2 cm em diferentes tamanhos, locais e elasticidade dos tecidos. A tabela de tamanhos \u00e9 apenas para refer\u00eancia, pode haver uma pequena diferen\u00e7a com o que voc\u00ea recebe.<br>2.Existem 3 tipos de elasticidade: Elasticidade Alta (esticada nos dois lados), Elasticidade M\u00e9dia (esticada em um lado) e N\u00e3o El\u00e1stica (n\u00e3o pode ser esticada).<br>3. A cor pode ser mais clara ou mais escura devido \u00e0s diferentes telas do PC.<br>4. Lave \u00e0 m\u00e3o em \u00e1gua a 30 graus, pendure para secar \u00e0 sombra, pro\u00edba o branqueamento.<br>5. Pode haver uma pequena diferen\u00e7a nos detalhes e no padr\u00e3o.<\/td><\/tr><\/tbody><\/table><\/figure>\n\n\n\n<p><\/p>","protected":false},"excerpt":{"rendered":"<p>Todos os conjuntos apresentam designs de recorte impressionantes para adicionar glamour ao seu visual, enquanto al\u00e7as ajust\u00e1veis e al\u00e7as oferecem um ajuste personaliz\u00e1vel para cada formato de corpo. N\u00e3o se contente com roupas \u00edntimas simples, use lingerie sexy com recortes bordados e ternos sensuais, entre no mundo da sedu\u00e7\u00e3o definitiva.<\/p>\n<p>https:\/\/youtu.be\/PJ8shHTwhKo<\/p>","protected":false},"featured_media":39452,"template":"","meta":[],"product_brand":[],"product_cat":[368,374,367,375],"product_tag":[868,512,861,454,518,451,446,864],"class_list":{"0":"post-39444","1":"product","2":"type-product","3":"status-publish","4":"has-post-thumbnail","6":"product_cat-bra-panty-set","7":"product_cat-wholesale-garter-belt-set","8":"product_cat-sexy-lingerie","9":"product_cat-whoelsale-sheer-bra-and-panty-sets","10":"product_tag-4-piece-lingerie-set","11":"product_tag-bow-lingerie","12":"product_tag-brunette-lingerie","13":"product_tag-wholesale-sexy-embroidered-lingerie","14":"product_tag-mesh-lingerie","15":"product_tag-wholesale-revealing-lingerie","16":"product_tag-wholesale-sexy-see-through-lingerie","17":"product_tag-sexy-petite-lingerie","18":"pa_color-black","19":"pa_color-red-women-sexy-lingerie","20":"pa_cup-wholesale-half-cup-women-sexy-lingerie","21":"pa_size-wholesale-large-size-women-sexy-lingerie","22":"pa_size-wholesale-medium-size-women-sexy-lingerie","23":"pa_size-wholesale-small-size-sexy-lingerie","25":"first","26":"instock","27":"taxable","28":"shipping-taxable","29":"purchasable","30":"product-type-variable"},"tiered_pricing_type":"fixed","tiered_pricing_fixed_rules":[],"tiered_pricing_product_settings":{"layout":"default","base_unit_name":{"singular":null,"plural":null},"default_variation":{}},"tiered_pricing_minimum_quantity":null,"tiered_pricing_roles_data":{"default_wholesaler":{"product_id":39444,"role":"default_wholesaler","pricing_type":"flat","regular_price":null,"sale_price":null,"discount":null,"discount_type":"sale_price","tiered_pricing_type":"fixed","percentage_rules":[],"fixed_rules":{"2":"9.69","30":"8.29","500":"7.29"},"minimum":null},"dropshippinger":{"product_id":39444,"role":"dropshippinger","pricing_type":"flat","regular_price":null,"sale_price":null,"discount":null,"discount_type":"sale_price","tiered_pricing_type":"fixed","percentage_rules":[],"fixed_rules":{"1":"11.59","5":"9.69","30":"7.29"},"minimum":null}},"tiered_pricing_percentage_rules":[],"tiered_pricing_maximum_quantity":null,"tiered_pricing_quantity_step":null,"_links":{"self":[{"href":"https:\/\/gretasexylingerie.com\/pt\/wp-json\/wp\/v2\/product\/39444","targetHints":{"allow":["GET"]}}],"collection":[{"href":"https:\/\/gretasexylingerie.com\/pt\/wp-json\/wp\/v2\/product"}],"about":[{"href":"https:\/\/gretasexylingerie.com\/pt\/wp-json\/wp\/v2\/types\/product"}],"wp:featuredmedia":[{"embeddable":true,"href":"https:\/\/gretasexylingerie.com\/pt\/wp-json\/wp\/v2\/media\/39452"}],"wp:attachment":[{"href":"https:\/\/gretasexylingerie.com\/pt\/wp-json\/wp\/v2\/media?parent=39444"}],"wp:term":[{"taxonomy":"product_brand","embeddable":true,"href":"https:\/\/gretasexylingerie.com\/pt\/wp-json\/wp\/v2\/product_brand?post=39444"},{"taxonomy":"product_cat","embeddable":true,"href":"https:\/\/gretasexylingerie.com\/pt\/wp-json\/wp\/v2\/product_cat?post=39444"},{"taxonomy":"product_tag","embeddable":true,"href":"https:\/\/gretasexylingerie.com\/pt\/wp-json\/wp\/v2\/product_tag?post=39444"}],"curies":[{"name":"wp","href":"https:\/\/api.w.org\/{rel}","templated":true}]}}