{"id":39428,"date":"2023-04-17T23:03:17","date_gmt":"2023-04-17T15:03:17","guid":{"rendered":"https:\/\/gretasexylingerie.com\/?post_type=product&#038;p=39428"},"modified":"2023-09-05T20:51:14","modified_gmt":"2023-09-05T12:51:14","slug":"macacao-sexy-lingerie-oca","status":"publish","type":"product","link":"https:\/\/gretasexylingerie.com\/pt\/products\/sexy-jumpsuit-hollow-lingerie\/","title":{"rendered":"Macac\u00e3o Sexy Lingerie Oca"},"content":{"rendered":"<p>1. Design exclusivo: O Sexy Jumpsuit Hollow Underwear apresenta um design exclusivo e elegante que o diferencia de outras op\u00e7\u00f5es de lingerie e roupas \u00edntimas.<\/p>\n\n\n\n<p>2. Ajuste confort\u00e1vel: Feito de materiais de alta qualidade, este macac\u00e3o oferece um ajuste confort\u00e1vel e respir\u00e1vel que far\u00e1 voc\u00ea se sentir confiante e sexy o dia todo.<\/p>\n\n\n\n<p>3. Desgaste vers\u00e1til: O Sexy Jumpsuit Hollow Underwear \u00e9 vers\u00e1til o suficiente para ser usado como roupa \u00edntima e exterior, tornando-o um \u00f3timo complemento para qualquer guarda-roupa.<\/p>\n\n\n\n<p>4. Perfeito para ocasi\u00f5es especiais: Esteja voc\u00ea se preparando para uma noite rom\u00e2ntica ou um evento especial, este macac\u00e3o \u00e9 a escolha perfeita para um visual ousado e sexy que vai virar a cabe\u00e7a.<\/p>\n\n\n\n<figure class=\"wp-block-table is-style-stripes\"><table class=\"has-fixed-layout\"><tbody><tr><td colspan=\"5\">Gr\u00e1fico do local (CM)<\/td><\/tr><tr><td>Tamanho<\/td><td class=\"has-text-align-center\" data-align=\"center\">Comprimento<\/td><td class=\"has-text-align-center\" data-align=\"center\">Abaixo do busto<\/td><td class=\"has-text-align-center\" data-align=\"center\">Cintura<\/td><td class=\"has-text-align-center\" data-align=\"center\">Quadril<\/td><\/tr><tr><td>S<\/td><td class=\"has-text-align-center\" data-align=\"center\">55<\/td><td class=\"has-text-align-center\" data-align=\"center\">68-86<\/td><td class=\"has-text-align-center\" data-align=\"center\">64-96<\/td><td class=\"has-text-align-center\" data-align=\"center\">68-86<\/td><\/tr><tr><td>M<\/td><td class=\"has-text-align-center\" data-align=\"center\">56.5<\/td><td class=\"has-text-align-center\" data-align=\"center\">72-90<\/td><td class=\"has-text-align-center\" data-align=\"center\">68-100<\/td><td class=\"has-text-align-center\" data-align=\"center\">72-90<\/td><\/tr><tr><td>eu<\/td><td class=\"has-text-align-center\" data-align=\"center\">58<\/td><td class=\"has-text-align-center\" data-align=\"center\">76-94<\/td><td class=\"has-text-align-center\" data-align=\"center\">72-104<\/td><td class=\"has-text-align-center\" data-align=\"center\">76-94<\/td><\/tr><tr><td colspan=\"5\">Gr\u00e1fico do Local (POLEGADAS)<\/td><\/tr><tr><td>Tamanho<\/td><td class=\"has-text-align-center\" data-align=\"center\">Comprimento<\/td><td class=\"has-text-align-center\" data-align=\"center\">Abaixo do busto<\/td><td class=\"has-text-align-center\" data-align=\"center\">Cintura<\/td><td class=\"has-text-align-center\" data-align=\"center\">Quadril<\/td><\/tr><tr><td>S<\/td><td class=\"has-text-align-center\" data-align=\"center\">21.65<\/td><td class=\"has-text-align-center\" data-align=\"center\">26.77-33.85<\/td><td class=\"has-text-align-center\" data-align=\"center\">25.19-37.79<\/td><td class=\"has-text-align-center\" data-align=\"center\">26.77-33.85<\/td><\/tr><tr><td>M<\/td><td class=\"has-text-align-center\" data-align=\"center\">22.24<\/td><td class=\"has-text-align-center\" data-align=\"center\">28.34-35.43<\/td><td class=\"has-text-align-center\" data-align=\"center\">26.77-39.37<\/td><td class=\"has-text-align-center\" data-align=\"center\">28.34-35.43<\/td><\/tr><tr><td>eu<\/td><td class=\"has-text-align-center\" data-align=\"center\">22.83<\/td><td class=\"has-text-align-center\" data-align=\"center\">29.92-37.00<\/td><td class=\"has-text-align-center\" data-align=\"center\">28.34-40.94<\/td><td class=\"has-text-align-center\" data-align=\"center\">29.92-37.00<\/td><\/tr><tr><td colspan=\"5\">Observa\u00e7\u00e3o:<br>1. Pode haver um desvio de 1 a 2 cm em diferentes tamanhos, locais e elasticidade dos tecidos. A tabela de tamanhos \u00e9 apenas para refer\u00eancia, pode haver uma pequena diferen\u00e7a com o que voc\u00ea recebe.<br>2.Existem 3 tipos de elasticidade: Elasticidade Alta (esticada nos dois lados), Elasticidade M\u00e9dia (esticada em um lado) e N\u00e3o El\u00e1stica (n\u00e3o pode ser esticada).<br>3. A cor pode ser mais clara ou mais escura devido \u00e0s diferentes telas do PC.<br>4. Lave \u00e0 m\u00e3o em \u00e1gua a 30 graus, pendure para secar \u00e0 sombra, pro\u00edba o branqueamento.<br>5. Pode haver uma pequena diferen\u00e7a nos detalhes e no padr\u00e3o.<\/td><\/tr><\/tbody><\/table><\/figure>\n\n\n\n<p><\/p>","protected":false},"excerpt":{"rendered":"<p>O conjunto de roupas \u00edntimas \u00e9 feito de material de malha de alta qualidade, macio ao toque e confort\u00e1vel de usar. O design transparente adiciona um elemento sexy extra. \u00c9 o melhor presente para sua fam\u00edlia e amante.<\/p>","protected":false},"featured_media":39439,"template":"","meta":[],"product_brand":[],"product_cat":[370,371,367],"product_tag":[452,861,521,448,867,866,862],"class_list":{"0":"post-39428","1":"product","2":"type-product","3":"status-publish","4":"has-post-thumbnail","6":"product_cat-bodysuit","7":"product_cat-wholesale-sexy-lace-bodysuit","8":"product_cat-sexy-lingerie","9":"product_tag-wholesale-boudoir-lingerie","10":"product_tag-brunette-lingerie","11":"product_tag-deep-v-lingerie","12":"product_tag-wholesale-elegant-sexy-lingerie","13":"product_tag-sexy-push-up-lingerie","14":"product_tag-sexy-romper-lingerie","15":"product_tag-sexy-silk-lingerie","16":"pa_color-black","17":"pa_cup-wholesale-half-cup-women-sexy-lingerie","18":"pa_size-wholesale-large-size-women-sexy-lingerie","19":"pa_size-wholesale-medium-size-women-sexy-lingerie","20":"pa_size-wholesale-small-size-sexy-lingerie","22":"first","23":"instock","24":"taxable","25":"shipping-taxable","26":"purchasable","27":"product-type-variable"},"tiered_pricing_type":"fixed","tiered_pricing_fixed_rules":[],"tiered_pricing_product_settings":{"layout":"default","base_unit_name":{"singular":null,"plural":null},"default_variation":null},"tiered_pricing_minimum_quantity":null,"tiered_pricing_roles_data":{"default_wholesaler":{"product_id":39428,"role":"default_wholesaler","pricing_type":"flat","regular_price":null,"sale_price":null,"discount":null,"discount_type":"sale_price","tiered_pricing_type":"fixed","percentage_rules":[],"fixed_rules":{"2":"7.89","30":"6.79","500":"5.89"},"minimum":null},"dropshippinger":{"product_id":39428,"role":"dropshippinger","pricing_type":"flat","regular_price":null,"sale_price":null,"discount":null,"discount_type":"sale_price","tiered_pricing_type":"fixed","percentage_rules":[],"fixed_rules":{"1":"9.39","5":"7.89","30":"5.86"},"minimum":null}},"tiered_pricing_percentage_rules":[],"tiered_pricing_maximum_quantity":null,"tiered_pricing_quantity_step":null,"_links":{"self":[{"href":"https:\/\/gretasexylingerie.com\/pt\/wp-json\/wp\/v2\/product\/39428","targetHints":{"allow":["GET"]}}],"collection":[{"href":"https:\/\/gretasexylingerie.com\/pt\/wp-json\/wp\/v2\/product"}],"about":[{"href":"https:\/\/gretasexylingerie.com\/pt\/wp-json\/wp\/v2\/types\/product"}],"wp:featuredmedia":[{"embeddable":true,"href":"https:\/\/gretasexylingerie.com\/pt\/wp-json\/wp\/v2\/media\/39439"}],"wp:attachment":[{"href":"https:\/\/gretasexylingerie.com\/pt\/wp-json\/wp\/v2\/media?parent=39428"}],"wp:term":[{"taxonomy":"product_brand","embeddable":true,"href":"https:\/\/gretasexylingerie.com\/pt\/wp-json\/wp\/v2\/product_brand?post=39428"},{"taxonomy":"product_cat","embeddable":true,"href":"https:\/\/gretasexylingerie.com\/pt\/wp-json\/wp\/v2\/product_cat?post=39428"},{"taxonomy":"product_tag","embeddable":true,"href":"https:\/\/gretasexylingerie.com\/pt\/wp-json\/wp\/v2\/product_tag?post=39428"}],"curies":[{"name":"wp","href":"https:\/\/api.w.org\/{rel}","templated":true}]}}