{"id":39388,"date":"2023-04-17T22:30:57","date_gmt":"2023-04-17T14:30:57","guid":{"rendered":"https:\/\/gretasexylingerie.com\/?post_type=product&#038;p=39388"},"modified":"2023-10-22T22:32:33","modified_gmt":"2023-10-22T14:32:33","slug":"conjunto-de-lingerie-erotica","status":"publish","type":"product","link":"https:\/\/gretasexylingerie.com\/pt\/products\/bundled-erotic-lingerie-set\/","title":{"rendered":"Pacote de lingerie er\u00f3tica"},"content":{"rendered":"<p>1. Design sexy e sedutor: O conjunto de lingerie er\u00f3tica agrupado foi projetado para inflamar a paix\u00e3o e o desejo, com seu design atraente e sedutor. O conjunto inclui suti\u00e3, calcinha, cinta-liga e meia-cal\u00e7a, tudo confeccionado em renda transparente de alta qualidade que cria um visual irresist\u00edvel e sexy.<\/p>\n\n\n\n<p>2. Confort\u00e1vel e de suporte: O conjunto de lingerie \u00e9 feito de materiais macios e el\u00e1sticos que s\u00e3o confort\u00e1veis e de suporte. O suti\u00e3 oferece amplo suporte e eleva\u00e7\u00e3o, enquanto a cinta-liga e as meias permanecem firmemente no lugar sem escorregar ou deslizar para baixo.<\/p>\n\n\n\n<p>3. Vers\u00e1til e personaliz\u00e1vel: O Conjunto de Lingerie Er\u00f3tica Bundled pode ser usado em conjunto como um conjunto completo ou misturado e combinado com outras pe\u00e7as de lingerie. As al\u00e7as e ganchos ajust\u00e1veis permitem que voc\u00ea personalize o caimento e o estilo de cada pe\u00e7a de acordo com suas prefer\u00eancias e tipo de corpo.<\/p>\n\n\n\n<p>4. Luxo acess\u00edvel: o conjunto de lingerie er\u00f3tica empacotado oferece uma experi\u00eancia de lingerie luxuosa e sofisticada a um pre\u00e7o acess\u00edvel. O conjunto \u00e9 feito de materiais de alta qualidade e apresenta detalhes complexos, tornando-o uma adi\u00e7\u00e3o luxuosa \u00e0 sua cole\u00e7\u00e3o de lingerie sem gastar muito. Al\u00e9m disso, a versatilidade e durabilidade do conjunto o tornam um \u00f3timo custo-benef\u00edcio.<\/p>\n\n\n\n<figure class=\"wp-block-table is-style-stripes\"><table class=\"has-fixed-layout\"><tbody><tr><td colspan=\"5\">Gr\u00e1fico do local (CM)<\/td><\/tr><tr><td>Tamanho<\/td><td class=\"has-text-align-center\" data-align=\"center\">Comprimento<\/td><td class=\"has-text-align-center\" data-align=\"center\">Abaixo do busto<\/td><td class=\"has-text-align-center\" data-align=\"center\">Cintura da cal\u00e7a<\/td><td>Comprimento da calcinha<\/td><\/tr><tr><td>S<\/td><td class=\"has-text-align-center\" data-align=\"center\">44<\/td><td class=\"has-text-align-center\" data-align=\"center\">68-86<\/td><td class=\"has-text-align-center\" data-align=\"center\">67-96<\/td><td>23<\/td><\/tr><tr><td>M<\/td><td class=\"has-text-align-center\" data-align=\"center\">45<\/td><td class=\"has-text-align-center\" data-align=\"center\">72-90<\/td><td class=\"has-text-align-center\" data-align=\"center\">71-100<\/td><td>24<\/td><\/tr><tr><td>eu<\/td><td class=\"has-text-align-center\" data-align=\"center\">46<\/td><td class=\"has-text-align-center\" data-align=\"center\">76-94<\/td><td class=\"has-text-align-center\" data-align=\"center\">75-104<\/td><td>25<\/td><\/tr><tr><td colspan=\"5\">Gr\u00e1fico do Local (POLEGADAS)<\/td><\/tr><tr><td>Tamanho<\/td><td class=\"has-text-align-center\" data-align=\"center\">Comprimento<\/td><td class=\"has-text-align-center\" data-align=\"center\">Abaixo do busto<\/td><td class=\"has-text-align-center\" data-align=\"center\">Cintura da cal\u00e7a<\/td><td>Comprimento da calcinha<\/td><\/tr><tr><td>S<\/td><td class=\"has-text-align-center\" data-align=\"center\">17.32<\/td><td class=\"has-text-align-center\" data-align=\"center\">26.77-33.85<\/td><td class=\"has-text-align-center\" data-align=\"center\">26.37-37.79<\/td><td>9.05<\/td><\/tr><tr><td>M<\/td><td class=\"has-text-align-center\" data-align=\"center\">17.71<\/td><td class=\"has-text-align-center\" data-align=\"center\">28.34-35.43<\/td><td class=\"has-text-align-center\" data-align=\"center\">27.95-39.37<\/td><td>9.44<\/td><\/tr><tr><td>eu<\/td><td class=\"has-text-align-center\" data-align=\"center\">18.11<\/td><td class=\"has-text-align-center\" data-align=\"center\">29.92-37.00<\/td><td class=\"has-text-align-center\" data-align=\"center\">29.52-40.94<\/td><td>9.84&nbsp;<\/td><\/tr><tr><td colspan=\"5\">Observa\u00e7\u00e3o:<br>1. Pode haver um desvio de 1 a 2 cm em diferentes tamanhos, locais e elasticidade dos tecidos. A tabela de tamanhos \u00e9 apenas para refer\u00eancia, pode haver uma pequena diferen\u00e7a com o que voc\u00ea recebe.<br>2.Existem 3 tipos de elasticidade: Elasticidade Alta (esticada nos dois lados), Elasticidade M\u00e9dia (esticada em um lado) e N\u00e3o El\u00e1stica (n\u00e3o pode ser esticada).<br>3. A cor pode ser mais clara ou mais escura devido \u00e0s diferentes telas do PC.<br>4. Lave \u00e0 m\u00e3o em \u00e1gua a 30 graus, pendure para secar \u00e0 sombra, pro\u00edba o branqueamento.<br>5. Pode haver uma pequena diferen\u00e7a nos detalhes e no padr\u00e3o.<\/td><\/tr><\/tbody><\/table><\/figure>\n\n\n\n<p><\/p>","protected":false},"excerpt":{"rendered":"<p>Apresentando o Bundled Erotic Lingerie Set, um conjunto de lingerie de grande valor para mulheres que querem ser confiantes e atraentes, materiais de alta qualidade e detalhes finos tornam este conjunto obrigat\u00f3rio para qualquer cole\u00e7\u00e3o de lingerie.<\/p>\n<p>https:\/\/youtu.be\/x12DQQkcq7M<\/p>","protected":false},"featured_media":39395,"template":"","meta":[],"product_brand":[],"product_cat":[388,386,367],"product_tag":[861,880,453,447,504],"class_list":{"0":"post-39388","1":"product","2":"type-product","3":"status-publish","4":"has-post-thumbnail","6":"product_cat-wholesale-gartered-corset","7":"product_cat-sexy-bustiers","8":"product_cat-sexy-lingerie","9":"product_tag-brunette-lingerie","10":"product_tag-sexy-2-piece-lingerie","11":"product_tag-wholesale-sexy-naughty-lingerie","12":"product_tag-wholesale-strappy-sexy-lingerie","13":"product_tag-ultra-sexy","14":"pa_color-black","15":"pa_cup-full-cup","16":"pa_size-wholesale-large-size-women-sexy-lingerie","17":"pa_size-wholesale-medium-size-women-sexy-lingerie","18":"pa_size-wholesale-small-size-sexy-lingerie","20":"first","21":"instock","22":"taxable","23":"shipping-taxable","24":"purchasable","25":"product-type-variable"},"tiered_pricing_type":"fixed","tiered_pricing_fixed_rules":[],"tiered_pricing_product_settings":{"layout":"default","base_unit_name":{"singular":null,"plural":null},"default_variation":{}},"tiered_pricing_minimum_quantity":null,"tiered_pricing_roles_data":{"default_wholesaler":{"product_id":39388,"role":"default_wholesaler","pricing_type":"flat","regular_price":null,"sale_price":null,"discount":null,"discount_type":"sale_price","tiered_pricing_type":"fixed","percentage_rules":[],"fixed_rules":{"2":"10.19","30":"8.79","500":"7.69"},"minimum":null},"dropshippinger":{"product_id":39388,"role":"dropshippinger","pricing_type":"flat","regular_price":null,"sale_price":null,"discount":null,"discount_type":"sale_price","tiered_pricing_type":"fixed","percentage_rules":[],"fixed_rules":{"1":"12.19","5":"10.19","30":"7.69"},"minimum":null}},"tiered_pricing_percentage_rules":[],"tiered_pricing_maximum_quantity":null,"tiered_pricing_quantity_step":null,"_links":{"self":[{"href":"https:\/\/gretasexylingerie.com\/pt\/wp-json\/wp\/v2\/product\/39388","targetHints":{"allow":["GET"]}}],"collection":[{"href":"https:\/\/gretasexylingerie.com\/pt\/wp-json\/wp\/v2\/product"}],"about":[{"href":"https:\/\/gretasexylingerie.com\/pt\/wp-json\/wp\/v2\/types\/product"}],"wp:featuredmedia":[{"embeddable":true,"href":"https:\/\/gretasexylingerie.com\/pt\/wp-json\/wp\/v2\/media\/39395"}],"wp:attachment":[{"href":"https:\/\/gretasexylingerie.com\/pt\/wp-json\/wp\/v2\/media?parent=39388"}],"wp:term":[{"taxonomy":"product_brand","embeddable":true,"href":"https:\/\/gretasexylingerie.com\/pt\/wp-json\/wp\/v2\/product_brand?post=39388"},{"taxonomy":"product_cat","embeddable":true,"href":"https:\/\/gretasexylingerie.com\/pt\/wp-json\/wp\/v2\/product_cat?post=39388"},{"taxonomy":"product_tag","embeddable":true,"href":"https:\/\/gretasexylingerie.com\/pt\/wp-json\/wp\/v2\/product_tag?post=39388"}],"curies":[{"name":"wp","href":"https:\/\/api.w.org\/{rel}","templated":true}]}}