{"id":39351,"date":"2023-04-17T20:20:36","date_gmt":"2023-04-17T12:20:36","guid":{"rendered":"https:\/\/gretasexylingerie.com\/?post_type=product&#038;p=39351"},"modified":"2023-09-05T20:51:03","modified_gmt":"2023-09-05T12:51:03","slug":"sexy-puro-desejo-meninas-roupa-interior-sexy-terno","status":"publish","type":"product","link":"https:\/\/gretasexylingerie.com\/pt\/products\/sexy-pure-desire-girls-underwear-sexy-suit\/","title":{"rendered":"Roupa \u00edntima feminina Pure Desire sexy"},"content":{"rendered":"<p>1. Ajuste confort\u00e1vel e lisonjeiro: o terno Sexy Pure Desire Girls foi projetado para caber confortavelmente e lisonjeiro em meninas de todos os tamanhos. O material macio e el\u00e1stico se ajusta ao corpo, proporcionando um ajuste firme e confort\u00e1vel que permite movimentos f\u00e1ceis.<\/p>\n\n\n\n<p>2. Design elegante e moderno: o terno sexy de roupa \u00edntima feminina Sexy Pure Desire \u00e9 elegante e moderno, tornando-o o complemento perfeito para qualquer cole\u00e7\u00e3o de lingerie feminina. Com seu design atraente e aten\u00e7\u00e3o aos detalhes, este traje certamente far\u00e1 uma declara\u00e7\u00e3o e chamar\u00e1 a aten\u00e7\u00e3o.<\/p>\n\n\n\n<p>3. Materiais de alta qualidade: Este conjunto de lingerie \u00e9 feito de materiais de alta qualidade que s\u00e3o dur\u00e1veis e duradouros. Ele pode suportar v\u00e1rias lavagens e desgastes, garantindo que voc\u00ea aproveite ao m\u00e1ximo seu investimento.<\/p>\n\n\n\n<p>4. Aumenta a confian\u00e7a e a auto-estima: Usar o terno sexy Pure Desire Girls pode aumentar a confian\u00e7a e a auto-estima de uma garota. Ele foi projetado para faz\u00ea-la se sentir sexy e desej\u00e1vel, o que pode ter um impacto positivo em seu humor geral e em suas perspectivas de vida.<\/p>\n\n\n\n<figure class=\"wp-block-table\"><table><tbody><tr><td colspan=\"8\">Gr\u00e1fico do local (CM)<\/td><\/tr><tr><td>Tamanho<\/td><td class=\"has-text-align-center\" data-align=\"center\">Abaixo do busto<\/td><td class=\"has-text-align-center\" data-align=\"center\">Manga<\/td><td class=\"has-text-align-center\" data-align=\"center\">Comprimento da saia lateral<\/td><td class=\"has-text-align-center\" data-align=\"center\">cintura calcinha<\/td><td class=\"has-text-align-center\" data-align=\"center\">Comprimento da calcinha<\/td><td class=\"has-text-align-center\" data-align=\"center\">Comprimento<\/td><td class=\"has-text-align-center\" data-align=\"center\">Cintura<\/td><\/tr><tr><td>S<\/td><td class=\"has-text-align-center\" data-align=\"center\">54-82<\/td><td class=\"has-text-align-center\" data-align=\"center\">42<\/td><td class=\"has-text-align-center\" data-align=\"center\">22<\/td><td class=\"has-text-align-center\" data-align=\"center\">66-98<\/td><td class=\"has-text-align-center\" data-align=\"center\">20.5<\/td><td class=\"has-text-align-center\" data-align=\"center\">22<\/td><td class=\"has-text-align-center\" data-align=\"center\">61-84<\/td><\/tr><tr><td>M<\/td><td class=\"has-text-align-center\" data-align=\"center\">58-86<\/td><td class=\"has-text-align-center\" data-align=\"center\">43<\/td><td class=\"has-text-align-center\" data-align=\"center\">23<\/td><td class=\"has-text-align-center\" data-align=\"center\">70-102<\/td><td class=\"has-text-align-center\" data-align=\"center\">21.5<\/td><td class=\"has-text-align-center\" data-align=\"center\">23<\/td><td class=\"has-text-align-center\" data-align=\"center\">65-88<\/td><\/tr><tr><td>eu<\/td><td class=\"has-text-align-center\" data-align=\"center\">62-90<\/td><td class=\"has-text-align-center\" data-align=\"center\">44<\/td><td class=\"has-text-align-center\" data-align=\"center\">24<\/td><td class=\"has-text-align-center\" data-align=\"center\">74-106<\/td><td class=\"has-text-align-center\" data-align=\"center\">22.5<\/td><td class=\"has-text-align-center\" data-align=\"center\">24<\/td><td class=\"has-text-align-center\" data-align=\"center\">69-92<\/td><\/tr><tr><td colspan=\"8\">Gr\u00e1fico do Local (POLEGADAS)<\/td><\/tr><tr><td>Tamanho<\/td><td class=\"has-text-align-center\" data-align=\"center\">Abaixo do busto<\/td><td class=\"has-text-align-center\" data-align=\"center\">Manga<\/td><td class=\"has-text-align-center\" data-align=\"center\">Comprimento da saia lateral<\/td><td class=\"has-text-align-center\" data-align=\"center\">cintura calcinha<\/td><td class=\"has-text-align-center\" data-align=\"center\">Comprimento da calcinha<\/td><td class=\"has-text-align-center\" data-align=\"center\">Comprimento<\/td><td class=\"has-text-align-center\" data-align=\"center\">Cintura<\/td><\/tr><tr><td>S<\/td><td class=\"has-text-align-center\" data-align=\"center\">21.26-32.28<\/td><td class=\"has-text-align-center\" data-align=\"center\">16.53<\/td><td class=\"has-text-align-center\" data-align=\"center\">8.66<\/td><td class=\"has-text-align-center\" data-align=\"center\">25.98-38.58<\/td><td class=\"has-text-align-center\" data-align=\"center\">8.07<\/td><td class=\"has-text-align-center\" data-align=\"center\">8.66<\/td><td class=\"has-text-align-center\" data-align=\"center\">24.01-33.07<\/td><\/tr><tr><td>M<\/td><td class=\"has-text-align-center\" data-align=\"center\">22.83-33.85<\/td><td class=\"has-text-align-center\" data-align=\"center\">16.92<\/td><td class=\"has-text-align-center\" data-align=\"center\">9.05<\/td><td class=\"has-text-align-center\" data-align=\"center\">27.55-40.15<\/td><td class=\"has-text-align-center\" data-align=\"center\">8.46<\/td><td class=\"has-text-align-center\" data-align=\"center\">9.05<\/td><td class=\"has-text-align-center\" data-align=\"center\">25.59-34.64<\/td><\/tr><tr><td>eu<\/td><td class=\"has-text-align-center\" data-align=\"center\">24.40-35.43<\/td><td class=\"has-text-align-center\" data-align=\"center\">17.32<\/td><td class=\"has-text-align-center\" data-align=\"center\">9.44<\/td><td class=\"has-text-align-center\" data-align=\"center\">29.13-41.73<\/td><td class=\"has-text-align-center\" data-align=\"center\">8.85<\/td><td class=\"has-text-align-center\" data-align=\"center\">9.44&nbsp;<\/td><td class=\"has-text-align-center\" data-align=\"center\">27.16-36.22<\/td><\/tr><tr><td colspan=\"8\">Observa\u00e7\u00e3o:<br>1. Pode haver um desvio de 1 a 2 cm em diferentes tamanhos, locais e elasticidade dos tecidos. A tabela de tamanhos \u00e9 apenas para refer\u00eancia, pode haver uma pequena diferen\u00e7a com o que voc\u00ea recebe.<br>2.Existem 3 tipos de elasticidade: Elasticidade Alta (esticada nos dois lados), Elasticidade M\u00e9dia (esticada em um lado) e N\u00e3o El\u00e1stica (n\u00e3o pode ser esticada).<br>3. A cor pode ser mais clara ou mais escura devido \u00e0s diferentes telas do PC.<br>4. Lave \u00e0 m\u00e3o em \u00e1gua a 30 graus, pendure para secar \u00e0 sombra, pro\u00edba o branqueamento.<br>5. Pode haver uma pequena diferen\u00e7a nos detalhes e no padr\u00e3o.<\/td><\/tr><\/tbody><\/table><\/figure>\n\n\n\n<p><\/p>","protected":false},"excerpt":{"rendered":"<p>Esta lingerie apresenta renda para uma vibra\u00e7\u00e3o sexy e sedutora. O material macio far\u00e1 com que voc\u00ea se sinta como se n\u00e3o estivesse usando nada, e o design intrincado oferece o melhor suporte. Este conjunto sexy \u00e9 dur\u00e1vel o suficiente para aproveit\u00e1-lo durante todo o ano. Encomende-o agora e experimente a feminilidade e sensualidade m\u00e1ximas!<\/p>","protected":false},"featured_media":39363,"template":"","meta":[],"product_brand":[],"product_cat":[368,387,388,386,367],"product_tag":[505,528,524,510,446,453,867,865],"class_list":{"0":"post-39351","1":"product","2":"type-product","3":"status-publish","4":"has-post-thumbnail","6":"product_cat-bra-panty-set","7":"product_cat-wholesale-bustier-bra-set","8":"product_cat-wholesale-gartered-corset","9":"product_cat-sexy-bustiers","10":"product_cat-sexy-lingerie","11":"product_tag-5-piece-lingerie-set","12":"product_tag-halter-lingerie","13":"product_tag-metal-lingerie","14":"product_tag-ruffles-lingerie","15":"product_tag-wholesale-sexy-see-through-lingerie","16":"product_tag-wholesale-sexy-naughty-lingerie","17":"product_tag-sexy-push-up-lingerie","18":"product_tag-sexy-skimpy-lingerie","19":"pa_color-pink-women-sexy-lingerie","20":"pa_cup-full-cup","21":"pa_size-wholesale-large-size-women-sexy-lingerie","22":"pa_size-wholesale-medium-size-women-sexy-lingerie","23":"pa_size-wholesale-small-size-sexy-lingerie","25":"first","26":"instock","27":"taxable","28":"shipping-taxable","29":"purchasable","30":"product-type-variable"},"tiered_pricing_type":"fixed","tiered_pricing_fixed_rules":[],"tiered_pricing_product_settings":{"layout":"default","base_unit_name":{"singular":null,"plural":null},"default_variation":null},"tiered_pricing_minimum_quantity":null,"tiered_pricing_roles_data":{"default_wholesaler":{"product_id":39351,"role":"default_wholesaler","pricing_type":"flat","regular_price":null,"sale_price":null,"discount":null,"discount_type":"sale_price","tiered_pricing_type":"fixed","percentage_rules":[],"fixed_rules":{"2":"11.49","30":"9.89","500":"8.59"},"minimum":null},"dropshippinger":{"product_id":39351,"role":"dropshippinger","pricing_type":"flat","regular_price":null,"sale_price":null,"discount":null,"discount_type":"sale_price","tiered_pricing_type":"fixed","percentage_rules":[],"fixed_rules":{"1":"13.79","5":"11.49","30":"8.59"},"minimum":null}},"tiered_pricing_percentage_rules":[],"tiered_pricing_maximum_quantity":null,"tiered_pricing_quantity_step":null,"_links":{"self":[{"href":"https:\/\/gretasexylingerie.com\/pt\/wp-json\/wp\/v2\/product\/39351","targetHints":{"allow":["GET"]}}],"collection":[{"href":"https:\/\/gretasexylingerie.com\/pt\/wp-json\/wp\/v2\/product"}],"about":[{"href":"https:\/\/gretasexylingerie.com\/pt\/wp-json\/wp\/v2\/types\/product"}],"wp:featuredmedia":[{"embeddable":true,"href":"https:\/\/gretasexylingerie.com\/pt\/wp-json\/wp\/v2\/media\/39363"}],"wp:attachment":[{"href":"https:\/\/gretasexylingerie.com\/pt\/wp-json\/wp\/v2\/media?parent=39351"}],"wp:term":[{"taxonomy":"product_brand","embeddable":true,"href":"https:\/\/gretasexylingerie.com\/pt\/wp-json\/wp\/v2\/product_brand?post=39351"},{"taxonomy":"product_cat","embeddable":true,"href":"https:\/\/gretasexylingerie.com\/pt\/wp-json\/wp\/v2\/product_cat?post=39351"},{"taxonomy":"product_tag","embeddable":true,"href":"https:\/\/gretasexylingerie.com\/pt\/wp-json\/wp\/v2\/product_tag?post=39351"}],"curies":[{"name":"wp","href":"https:\/\/api.w.org\/{rel}","templated":true}]}}