{"id":31608,"date":"2023-02-01T21:25:32","date_gmt":"2023-02-01T13:25:32","guid":{"rendered":"https:\/\/gretasexylingerie.com\/?post_type=product&#038;p=31608"},"modified":"2023-09-05T20:50:56","modified_gmt":"2023-09-05T12:50:56","slug":"calcinha-de-laco-de-laco-transparente-2","status":"publish","type":"product","link":"https:\/\/gretasexylingerie.com\/pt\/products\/transparent-mesh-bow-lace-panty\/","title":{"rendered":"Calcinha de malha transparente com la\u00e7o"},"content":{"rendered":"<p>Caracter\u00edsticas:<\/p>\n\n\n\n<p>1. Decora\u00e7\u00e3o requintada. Design transversal frontal e traseiro, la\u00e7o no jogo, fresco e elegante, enfeite requintado, estilo simples bastante feminino e temperamento elegante.<br>2. Nenhum tra\u00e7o de afia\u00e7\u00e3o. A Cintura Cruzada \u00c9 Fina E Rente Ao Corpo, E O Processo De Costura \u00c9 Rigoroso, Por Isso N\u00e3o \u00c9 F\u00e1cil Tirar O Fio E Rasgar, E O Tecido \u00c9 Liso E Macio Ao Toque.<br>3. Virilha respir\u00e1vel. O material \u00e9 fino e liso, a virilha \u00e9 confort\u00e1vel de usar, leve e respir\u00e1vel.<br>4. Sexy virilha aberta. Projetado cientificamente, separado no lugar certo, mist\u00e9rio oculto sexy, deixe seu amante n\u00e3o pode parar.<\/p>","protected":false},"excerpt":{"rendered":"<p>Esta calcinha de renda transparente de malha \u00e9 a combina\u00e7\u00e3o perfeita de doce e sexy. Feito de um tecido macio e el\u00e1stico, \u00e9 projetado para fornecer um ajuste confort\u00e1vel e seguro. Com seu design feminino e rom\u00e2ntico, esta calcinha \u00e9 o complemento perfeito para qualquer cole\u00e7\u00e3o de lingerie.<\/p>","protected":false},"featured_media":31619,"template":"","meta":[],"product_brand":[],"product_cat":[402,401,399],"product_tag":[512,516,446],"class_list":{"0":"post-31608","1":"product","2":"type-product","3":"status-publish","4":"has-post-thumbnail","6":"product_cat-lace-panties","7":"product_cat-crotchless-panties","8":"product_cat-sexy-panty","9":"product_tag-bow-lingerie","10":"product_tag-lace-lingerie","11":"product_tag-wholesale-sexy-see-through-lingerie","12":"pa_color-black","13":"pa_color-pink-women-sexy-lingerie","14":"pa_color-red-women-sexy-lingerie","15":"pa_color-white","16":"pa_size-free","18":"first","19":"instock","20":"taxable","21":"shipping-taxable","22":"purchasable","23":"product-type-variable"},"tiered_pricing_type":"fixed","tiered_pricing_fixed_rules":[],"tiered_pricing_product_settings":{"layout":"default","base_unit_name":{"singular":null,"plural":null},"default_variation":null},"tiered_pricing_minimum_quantity":null,"tiered_pricing_roles_data":{"default_wholesaler":{"product_id":31608,"role":"default_wholesaler","pricing_type":"flat","regular_price":null,"sale_price":null,"discount":null,"discount_type":"sale_price","tiered_pricing_type":"fixed","percentage_rules":[],"fixed_rules":{"2":"1.39","100":"0.99","800":"0.69"},"minimum":null},"dropshippinger":{"product_id":31608,"role":"dropshippinger","pricing_type":"flat","regular_price":null,"sale_price":null,"discount":null,"discount_type":"sale_price","tiered_pricing_type":"fixed","percentage_rules":[],"fixed_rules":{"1":"1.89","30":"1.09","100":"0.99"},"minimum":null}},"tiered_pricing_percentage_rules":[],"tiered_pricing_maximum_quantity":null,"tiered_pricing_quantity_step":null,"_links":{"self":[{"href":"https:\/\/gretasexylingerie.com\/pt\/wp-json\/wp\/v2\/product\/31608","targetHints":{"allow":["GET"]}}],"collection":[{"href":"https:\/\/gretasexylingerie.com\/pt\/wp-json\/wp\/v2\/product"}],"about":[{"href":"https:\/\/gretasexylingerie.com\/pt\/wp-json\/wp\/v2\/types\/product"}],"wp:featuredmedia":[{"embeddable":true,"href":"https:\/\/gretasexylingerie.com\/pt\/wp-json\/wp\/v2\/media\/31619"}],"wp:attachment":[{"href":"https:\/\/gretasexylingerie.com\/pt\/wp-json\/wp\/v2\/media?parent=31608"}],"wp:term":[{"taxonomy":"product_brand","embeddable":true,"href":"https:\/\/gretasexylingerie.com\/pt\/wp-json\/wp\/v2\/product_brand?post=31608"},{"taxonomy":"product_cat","embeddable":true,"href":"https:\/\/gretasexylingerie.com\/pt\/wp-json\/wp\/v2\/product_cat?post=31608"},{"taxonomy":"product_tag","embeddable":true,"href":"https:\/\/gretasexylingerie.com\/pt\/wp-json\/wp\/v2\/product_tag?post=31608"}],"curies":[{"name":"wp","href":"https:\/\/api.w.org\/{rel}","templated":true}]}}