{"id":31457,"date":"2023-01-31T22:53:08","date_gmt":"2023-01-31T14:53:08","guid":{"rendered":"https:\/\/gretasexylingerie.com\/?post_type=product&#038;p=31457"},"modified":"2023-09-05T20:50:52","modified_gmt":"2023-09-05T12:50:52","slug":"meia-calca-arrastao-sem-virilha-com-buraco-grande-nos-pes","status":"publish","type":"product","link":"https:\/\/gretasexylingerie.com\/pt\/products\/big-hole-to-feet-crotchless-fishnet-tights\/","title":{"rendered":"Meia-cal\u00e7a arrast\u00e3o com buraco grande at\u00e9 os p\u00e9s sem virilha"},"content":{"rendered":"<p>Caracter\u00edsticas:<\/p>\n\n\n\n<p>1. Estilo cl\u00e1ssico de rede de pesca, com 4 estilos e texturas diferentes. O estilo cl\u00e1ssico absoluto e o estilo mais seguro.<br>2. Feito de n\u00e1ilon 88% + elastano 12%. Feitas de nylon aveludado e elastano el\u00e1stico, estas meias arrast\u00e3o macias e confort\u00e1veis esticam para caber perfeitamente nas suas pernas.<br>3. O design de malha elegante n\u00e3o apenas torna suas pernas mais finas, mas tamb\u00e9m adiciona uma atmosfera jovem e elegante a voc\u00ea.<br>4. O design cl\u00e1ssico pode ser perfeitamente combinado com qualquer roupa em seu guarda-roupa.<\/p>","protected":false},"excerpt":{"rendered":"<p>Adicione sensualidade \u00e0 sua roupa com essas meias arrast\u00e3o sexy com buraco grande nos p\u00e9s. Possui um c\u00f3s el\u00e1stico alto. 3 redes de pesca de abertura diferente, oferecem mais op\u00e7\u00f5es. O design de virilha aberta torna seu uso mais conveniente.<\/p>","protected":false},"featured_media":31461,"template":"","meta":[],"product_brand":[],"product_cat":[413,412,411,404],"product_tag":[541,446,449,504],"class_list":{"0":"post-31457","1":"product","2":"type-product","3":"status-publish","4":"has-post-thumbnail","6":"product_cat-wholesale-fishnet-pantyhose","7":"product_cat-wholesale-crotchless-pantyhose","8":"product_cat-sexy-pantyhose","9":"product_cat-sexy-stocking","10":"product_tag-fishnet-lingerie","11":"product_tag-wholesale-sexy-see-through-lingerie","12":"product_tag-wholesale-sexy-crotchless-lingerie","13":"product_tag-ultra-sexy","14":"pa_color-black","16":"first","17":"instock","18":"taxable","19":"shipping-taxable","20":"purchasable","21":"product-type-variable"},"tiered_pricing_type":"fixed","tiered_pricing_fixed_rules":[],"tiered_pricing_product_settings":{"layout":"default","base_unit_name":{"singular":null,"plural":null},"default_variation":null},"tiered_pricing_minimum_quantity":null,"tiered_pricing_roles_data":{"default_wholesaler":{"product_id":31457,"role":"default_wholesaler","pricing_type":"flat","regular_price":null,"sale_price":null,"discount":null,"discount_type":"sale_price","tiered_pricing_type":"fixed","percentage_rules":[],"fixed_rules":{"2":"1.59","50":"1.29","800":"0.89"},"minimum":null},"dropshippinger":{"product_id":31457,"role":"dropshippinger","pricing_type":"flat","regular_price":null,"sale_price":null,"discount":null,"discount_type":"sale_price","tiered_pricing_type":"fixed","percentage_rules":[],"fixed_rules":{"1":"1.79","10":"1.59","500":"1.29"},"minimum":null}},"tiered_pricing_percentage_rules":[],"tiered_pricing_maximum_quantity":null,"tiered_pricing_quantity_step":null,"_links":{"self":[{"href":"https:\/\/gretasexylingerie.com\/pt\/wp-json\/wp\/v2\/product\/31457","targetHints":{"allow":["GET"]}}],"collection":[{"href":"https:\/\/gretasexylingerie.com\/pt\/wp-json\/wp\/v2\/product"}],"about":[{"href":"https:\/\/gretasexylingerie.com\/pt\/wp-json\/wp\/v2\/types\/product"}],"wp:featuredmedia":[{"embeddable":true,"href":"https:\/\/gretasexylingerie.com\/pt\/wp-json\/wp\/v2\/media\/31461"}],"wp:attachment":[{"href":"https:\/\/gretasexylingerie.com\/pt\/wp-json\/wp\/v2\/media?parent=31457"}],"wp:term":[{"taxonomy":"product_brand","embeddable":true,"href":"https:\/\/gretasexylingerie.com\/pt\/wp-json\/wp\/v2\/product_brand?post=31457"},{"taxonomy":"product_cat","embeddable":true,"href":"https:\/\/gretasexylingerie.com\/pt\/wp-json\/wp\/v2\/product_cat?post=31457"},{"taxonomy":"product_tag","embeddable":true,"href":"https:\/\/gretasexylingerie.com\/pt\/wp-json\/wp\/v2\/product_tag?post=31457"}],"curies":[{"name":"wp","href":"https:\/\/api.w.org\/{rel}","templated":true}]}}