{"id":31448,"date":"2023-01-31T22:35:55","date_gmt":"2023-01-31T14:35:55","guid":{"rendered":"https:\/\/gretasexylingerie.com\/?post_type=product&#038;p=31448"},"modified":"2023-09-05T20:50:51","modified_gmt":"2023-09-05T12:50:51","slug":"meia-arrastao-glamourosa-com-strass","status":"publish","type":"product","link":"https:\/\/gretasexylingerie.com\/pt\/products\/glamor-fishnet-tights-with-rhinestones\/","title":{"rendered":"Meia-cal\u00e7a Glamour arrast\u00e3o com strass"},"content":{"rendered":"<p>Caracter\u00edsticas:<\/p>\n\n\n\n<p>1. Rede de pesca de strass brilhante, meias de cintura alta, c\u00f3s el\u00e1stico, meia-cal\u00e7a de malha brilhante, el\u00e1stico macio, efeito de emagrecimento \u00f3ptico. Essas meias-cal\u00e7as com glitter v\u00e3o captar a luz e adicionar ainda mais brilho ao seu visual j\u00e1 deslumbrante.<br>2. Curvas regulares requintadas, permitem que voc\u00ea se torne um mago das trevas, voc\u00ea sempre ser\u00e1 t\u00e3o bonito.<br>3, Adequado para clubes, carnavais, festas a fantasia, Halloween, apresenta\u00e7\u00f5es, carnavais, clubes de toalhas, etc. Essas leggings brilhantes tamb\u00e9m s\u00e3o as favoritas dos artistas de dan\u00e7a<br>4. Super el\u00e1stico e dur\u00e1vel: nylon 90%, elastano 10%. Feitas de n\u00e1ilon aveludado e elastano el\u00e1stico, estas meias arrast\u00e3o macias e confort\u00e1veis esticam para caber perfeitamente em suas pernas e at\u00e9 mesmo abra\u00e7am seu busto para um estilo como nenhum outro. As meias arrast\u00e3o refor\u00e7adas de cintura alta e bico tamb\u00e9m s\u00e3o dur\u00e1veis, antiderrapantes e antiderrapantes, garantindo um ajuste confort\u00e1vel. N\u00e3o \u00e9 f\u00e1cil de rasgar.<\/p>","protected":false},"excerpt":{"rendered":"<p>Fa\u00e7a o seu sempre o centro das aten\u00e7\u00f5es com as meias arrast\u00e3o Glamour com strass. Feito de material de nylon de alta qualidade, a textura requintada faz com que suas coxas pare\u00e7am pinc\u00e9is requintados, o design da cinta liga de uma pe\u00e7a e as meias n\u00e3o est\u00e3o cheias de strass.<\/p>","protected":false},"featured_media":31452,"template":"","meta":[],"product_brand":[],"product_cat":[415,411,404,416],"product_tag":[541,518,451,525,447],"class_list":{"0":"post-31448","1":"product","2":"type-product","3":"status-publish","4":"has-post-thumbnail","6":"product_cat-wholeale-shiny-pantyhose","7":"product_cat-sexy-pantyhose","8":"product_cat-sexy-stocking","9":"product_cat-wholesale-suspender-pantyhose","10":"product_tag-fishnet-lingerie","11":"product_tag-mesh-lingerie","12":"product_tag-wholesale-revealing-lingerie","13":"product_tag-rhinestone-lingerie","14":"product_tag-wholesale-strappy-sexy-lingerie","15":"pa_color-black","17":"first","18":"instock","19":"taxable","20":"shipping-taxable","21":"purchasable","22":"product-type-variable"},"tiered_pricing_type":"fixed","tiered_pricing_fixed_rules":[],"tiered_pricing_product_settings":{"layout":"default","base_unit_name":{"singular":null,"plural":null},"default_variation":null},"tiered_pricing_minimum_quantity":null,"tiered_pricing_roles_data":{"default_wholesaler":{"product_id":31448,"role":"default_wholesaler","pricing_type":"flat","regular_price":null,"sale_price":null,"discount":null,"discount_type":"sale_price","tiered_pricing_type":"fixed","percentage_rules":[],"fixed_rules":{"2":"3.39","50":"2.69","800":"1.99"},"minimum":null},"dropshippinger":{"product_id":31448,"role":"dropshippinger","pricing_type":"flat","regular_price":null,"sale_price":null,"discount":null,"discount_type":"sale_price","tiered_pricing_type":"fixed","percentage_rules":[],"fixed_rules":{"1":"3.79","10":"3.39","50":"2.69"},"minimum":null}},"tiered_pricing_percentage_rules":[],"tiered_pricing_maximum_quantity":null,"tiered_pricing_quantity_step":null,"_links":{"self":[{"href":"https:\/\/gretasexylingerie.com\/pt\/wp-json\/wp\/v2\/product\/31448","targetHints":{"allow":["GET"]}}],"collection":[{"href":"https:\/\/gretasexylingerie.com\/pt\/wp-json\/wp\/v2\/product"}],"about":[{"href":"https:\/\/gretasexylingerie.com\/pt\/wp-json\/wp\/v2\/types\/product"}],"wp:featuredmedia":[{"embeddable":true,"href":"https:\/\/gretasexylingerie.com\/pt\/wp-json\/wp\/v2\/media\/31452"}],"wp:attachment":[{"href":"https:\/\/gretasexylingerie.com\/pt\/wp-json\/wp\/v2\/media?parent=31448"}],"wp:term":[{"taxonomy":"product_brand","embeddable":true,"href":"https:\/\/gretasexylingerie.com\/pt\/wp-json\/wp\/v2\/product_brand?post=31448"},{"taxonomy":"product_cat","embeddable":true,"href":"https:\/\/gretasexylingerie.com\/pt\/wp-json\/wp\/v2\/product_cat?post=31448"},{"taxonomy":"product_tag","embeddable":true,"href":"https:\/\/gretasexylingerie.com\/pt\/wp-json\/wp\/v2\/product_tag?post=31448"}],"curies":[{"name":"wp","href":"https:\/\/api.w.org\/{rel}","templated":true}]}}