{"id":31426,"date":"2023-01-31T22:07:15","date_gmt":"2023-01-31T14:07:15","guid":{"rendered":"https:\/\/gretasexylingerie.com\/?post_type=product&#038;p=31426"},"modified":"2023-09-05T20:50:50","modified_gmt":"2023-09-05T12:50:50","slug":"flores-rede-de-pesca-glitter-meia-calca","status":"publish","type":"product","link":"https:\/\/gretasexylingerie.com\/pt\/products\/flowers-fishing-net-glitter-pantyhose\/","title":{"rendered":"Meia-cal\u00e7a com rede de pesca de flores"},"content":{"rendered":"<p>Caracter\u00edsticas:<\/p>\n<p>1. Coberto com strass brilhantes. O processo avan\u00e7ado de perfura\u00e7\u00e3o a quente \u00e9 adotado, de modo que cada strass fique firmemente preso \u00e0 meia-cal\u00e7a e n\u00e3o seja f\u00e1cil cair facilmente.<br \/>\n2. Usando tecido de nylon de alta qualidade, alta elasticidade e estrutura de malha pode se adaptar a diferentes corpos mais facilmente.<br \/>\n3. O design da cinta liga de uma pe\u00e7a e o cinto de malha podem ser facilmente combinados perfeitamente com qualquer roupa.<br \/>\n4. As meias s\u00e3o decoradas com padr\u00f5es requintados para tornar as pernas dos clientes mais sexy.<br \/>\n5. F\u00e1cil de limpar: roupas \u00edntimas femininas devem ser lavadas antes de usar, apenas lavar \u00e0 m\u00e3o em \u00e1gua fria e depois secar; N\u00e3o engomar.<\/p>","protected":false},"excerpt":{"rendered":"<p>Apimentar suas noites com a meia-cal\u00e7a de rede de pesca de flores! Feito de tecido de alta elasticidade, a delicada estrutura de malha pode se adaptar a mais partes do corpo. Cinta-liga de uma pe\u00e7a com estrutura de malha na cintura e pernas lindamente estampadas. O todo \u00e9 coberto com strass brilhantes.<\/p>","protected":false},"featured_media":31430,"template":"","meta":[],"product_brand":[],"product_cat":[415,411,404,416],"product_tag":[532,525,504],"class_list":{"0":"post-31426","1":"product","2":"type-product","3":"status-publish","4":"has-post-thumbnail","6":"product_cat-wholeale-shiny-pantyhose","7":"product_cat-sexy-pantyhose","8":"product_cat-sexy-stocking","9":"product_cat-wholesale-suspender-pantyhose","10":"product_tag-lingerie-suspender-set","11":"product_tag-rhinestone-lingerie","12":"product_tag-ultra-sexy","13":"pa_color-bisque-women-sexy-lingerie","14":"pa_color-black","15":"pa_color-deep-pink-women-sexy-lingerie","17":"first","18":"instock","19":"taxable","20":"shipping-taxable","21":"purchasable","22":"product-type-variable"},"tiered_pricing_type":"fixed","tiered_pricing_fixed_rules":[],"tiered_pricing_product_settings":{"layout":"default","base_unit_name":{"singular":null,"plural":null},"default_variation":null},"tiered_pricing_minimum_quantity":null,"tiered_pricing_roles_data":{"default_wholesaler":{"product_id":31426,"role":"default_wholesaler","pricing_type":"flat","regular_price":null,"sale_price":null,"discount":null,"discount_type":"sale_price","tiered_pricing_type":"fixed","percentage_rules":[],"fixed_rules":{"2":"3.39","50":"2.69","800":"1.99"},"minimum":null},"dropshippinger":{"product_id":31426,"role":"dropshippinger","pricing_type":"flat","regular_price":null,"sale_price":null,"discount":null,"discount_type":"sale_price","tiered_pricing_type":"fixed","percentage_rules":[],"fixed_rules":{"1":"3.79","10":"3.39","50":"2.69"},"minimum":null}},"tiered_pricing_percentage_rules":[],"tiered_pricing_maximum_quantity":null,"tiered_pricing_quantity_step":null,"_links":{"self":[{"href":"https:\/\/gretasexylingerie.com\/pt\/wp-json\/wp\/v2\/product\/31426","targetHints":{"allow":["GET"]}}],"collection":[{"href":"https:\/\/gretasexylingerie.com\/pt\/wp-json\/wp\/v2\/product"}],"about":[{"href":"https:\/\/gretasexylingerie.com\/pt\/wp-json\/wp\/v2\/types\/product"}],"wp:featuredmedia":[{"embeddable":true,"href":"https:\/\/gretasexylingerie.com\/pt\/wp-json\/wp\/v2\/media\/31430"}],"wp:attachment":[{"href":"https:\/\/gretasexylingerie.com\/pt\/wp-json\/wp\/v2\/media?parent=31426"}],"wp:term":[{"taxonomy":"product_brand","embeddable":true,"href":"https:\/\/gretasexylingerie.com\/pt\/wp-json\/wp\/v2\/product_brand?post=31426"},{"taxonomy":"product_cat","embeddable":true,"href":"https:\/\/gretasexylingerie.com\/pt\/wp-json\/wp\/v2\/product_cat?post=31426"},{"taxonomy":"product_tag","embeddable":true,"href":"https:\/\/gretasexylingerie.com\/pt\/wp-json\/wp\/v2\/product_tag?post=31426"}],"curies":[{"name":"wp","href":"https:\/\/api.w.org\/{rel}","templated":true}]}}