{"id":31385,"date":"2023-01-31T20:28:34","date_gmt":"2023-01-31T12:28:34","guid":{"rendered":"https:\/\/gretasexylingerie.com\/?post_type=product&#038;p=31385"},"modified":"2023-09-05T20:50:47","modified_gmt":"2023-09-05T12:50:47","slug":"meia-calca-sexy-sedutora-e-brilhante-sem-virilha","status":"publish","type":"product","link":"https:\/\/gretasexylingerie.com\/pt\/products\/seductive-sexy-high-gloss-crotchless-pantyhose\/","title":{"rendered":"Meia-cal\u00e7a Sedutora Sexy Alto Brilho sem Crotchless"},"content":{"rendered":"<p>Caracter\u00edsticas:<\/p>\n\n\n\n<p>1. C\u00f3s el\u00e1stico alto. O c\u00f3s el\u00e1stico flex\u00edvel estica livremente, a parte superior do corpo \u00e9 macia e clara, aperta a pele ao redor da cintura e \u00e9 confort\u00e1vel e rente ao corpo.<br>2. Renda sexy. O design de renda na virilha n\u00e3o s\u00f3 d\u00e1 rebeldia \u00e0s pessoas, mas tamb\u00e9m mostra uma atmosfera elegante e r\u00edtmica, que est\u00e1 esperando para ser conquistada.<br>3. Escultura em dupla face. Envolto em flores esculpidas, envolto entre as pernas, impactando seus nervos e batendo o cora\u00e7\u00e3ozinho.<br>4. Apaixonado design de virilha aberta, para que o jardim secreto seja, sem d\u00favida, revelado, com uma leve carranca e sorriso, o fogo do desejo \u00e9 impar\u00e1vel e a paix\u00e3o est\u00e1 prestes a disparar.<\/p>","protected":false},"excerpt":{"rendered":"<p>Use um estilo ousado com a meia-cal\u00e7a sedutora e sexy de alto brilho. Feito de seda Corespun de alta qualidade, design transl\u00facido, seis op\u00e7\u00f5es de cores.<\/p>","protected":false},"featured_media":31387,"template":"","meta":[],"product_brand":[],"product_cat":[412,414,411,404],"product_tag":[452,448,518,446,504],"class_list":{"0":"post-31385","1":"product","2":"type-product","3":"status-publish","4":"has-post-thumbnail","6":"product_cat-wholesale-crotchless-pantyhose","7":"product_cat-wholesale-sexy-nylon-pantyhose","8":"product_cat-sexy-pantyhose","9":"product_cat-sexy-stocking","10":"product_tag-wholesale-boudoir-lingerie","11":"product_tag-wholesale-elegant-sexy-lingerie","12":"product_tag-mesh-lingerie","13":"product_tag-wholesale-sexy-see-through-lingerie","14":"product_tag-ultra-sexy","15":"pa_color-bisque-women-sexy-lingerie","16":"pa_color-black","17":"pa_color-grey","18":"pa_color-pink-women-sexy-lingerie","19":"pa_color-purple-women-sexy-lingerie","20":"pa_color-white","22":"first","23":"instock","24":"taxable","25":"shipping-taxable","26":"purchasable","27":"product-type-variable"},"tiered_pricing_type":"fixed","tiered_pricing_fixed_rules":[],"tiered_pricing_product_settings":{"layout":"default","base_unit_name":{"singular":null,"plural":null},"default_variation":null},"tiered_pricing_minimum_quantity":null,"tiered_pricing_roles_data":{"default_wholesaler":{"product_id":31385,"role":"default_wholesaler","pricing_type":"flat","regular_price":null,"sale_price":null,"discount":null,"discount_type":"sale_price","tiered_pricing_type":"fixed","percentage_rules":[],"fixed_rules":{"2":"1.59","50":"1.29","800":"0.89"},"minimum":null},"dropshippinger":{"product_id":31385,"role":"dropshippinger","pricing_type":"flat","regular_price":null,"sale_price":null,"discount":null,"discount_type":"sale_price","tiered_pricing_type":"fixed","percentage_rules":[],"fixed_rules":{"1":"1.79","10":"1.59","50":"1.29"},"minimum":null}},"tiered_pricing_percentage_rules":[],"tiered_pricing_maximum_quantity":null,"tiered_pricing_quantity_step":null,"_links":{"self":[{"href":"https:\/\/gretasexylingerie.com\/pt\/wp-json\/wp\/v2\/product\/31385","targetHints":{"allow":["GET"]}}],"collection":[{"href":"https:\/\/gretasexylingerie.com\/pt\/wp-json\/wp\/v2\/product"}],"about":[{"href":"https:\/\/gretasexylingerie.com\/pt\/wp-json\/wp\/v2\/types\/product"}],"wp:featuredmedia":[{"embeddable":true,"href":"https:\/\/gretasexylingerie.com\/pt\/wp-json\/wp\/v2\/media\/31387"}],"wp:attachment":[{"href":"https:\/\/gretasexylingerie.com\/pt\/wp-json\/wp\/v2\/media?parent=31385"}],"wp:term":[{"taxonomy":"product_brand","embeddable":true,"href":"https:\/\/gretasexylingerie.com\/pt\/wp-json\/wp\/v2\/product_brand?post=31385"},{"taxonomy":"product_cat","embeddable":true,"href":"https:\/\/gretasexylingerie.com\/pt\/wp-json\/wp\/v2\/product_cat?post=31385"},{"taxonomy":"product_tag","embeddable":true,"href":"https:\/\/gretasexylingerie.com\/pt\/wp-json\/wp\/v2\/product_tag?post=31385"}],"curies":[{"name":"wp","href":"https:\/\/api.w.org\/{rel}","templated":true}]}}