{"id":31376,"date":"2023-01-29T20:32:25","date_gmt":"2023-01-29T12:32:25","guid":{"rendered":"https:\/\/gretasexylingerie.com\/?post_type=product&#038;p=31376"},"modified":"2023-12-09T16:10:49","modified_gmt":"2023-12-09T08:10:49","slug":"meia-calca-sexy-jacquard","status":"publish","type":"product","link":"https:\/\/gretasexylingerie.com\/pt\/products\/sexy-jacquard-garter-belt-tights\/","title":{"rendered":"Meia-cal\u00e7a sexy jacquard cinta-liga"},"content":{"rendered":"<p>Caracter\u00edsticas:<\/p>\n\n\n\n<p>1. Material de nylon super el\u00e1stico, estrutura de malha, muito fino e atraente.<br>2. A estrutura de estilingue de uma pe\u00e7a e o cinto ondulado tornam sua cintura mais bonita.<br>3. O la\u00e7o sexy \u00e9 como uma cortina de cama bagun\u00e7ada, tornando seu amante ainda mais insuport\u00e1vel de v\u00ea-lo.<br>4. Use a tecnologia Jacquard para construir uma bela pintura de paisagem em todo o produto, o que n\u00e3o apenas torna seu corpo mais bonito, mas tamb\u00e9m faz sua imagina\u00e7\u00e3o correr solta.<\/p>","protected":false},"excerpt":{"rendered":"<p>Transforme-se na rainha sexy da noite com as meias-cal\u00e7a Sexy Jacquard. Feito de material de nylon de alta elasticidade, padr\u00e3o projetado, estrutura de malha de alta elasticidade, cinta-liga integrada.<\/p>","protected":false},"featured_media":31378,"template":"","meta":[],"product_brand":[],"product_cat":[416,414,411,404],"product_tag":[516,973,446,447,504],"class_list":{"0":"post-31376","1":"product","2":"type-product","3":"status-publish","4":"has-post-thumbnail","6":"product_cat-wholesale-suspender-pantyhose","7":"product_cat-wholesale-sexy-nylon-pantyhose","8":"product_cat-sexy-pantyhose","9":"product_cat-sexy-stocking","10":"product_tag-lace-lingerie","11":"product_tag-oem","12":"product_tag-wholesale-sexy-see-through-lingerie","13":"product_tag-wholesale-strappy-sexy-lingerie","14":"product_tag-ultra-sexy","15":"pa_color-black","16":"pa_size-free","18":"first","19":"instock","20":"taxable","21":"shipping-taxable","22":"purchasable","23":"product-type-variable"},"tiered_pricing_type":"fixed","tiered_pricing_fixed_rules":[],"tiered_pricing_product_settings":{"layout":"default","base_unit_name":{"singular":null,"plural":null},"default_variation":null},"tiered_pricing_minimum_quantity":null,"tiered_pricing_roles_data":{"default_wholesaler":{"product_id":31376,"role":"default_wholesaler","pricing_type":"flat","regular_price":null,"sale_price":null,"discount":null,"discount_type":"sale_price","tiered_pricing_type":"fixed","percentage_rules":[],"fixed_rules":{"2":"1.79","50":"1.49","800":"0.99"},"minimum":null},"dropshippinger":{"product_id":31376,"role":"dropshippinger","pricing_type":"flat","regular_price":null,"sale_price":null,"discount":null,"discount_type":"sale_price","tiered_pricing_type":"fixed","percentage_rules":[],"fixed_rules":{"1":"2.09","10":"1.79","50":"1.49"},"minimum":null}},"tiered_pricing_percentage_rules":[],"tiered_pricing_maximum_quantity":null,"tiered_pricing_quantity_step":null,"_links":{"self":[{"href":"https:\/\/gretasexylingerie.com\/pt\/wp-json\/wp\/v2\/product\/31376","targetHints":{"allow":["GET"]}}],"collection":[{"href":"https:\/\/gretasexylingerie.com\/pt\/wp-json\/wp\/v2\/product"}],"about":[{"href":"https:\/\/gretasexylingerie.com\/pt\/wp-json\/wp\/v2\/types\/product"}],"wp:featuredmedia":[{"embeddable":true,"href":"https:\/\/gretasexylingerie.com\/pt\/wp-json\/wp\/v2\/media\/31378"}],"wp:attachment":[{"href":"https:\/\/gretasexylingerie.com\/pt\/wp-json\/wp\/v2\/media?parent=31376"}],"wp:term":[{"taxonomy":"product_brand","embeddable":true,"href":"https:\/\/gretasexylingerie.com\/pt\/wp-json\/wp\/v2\/product_brand?post=31376"},{"taxonomy":"product_cat","embeddable":true,"href":"https:\/\/gretasexylingerie.com\/pt\/wp-json\/wp\/v2\/product_cat?post=31376"},{"taxonomy":"product_tag","embeddable":true,"href":"https:\/\/gretasexylingerie.com\/pt\/wp-json\/wp\/v2\/product_tag?post=31376"}],"curies":[{"name":"wp","href":"https:\/\/api.w.org\/{rel}","templated":true}]}}