{"id":31285,"date":"2023-01-29T20:08:18","date_gmt":"2023-01-29T12:08:18","guid":{"rendered":"https:\/\/gretasexylingerie.com\/?post_type=product&#038;p=31285"},"modified":"2023-09-05T20:50:45","modified_gmt":"2023-09-05T12:50:45","slug":"meia-calca-sexy-jacquard-liga-vazada","status":"publish","type":"product","link":"https:\/\/gretasexylingerie.com\/pt\/products\/hollow-garter-jacquard-sexy-pantyhose\/","title":{"rendered":"Meia-cal\u00e7a Sexy Jacquard Jarreteira Oca"},"content":{"rendered":"<p>Caracter\u00edsticas:<\/p>\n\n\n\n<p>1. Usando material de nylon de alta qualidade, tem excelente elasticidade e pode ser usado na maioria dos corpos.<br>2. Padr\u00f5es e estilos absolutamente populares s\u00e3o os estilos mais populares e mais vendidos no mercado e foram verificados em todo o mundo.<br>3. Acess\u00f3rio perfeito para m\u00e1gicos, fadas negras, bruxas ou apenas pessoas comuns. Combine estas leggings arrast\u00e3o com jeans rasgados, shorts jeans, cal\u00e7as quentes, tops, saias, saias, alpargatas, saltos altos e muito mais.<br>4, adequado para clubes, carnavais, festas a fantasia, Halloween, apresenta\u00e7\u00f5es, carnavais, clubes de toalhas, etc. Estas leggings brilhantes tamb\u00e9m s\u00e3o as favoritas dos artistas de dan\u00e7a.<\/p>","protected":false},"excerpt":{"rendered":"<p>Grande cole\u00e7\u00e3o de meias-cal\u00e7as sexy Jacquard ocas populares, sempre h\u00e1 uma que combina com voc\u00ea. Usando tecido de nylon el\u00e1stico alto, usando a t\u00e9cnica Jacquard para aplicar os padr\u00f5es mais modernos e populares na meia-cal\u00e7a, n\u00e3o se preocupe em combinar.<\/p>","protected":false},"featured_media":31286,"template":"","meta":[],"product_brand":[],"product_cat":[416,414,411,404],"product_tag":[528,518,504],"class_list":{"0":"post-31285","1":"product","2":"type-product","3":"status-publish","4":"has-post-thumbnail","6":"product_cat-wholesale-suspender-pantyhose","7":"product_cat-wholesale-sexy-nylon-pantyhose","8":"product_cat-sexy-pantyhose","9":"product_cat-sexy-stocking","10":"product_tag-halter-lingerie","11":"product_tag-mesh-lingerie","12":"product_tag-ultra-sexy","13":"pa_size-free","15":"first","16":"instock","17":"taxable","18":"shipping-taxable","19":"purchasable","20":"product-type-variable"},"tiered_pricing_type":"fixed","tiered_pricing_fixed_rules":[],"tiered_pricing_product_settings":{"layout":"default","base_unit_name":{"singular":null,"plural":null},"default_variation":null},"tiered_pricing_minimum_quantity":null,"tiered_pricing_roles_data":{"default_wholesaler":{"product_id":31285,"role":"default_wholesaler","pricing_type":"flat","regular_price":null,"sale_price":null,"discount":null,"discount_type":"sale_price","tiered_pricing_type":"fixed","percentage_rules":[],"fixed_rules":{"2":"1.59","50":"1.29","800":"0.89"},"minimum":null},"dropshippinger":{"product_id":31285,"role":"dropshippinger","pricing_type":"flat","regular_price":null,"sale_price":null,"discount":null,"discount_type":"sale_price","tiered_pricing_type":"fixed","percentage_rules":[],"fixed_rules":{"1":"1.79","10":"1.59","50":"1.29"},"minimum":null}},"tiered_pricing_percentage_rules":[],"tiered_pricing_maximum_quantity":null,"tiered_pricing_quantity_step":null,"_links":{"self":[{"href":"https:\/\/gretasexylingerie.com\/pt\/wp-json\/wp\/v2\/product\/31285","targetHints":{"allow":["GET"]}}],"collection":[{"href":"https:\/\/gretasexylingerie.com\/pt\/wp-json\/wp\/v2\/product"}],"about":[{"href":"https:\/\/gretasexylingerie.com\/pt\/wp-json\/wp\/v2\/types\/product"}],"wp:featuredmedia":[{"embeddable":true,"href":"https:\/\/gretasexylingerie.com\/pt\/wp-json\/wp\/v2\/media\/31286"}],"wp:attachment":[{"href":"https:\/\/gretasexylingerie.com\/pt\/wp-json\/wp\/v2\/media?parent=31285"}],"wp:term":[{"taxonomy":"product_brand","embeddable":true,"href":"https:\/\/gretasexylingerie.com\/pt\/wp-json\/wp\/v2\/product_brand?post=31285"},{"taxonomy":"product_cat","embeddable":true,"href":"https:\/\/gretasexylingerie.com\/pt\/wp-json\/wp\/v2\/product_cat?post=31285"},{"taxonomy":"product_tag","embeddable":true,"href":"https:\/\/gretasexylingerie.com\/pt\/wp-json\/wp\/v2\/product_tag?post=31285"}],"curies":[{"name":"wp","href":"https:\/\/api.w.org\/{rel}","templated":true}]}}