{"id":31063,"date":"2023-01-29T12:46:57","date_gmt":"2023-01-29T04:46:57","guid":{"rendered":"https:\/\/gretasexylingerie.com\/?post_type=product&#038;p=31063"},"modified":"2023-09-05T20:50:41","modified_gmt":"2023-09-05T12:50:41","slug":"meias-altas-sexy-de-renda-alargada-de-quatro-cores","status":"publish","type":"product","link":"https:\/\/gretasexylingerie.com\/pt\/products\/sexy-four-color-widened-lace-thigh-high-socks\/","title":{"rendered":"Meias altas de renda largas sexy em quatro cores"},"content":{"rendered":"<p>Caracter\u00edsticas:<\/p>\n\n\n\n<p>1. Qualidade: Nossas meias sexy de renda larga de quatro cores s\u00e3o feitas de material de alta qualidade que \u00e9 confort\u00e1vel e respir\u00e1vel. Eles v\u00e3o lhe dar um desgaste duradouro e apresentam um acabamento acolchoado no dedo do p\u00e9 para que voc\u00ea possa us\u00e1-los repetidamente.<\/p>\n\n\n\n<p>2. Estilo: padr\u00f5es cl\u00e1ssicos de renda em quatro cores diferentes d\u00e3o a essas meias um visual \u00fanico e elegante. O design de renda alargado n\u00e3o apenas torna suas pernas mais bonitas, mas tamb\u00e9m torna as meias altas mais est\u00e1veis e n\u00e3o s\u00e3o f\u00e1ceis de escorregar. Al\u00e9m disso, o atraente padr\u00e3o de renda far\u00e1 com que suas pernas pare\u00e7am mais longas e mais finas.<\/p>\n\n\n\n<p>3. Conforto: Estas meias s\u00e3o projetadas para m\u00e1ximo conforto. Eles s\u00e3o leves e respir\u00e1veis para que voc\u00ea n\u00e3o se sinta restrito ao us\u00e1-los.<\/p>\n\n\n\n<p>4. Versatilidade: se voc\u00ea quer se vestir bem ou apenas relaxar, essas meias s\u00e3o perfeitas para todas as ocasi\u00f5es. Eles s\u00e3o perfeitos para brincar diariamente, reunir-se com amigos ou aproveitar um momento doce diferente com seu namorado \u00e0 noite.<\/p>\n\n\n\n<p>5. Acess\u00edvel: com pre\u00e7os imbat\u00edveis, voc\u00ea n\u00e3o pode errar com essas meias elegantes e lisonjeiras. Compre hoje um par de meias sexy de quatro cores largas e rendadas e fique \u00f3tima sem gastar muito.<\/p>","protected":false},"excerpt":{"rendered":"<p>As meias de cano alto de renda largas sexy em quatro cores s\u00e3o perfeitas para qualquer ocasi\u00e3o! Estas meias de alta qualidade apresentam um padr\u00e3o de renda cl\u00e1ssico em quatro cores diferentes para um visual \u00fanico. O design alargado oferece mais cobertura e uma grande amplitude de movimento. Al\u00e9m disso, o padr\u00e3o de renda faz com que suas pernas pare\u00e7am mais longas e mais finas. Obtenha seu par de meias de renda largas sexy de quatro cores hoje!<\/p>","protected":false},"featured_media":31065,"template":"","meta":[],"product_brand":[],"product_cat":[419,404,417],"product_tag":[518,504],"class_list":{"0":"post-31063","1":"product","2":"type-product","3":"status-publish","4":"has-post-thumbnail","6":"product_cat-wholesale-lace-thigh-high-socks","7":"product_cat-sexy-stocking","8":"product_cat-thigh-highs","9":"product_tag-mesh-lingerie","10":"product_tag-ultra-sexy","11":"pa_color-bisque-women-sexy-lingerie","12":"pa_color-black","13":"pa_color-pink-women-sexy-lingerie","14":"pa_color-white","15":"pa_size-free","17":"first","18":"instock","19":"taxable","20":"shipping-taxable","21":"purchasable","22":"product-type-variable"},"tiered_pricing_type":"fixed","tiered_pricing_fixed_rules":[],"tiered_pricing_product_settings":{"layout":"default","base_unit_name":{"singular":null,"plural":null},"default_variation":null},"tiered_pricing_minimum_quantity":null,"tiered_pricing_roles_data":{"default_wholesaler":{"product_id":31063,"role":"default_wholesaler","pricing_type":"flat","regular_price":null,"sale_price":null,"discount":null,"discount_type":"sale_price","tiered_pricing_type":"fixed","percentage_rules":[],"fixed_rules":{"2":"1.49","50":"1.29","800":"1.09"},"minimum":null},"dropshippinger":{"product_id":31063,"role":"dropshippinger","pricing_type":"flat","regular_price":null,"sale_price":null,"discount":null,"discount_type":"sale_price","tiered_pricing_type":"fixed","percentage_rules":[],"fixed_rules":{"1":"2.89","10":"1.79","50":"1.29"},"minimum":null}},"tiered_pricing_percentage_rules":[],"tiered_pricing_maximum_quantity":null,"tiered_pricing_quantity_step":null,"_links":{"self":[{"href":"https:\/\/gretasexylingerie.com\/pt\/wp-json\/wp\/v2\/product\/31063","targetHints":{"allow":["GET"]}}],"collection":[{"href":"https:\/\/gretasexylingerie.com\/pt\/wp-json\/wp\/v2\/product"}],"about":[{"href":"https:\/\/gretasexylingerie.com\/pt\/wp-json\/wp\/v2\/types\/product"}],"wp:featuredmedia":[{"embeddable":true,"href":"https:\/\/gretasexylingerie.com\/pt\/wp-json\/wp\/v2\/media\/31065"}],"wp:attachment":[{"href":"https:\/\/gretasexylingerie.com\/pt\/wp-json\/wp\/v2\/media?parent=31063"}],"wp:term":[{"taxonomy":"product_brand","embeddable":true,"href":"https:\/\/gretasexylingerie.com\/pt\/wp-json\/wp\/v2\/product_brand?post=31063"},{"taxonomy":"product_cat","embeddable":true,"href":"https:\/\/gretasexylingerie.com\/pt\/wp-json\/wp\/v2\/product_cat?post=31063"},{"taxonomy":"product_tag","embeddable":true,"href":"https:\/\/gretasexylingerie.com\/pt\/wp-json\/wp\/v2\/product_tag?post=31063"}],"curies":[{"name":"wp","href":"https:\/\/api.w.org\/{rel}","templated":true}]}}