{"id":31049,"date":"2023-01-29T12:38:57","date_gmt":"2023-01-29T04:38:57","guid":{"rendered":"https:\/\/gretasexylingerie.com\/?post_type=product&#038;p=31049"},"modified":"2023-09-05T20:50:40","modified_gmt":"2023-09-05T12:50:40","slug":"meias-altas-sexy-rendadas-e-nubladas","status":"publish","type":"product","link":"https:\/\/gretasexylingerie.com\/pt\/products\/sexy-cloudy-lace-thigh-high-socks\/","title":{"rendered":"Meias altas sexy de renda nubladas"},"content":{"rendered":"<p>Caracter\u00edsticas:<\/p>\n\n\n\n<p>1. Nova atualiza\u00e7\u00e3o. Renda sexy, d\u00ea \u00e0 sua vida um pouco mais de divers\u00e3o, meias mais el\u00e1sticas para evitar escorregar.<br>2. Ultrafino e respir\u00e1vel, muito confort\u00e1vel no ver\u00e3o. Meias altas de renda de alta qualidade, feitas de tecido de gaze coberto supertransparente, sedosas como seda, macias e pr\u00f3ximas \u00e0 pele para mostrar p\u00e9s encantadores, e a textura da pele \u00e9 t\u00e3o confort\u00e1vel como se voc\u00ea n\u00e3o a usasse.<br>3. Refor\u00e7o do dedo do p\u00e9. Usar linhas para refor\u00e7ar os passos n\u00e3o s\u00f3 melhora a durabilidade do produto, mas tamb\u00e9m permite que voc\u00ea tenha uma experi\u00eancia mais confort\u00e1vel.<\/p>","protected":false},"excerpt":{"rendered":"<p>Deixe as meias de renda sexy nubladas deixarem voc\u00ea ainda mais viciante. Feito de material de nylon de alta qualidade, malha transparente, renda sexy no dedo do p\u00e9 e design antiderrapante de silicone.<\/p>","protected":false},"featured_media":31050,"template":"","meta":[],"product_brand":[],"product_cat":[419,404,417],"product_tag":[516,518,446,504],"class_list":{"0":"post-31049","1":"product","2":"type-product","3":"status-publish","4":"has-post-thumbnail","6":"product_cat-wholesale-lace-thigh-high-socks","7":"product_cat-sexy-stocking","8":"product_cat-thigh-highs","9":"product_tag-lace-lingerie","10":"product_tag-mesh-lingerie","11":"product_tag-wholesale-sexy-see-through-lingerie","12":"product_tag-ultra-sexy","13":"pa_color-black","14":"pa_color-purple-women-sexy-lingerie","15":"pa_color-white","16":"pa_size-free","18":"first","19":"instock","20":"taxable","21":"shipping-taxable","22":"purchasable","23":"product-type-variable"},"tiered_pricing_type":"fixed","tiered_pricing_fixed_rules":[],"tiered_pricing_product_settings":{"layout":"default","base_unit_name":{"singular":null,"plural":null},"default_variation":null},"tiered_pricing_minimum_quantity":null,"tiered_pricing_roles_data":{"default_wholesaler":{"product_id":31049,"role":"default_wholesaler","pricing_type":"flat","regular_price":null,"sale_price":null,"discount":null,"discount_type":"sale_price","tiered_pricing_type":"fixed","percentage_rules":[],"fixed_rules":{"2":"0.99","50":"0.79","800":"0.69"},"minimum":null},"dropshippinger":{"product_id":31049,"role":"dropshippinger","pricing_type":"flat","regular_price":null,"sale_price":null,"discount":null,"discount_type":"sale_price","tiered_pricing_type":"fixed","percentage_rules":[],"fixed_rules":{"1":"1.89","10":"1.09","50":"0.79"},"minimum":null}},"tiered_pricing_percentage_rules":[],"tiered_pricing_maximum_quantity":null,"tiered_pricing_quantity_step":null,"_links":{"self":[{"href":"https:\/\/gretasexylingerie.com\/pt\/wp-json\/wp\/v2\/product\/31049","targetHints":{"allow":["GET"]}}],"collection":[{"href":"https:\/\/gretasexylingerie.com\/pt\/wp-json\/wp\/v2\/product"}],"about":[{"href":"https:\/\/gretasexylingerie.com\/pt\/wp-json\/wp\/v2\/types\/product"}],"wp:featuredmedia":[{"embeddable":true,"href":"https:\/\/gretasexylingerie.com\/pt\/wp-json\/wp\/v2\/media\/31050"}],"wp:attachment":[{"href":"https:\/\/gretasexylingerie.com\/pt\/wp-json\/wp\/v2\/media?parent=31049"}],"wp:term":[{"taxonomy":"product_brand","embeddable":true,"href":"https:\/\/gretasexylingerie.com\/pt\/wp-json\/wp\/v2\/product_brand?post=31049"},{"taxonomy":"product_cat","embeddable":true,"href":"https:\/\/gretasexylingerie.com\/pt\/wp-json\/wp\/v2\/product_cat?post=31049"},{"taxonomy":"product_tag","embeddable":true,"href":"https:\/\/gretasexylingerie.com\/pt\/wp-json\/wp\/v2\/product_tag?post=31049"}],"curies":[{"name":"wp","href":"https:\/\/api.w.org\/{rel}","templated":true}]}}