{"id":30969,"date":"2023-01-29T10:45:06","date_gmt":"2023-01-29T02:45:06","guid":{"rendered":"https:\/\/gretasexylingerie.com\/?post_type=product&#038;p=30969"},"modified":"2023-09-05T20:50:37","modified_gmt":"2023-09-05T12:50:37","slug":"vestido-de-malha-com-perspectiva-de-rede-de-pesca-manga-longa","status":"publish","type":"product","link":"https:\/\/gretasexylingerie.com\/pt\/products\/mesh-perspective-fishnet-dress-long-sleeve\/","title":{"rendered":"Vestido manga longa com perspectiva de rede arrast\u00e3o"},"content":{"rendered":"<p>Recurso:<\/p>\n\n\n\n<p>* O vestido arrast\u00e3o de perspectiva de malha de manga comprida \u00e9 feito de nylon e elastano de alta qualidade, que \u00e9 macio, el\u00e1stico e dur\u00e1vel. Seu material \u00e9 muito liso e faz voc\u00ea se sentir macio e confort\u00e1vel.<br>* Vestido arrast\u00e3o manga longa \u00e9 tamanho \u00fanico, el\u00e1stico, tamanho \u00fanico, lisonjeia sua figura muito bem.<br>* Boa escolha de presente: meias arrast\u00e3o podem ser dadas para suas namoradas e melhores amigas em festivais, mostrar sua feminilidade, adicionar divers\u00e3o no doce dia dos namorados, anivers\u00e1rio e outros festivais<br>*Design de moda: meias arrast\u00e3o fashion transparente, o design traz impacto visual, refletindo selvageria e gostosura, voc\u00ea pode combin\u00e1-lo com saias di\u00e1rias ou cal\u00e7as quentes, apresenta\u00e7\u00f5es de palco e festas de cosplay, mostre sua figura e inspire sua confian\u00e7a.<\/p>","protected":false},"excerpt":{"rendered":"<p>Deixe os olhos do seu amante descansarem em voc\u00ea com o vestido arrast\u00e3o de perspectiva de malha de manga comprida. Adota um design de malha e usa um design de rede no eixo central do corpo, tornando seu corpo como uma caixa de presente com um pequeno espa\u00e7o aberto.<\/p>","protected":false},"featured_media":30971,"template":"","meta":[],"product_brand":[],"product_cat":[406,405,404],"product_tag":[518,446,447,504],"class_list":{"0":"post-30969","1":"product","2":"type-product","3":"status-publish","4":"has-post-thumbnail","6":"product_cat-wholesale-fishnet-dress","7":"product_cat-wholesale-bodystocking","8":"product_cat-sexy-stocking","9":"product_tag-mesh-lingerie","10":"product_tag-wholesale-sexy-see-through-lingerie","11":"product_tag-wholesale-strappy-sexy-lingerie","12":"product_tag-ultra-sexy","13":"pa_color-black","14":"pa_size-free","16":"first","17":"instock","18":"taxable","19":"shipping-taxable","20":"purchasable","21":"product-type-variable"},"tiered_pricing_type":"fixed","tiered_pricing_fixed_rules":[],"tiered_pricing_product_settings":{"layout":"default","base_unit_name":{"singular":null,"plural":null},"default_variation":null},"tiered_pricing_minimum_quantity":null,"tiered_pricing_roles_data":{"default_wholesaler":{"product_id":30969,"role":"default_wholesaler","pricing_type":"flat","regular_price":null,"sale_price":null,"discount":null,"discount_type":"sale_price","tiered_pricing_type":"fixed","percentage_rules":[],"fixed_rules":{"2":"2.19","30":"1.79","500":"1.39"},"minimum":null},"dropshippinger":{"product_id":30969,"role":"dropshippinger","pricing_type":"flat","regular_price":null,"sale_price":null,"discount":null,"discount_type":"sale_price","tiered_pricing_type":"fixed","percentage_rules":[],"fixed_rules":{"1":"2.69","5":"2.19","30":"1.59"},"minimum":null}},"tiered_pricing_percentage_rules":[],"tiered_pricing_maximum_quantity":null,"tiered_pricing_quantity_step":null,"_links":{"self":[{"href":"https:\/\/gretasexylingerie.com\/pt\/wp-json\/wp\/v2\/product\/30969","targetHints":{"allow":["GET"]}}],"collection":[{"href":"https:\/\/gretasexylingerie.com\/pt\/wp-json\/wp\/v2\/product"}],"about":[{"href":"https:\/\/gretasexylingerie.com\/pt\/wp-json\/wp\/v2\/types\/product"}],"wp:featuredmedia":[{"embeddable":true,"href":"https:\/\/gretasexylingerie.com\/pt\/wp-json\/wp\/v2\/media\/30971"}],"wp:attachment":[{"href":"https:\/\/gretasexylingerie.com\/pt\/wp-json\/wp\/v2\/media?parent=30969"}],"wp:term":[{"taxonomy":"product_brand","embeddable":true,"href":"https:\/\/gretasexylingerie.com\/pt\/wp-json\/wp\/v2\/product_brand?post=30969"},{"taxonomy":"product_cat","embeddable":true,"href":"https:\/\/gretasexylingerie.com\/pt\/wp-json\/wp\/v2\/product_cat?post=30969"},{"taxonomy":"product_tag","embeddable":true,"href":"https:\/\/gretasexylingerie.com\/pt\/wp-json\/wp\/v2\/product_tag?post=30969"}],"curies":[{"name":"wp","href":"https:\/\/api.w.org\/{rel}","templated":true}]}}