{"id":30932,"date":"2023-01-28T16:31:39","date_gmt":"2023-01-28T08:31:39","guid":{"rendered":"https:\/\/gretasexylingerie.com\/?post_type=product&#038;p=30932"},"modified":"2023-09-05T20:50:34","modified_gmt":"2023-09-05T12:50:34","slug":"meia-calca-com-suspensorio-e-strass","status":"publish","type":"product","link":"https:\/\/gretasexylingerie.com\/pt\/products\/suspender-rhinestone-body-stocking\/","title":{"rendered":"Meia de corpo de strass suspens\u00f3rio"},"content":{"rendered":"<p>Caracter\u00edsticas:<\/p>\n\n\n\n<p>* A meia de corpo de strass suspensa oca \u00e9 feita de nylon e elastano de alta qualidade, que \u00e9 macio, el\u00e1stico e dur\u00e1vel. Seu material \u00e9 muito liso e faz voc\u00ea se sentir macio e confort\u00e1vel.<br>* Meia de corpo de strass \u00e9 tamanho \u00fanico, el\u00e1stico, tamanho \u00fanico, lisonjeia sua figura bem.<br>* Boa escolha de presente: meias arrast\u00e3o podem ser dadas para suas namoradas e melhores amigas em festivais, mostrar sua feminilidade, adicionar divers\u00e3o no doce dia dos namorados, anivers\u00e1rio e outros festivais<br>*Design de moda: meias arrast\u00e3o fashion transparente, o design traz impacto visual, refletindo selvageria e gostosura, voc\u00ea pode combin\u00e1-lo com saias di\u00e1rias ou cal\u00e7as quentes, apresenta\u00e7\u00f5es de palco e festas de cosplay, mostre sua figura e inspire sua confian\u00e7a.<\/p>","protected":false},"excerpt":{"rendered":"<p>Esta meia brilhante oca suspensa com strass apresenta um design de duas pe\u00e7as, a parte superior \u00e9 uma camisa de manga comprida fora do ombro com buracos regulares, a parte inferior \u00e9 um design de liga de uma pe\u00e7a (sem calcinha) e \u00e9 coberta por strass brilhantes.<\/p>","protected":false},"featured_media":30936,"template":"","meta":[],"product_brand":[],"product_cat":[410,405,924,408,404],"product_tag":[518,451,525,446,504],"class_list":{"0":"post-30932","1":"product","2":"type-product","3":"status-publish","4":"has-post-thumbnail","6":"product_cat-wholesale-suspender-bodystocking","7":"product_cat-wholesale-bodystocking","8":"product_cat-wholesale-bodystocking-sets","9":"product_cat-wholesale-rhinestone-bodystocking","10":"product_cat-sexy-stocking","11":"product_tag-mesh-lingerie","12":"product_tag-wholesale-revealing-lingerie","13":"product_tag-rhinestone-lingerie","14":"product_tag-wholesale-sexy-see-through-lingerie","15":"product_tag-ultra-sexy","16":"pa_color-black","17":"pa_size-free","19":"first","20":"instock","21":"taxable","22":"shipping-taxable","23":"purchasable","24":"product-type-variable"},"tiered_pricing_type":"fixed","tiered_pricing_fixed_rules":[],"tiered_pricing_product_settings":{"layout":"default","base_unit_name":{"singular":null,"plural":null},"default_variation":null},"tiered_pricing_minimum_quantity":null,"tiered_pricing_roles_data":{"default_wholesaler":{"product_id":30932,"role":"default_wholesaler","pricing_type":"flat","regular_price":null,"sale_price":null,"discount":null,"discount_type":"sale_price","tiered_pricing_type":"fixed","percentage_rules":[],"fixed_rules":{"2":"4.39","30":"3.59","500":"2.69"},"minimum":null},"dropshippinger":{"product_id":30932,"role":"dropshippinger","pricing_type":"flat","regular_price":null,"sale_price":null,"discount":null,"discount_type":"sale_price","tiered_pricing_type":"fixed","percentage_rules":[],"fixed_rules":{"1":"5.39","5":"4.39","30":"3.09"},"minimum":null}},"tiered_pricing_percentage_rules":[],"tiered_pricing_maximum_quantity":null,"tiered_pricing_quantity_step":null,"_links":{"self":[{"href":"https:\/\/gretasexylingerie.com\/pt\/wp-json\/wp\/v2\/product\/30932","targetHints":{"allow":["GET"]}}],"collection":[{"href":"https:\/\/gretasexylingerie.com\/pt\/wp-json\/wp\/v2\/product"}],"about":[{"href":"https:\/\/gretasexylingerie.com\/pt\/wp-json\/wp\/v2\/types\/product"}],"wp:featuredmedia":[{"embeddable":true,"href":"https:\/\/gretasexylingerie.com\/pt\/wp-json\/wp\/v2\/media\/30936"}],"wp:attachment":[{"href":"https:\/\/gretasexylingerie.com\/pt\/wp-json\/wp\/v2\/media?parent=30932"}],"wp:term":[{"taxonomy":"product_brand","embeddable":true,"href":"https:\/\/gretasexylingerie.com\/pt\/wp-json\/wp\/v2\/product_brand?post=30932"},{"taxonomy":"product_cat","embeddable":true,"href":"https:\/\/gretasexylingerie.com\/pt\/wp-json\/wp\/v2\/product_cat?post=30932"},{"taxonomy":"product_tag","embeddable":true,"href":"https:\/\/gretasexylingerie.com\/pt\/wp-json\/wp\/v2\/product_tag?post=30932"}],"curies":[{"name":"wp","href":"https:\/\/api.w.org\/{rel}","templated":true}]}}