{"id":30913,"date":"2023-01-28T15:48:31","date_gmt":"2023-01-28T07:48:31","guid":{"rendered":"https:\/\/gretasexylingerie.com\/?post_type=product&#038;p=30913"},"modified":"2023-09-05T20:50:33","modified_gmt":"2023-09-05T12:50:33","slug":"vestido-de-rede-de-pesca-com-strass","status":"publish","type":"product","link":"https:\/\/gretasexylingerie.com\/pt\/products\/hhip-wrap-fishnet-rhinestone-dress\/","title":{"rendered":"Vestido arrast\u00e3o envolto em strass"},"content":{"rendered":"<p>Recurso:<\/p>\n\n\n\n<p>* O vestido de strass arrast\u00e3o envolto em quadril \u00e9 feito de nylon e elastano de alta qualidade, que \u00e9 macio, el\u00e1stico e dur\u00e1vel. Seu material \u00e9 muito liso e faz voc\u00ea se sentir macio e confort\u00e1vel.<br>* Vestido de strass arrast\u00e3o \u00e9 tamanho \u00fanico, el\u00e1stico, tamanho \u00fanico, lisonjeia sua figura muito bem.<br>* Boa escolha de presente: meias arrast\u00e3o podem ser dadas para suas namoradas e melhores amigas em festivais, mostrar sua feminilidade, adicionar divers\u00e3o no doce dia dos namorados, anivers\u00e1rio e outros festivais<br>*Design de moda: meias arrast\u00e3o fashion transparente, o design traz impacto visual, refletindo selvageria e gostosura, voc\u00ea pode combin\u00e1-lo com saias di\u00e1rias ou cal\u00e7as quentes, apresenta\u00e7\u00f5es de palco e festas de cosplay, mostre sua figura e inspire sua confian\u00e7a.<\/p>","protected":false},"excerpt":{"rendered":"<p>Desfrute de momentos rom\u00e2nticos com este vestido de strass arrast\u00e3o oco. A estrutura de malha \u00e9 usada para cobrir o corpo com um v\u00e9u sexy, e o design aberto do peito e do abd\u00f4men usa uma estrutura de rede de pesca. Enfeitado no Busto e na Saia e Brilhante com Strass por Toda Parte.<\/p>","protected":false},"featured_media":30917,"template":"","meta":[],"product_brand":[],"product_cat":[408,405,406,404],"product_tag":[521,451,525,446,447],"class_list":{"0":"post-30913","1":"product","2":"type-product","3":"status-publish","4":"has-post-thumbnail","6":"product_cat-wholesale-rhinestone-bodystocking","7":"product_cat-wholesale-bodystocking","8":"product_cat-wholesale-fishnet-dress","9":"product_cat-sexy-stocking","10":"product_tag-deep-v-lingerie","11":"product_tag-wholesale-revealing-lingerie","12":"product_tag-rhinestone-lingerie","13":"product_tag-wholesale-sexy-see-through-lingerie","14":"product_tag-wholesale-strappy-sexy-lingerie","15":"pa_color-black","16":"pa_size-free","18":"first","19":"instock","20":"taxable","21":"shipping-taxable","22":"purchasable","23":"product-type-variable"},"tiered_pricing_type":"fixed","tiered_pricing_fixed_rules":[],"tiered_pricing_product_settings":{"layout":"default","base_unit_name":{"singular":null,"plural":null},"default_variation":null},"tiered_pricing_minimum_quantity":null,"tiered_pricing_roles_data":{"default_wholesaler":{"product_id":30913,"role":"default_wholesaler","pricing_type":"flat","regular_price":null,"sale_price":null,"discount":null,"discount_type":"sale_price","tiered_pricing_type":"fixed","percentage_rules":[],"fixed_rules":{"2":"3.09","30":"2.59","500":"1.99"},"minimum":null},"dropshippinger":{"product_id":30913,"role":"dropshippinger","pricing_type":"flat","regular_price":null,"sale_price":null,"discount":null,"discount_type":"sale_price","tiered_pricing_type":"fixed","percentage_rules":[],"fixed_rules":{"1":"3.89","5":"3.09","30":"2.29"},"minimum":null}},"tiered_pricing_percentage_rules":[],"tiered_pricing_maximum_quantity":null,"tiered_pricing_quantity_step":null,"_links":{"self":[{"href":"https:\/\/gretasexylingerie.com\/pt\/wp-json\/wp\/v2\/product\/30913","targetHints":{"allow":["GET"]}}],"collection":[{"href":"https:\/\/gretasexylingerie.com\/pt\/wp-json\/wp\/v2\/product"}],"about":[{"href":"https:\/\/gretasexylingerie.com\/pt\/wp-json\/wp\/v2\/types\/product"}],"wp:featuredmedia":[{"embeddable":true,"href":"https:\/\/gretasexylingerie.com\/pt\/wp-json\/wp\/v2\/media\/30917"}],"wp:attachment":[{"href":"https:\/\/gretasexylingerie.com\/pt\/wp-json\/wp\/v2\/media?parent=30913"}],"wp:term":[{"taxonomy":"product_brand","embeddable":true,"href":"https:\/\/gretasexylingerie.com\/pt\/wp-json\/wp\/v2\/product_brand?post=30913"},{"taxonomy":"product_cat","embeddable":true,"href":"https:\/\/gretasexylingerie.com\/pt\/wp-json\/wp\/v2\/product_cat?post=30913"},{"taxonomy":"product_tag","embeddable":true,"href":"https:\/\/gretasexylingerie.com\/pt\/wp-json\/wp\/v2\/product_tag?post=30913"}],"curies":[{"name":"wp","href":"https:\/\/api.w.org\/{rel}","templated":true}]}}