{"id":30887,"date":"2023-01-27T19:39:08","date_gmt":"2023-01-27T11:39:08","guid":{"rendered":"https:\/\/gretasexylingerie.com\/?post_type=product&#038;p=30887"},"modified":"2023-09-05T20:50:31","modified_gmt":"2023-09-05T12:50:31","slug":"boate-corpo-vazado-meia","status":"publish","type":"product","link":"https:\/\/gretasexylingerie.com\/pt\/products\/nightclub-hollow-out-body-suit-stocking\/","title":{"rendered":"Meia de corpo oco para boate"},"content":{"rendered":"<p>* A meia de terno oco para boate \u00e9 feita de nylon e elastano de alta qualidade, que \u00e9 macio, el\u00e1stico e dur\u00e1vel. Seu material \u00e9 muito liso e faz voc\u00ea se sentir macio e confort\u00e1vel.<\/p>\n\n\n\n<ul class=\"wp-block-list\">\n<li>A meia oca para o corpo \u00e9 tamanho \u00fanico, el\u00e1stico, tamanho \u00fanico, lisonjeia sua figura muito bem.<\/li>\n\n\n\n<li>Boa escolha de presente: meias arrast\u00e3o podem ser dadas para suas namoradas e melhores amigas em festivais, mostrar sua feminilidade, adicionar divers\u00e3o no doce dia dos namorados, anivers\u00e1rio e outros festivais<\/li>\n\n\n\n<li>Design de moda: meias arrast\u00e3o Moda transparente, o design traz impacto visual, refletindo selvageria e gostosura, voc\u00ea pode combin\u00e1-lo com saias di\u00e1rias ou cal\u00e7as quentes, apresenta\u00e7\u00f5es de palco e festas de cosplay, mostre sua figura e inspire sua confian\u00e7a<\/li>\n<\/ul>","protected":false},"excerpt":{"rendered":"<p>O rec\u00e9m-projetado Nightclub Hollow Out Body Suit Stocking permite que voc\u00ea ocupe o centro do palco e libere sua beleza. Constru\u00e7\u00e3o meia-ta\u00e7a com mesh no busto e calcinha e arrast\u00e3o nas demais partes. O design da cruz no peito torna seus seios mais gordos.<\/p>","protected":false},"featured_media":30889,"template":"","meta":[],"product_brand":[],"product_cat":[409,405,404],"product_tag":[521,448,528,518,451,446,447,504],"class_list":{"0":"post-30887","1":"product","2":"type-product","3":"status-publish","4":"has-post-thumbnail","6":"product_cat-wholesale-stocking-bodysuit","7":"product_cat-wholesale-bodystocking","8":"product_cat-sexy-stocking","9":"product_tag-deep-v-lingerie","10":"product_tag-wholesale-elegant-sexy-lingerie","11":"product_tag-halter-lingerie","12":"product_tag-mesh-lingerie","13":"product_tag-wholesale-revealing-lingerie","14":"product_tag-wholesale-sexy-see-through-lingerie","15":"product_tag-wholesale-strappy-sexy-lingerie","16":"product_tag-ultra-sexy","17":"pa_color-black","18":"pa_cup-full-cup","19":"pa_size-free","21":"first","22":"instock","23":"taxable","24":"shipping-taxable","25":"purchasable","26":"product-type-variable"},"tiered_pricing_type":"fixed","tiered_pricing_fixed_rules":[],"tiered_pricing_product_settings":{"layout":"default","base_unit_name":{"singular":null,"plural":null},"default_variation":null},"tiered_pricing_minimum_quantity":null,"tiered_pricing_roles_data":{"default_wholesaler":{"product_id":30887,"role":"default_wholesaler","pricing_type":"flat","regular_price":null,"sale_price":null,"discount":null,"discount_type":"sale_price","tiered_pricing_type":"fixed","percentage_rules":[],"fixed_rules":{"2":"1.89","30":"1.59","500":"1.19"},"minimum":null},"dropshippinger":{"product_id":30887,"role":"dropshippinger","pricing_type":"flat","regular_price":null,"sale_price":null,"discount":null,"discount_type":"sale_price","tiered_pricing_type":"fixed","percentage_rules":[],"fixed_rules":{"1":"2.39","5":"1.89","30":"1.39"},"minimum":null}},"tiered_pricing_percentage_rules":[],"tiered_pricing_maximum_quantity":null,"tiered_pricing_quantity_step":null,"_links":{"self":[{"href":"https:\/\/gretasexylingerie.com\/pt\/wp-json\/wp\/v2\/product\/30887","targetHints":{"allow":["GET"]}}],"collection":[{"href":"https:\/\/gretasexylingerie.com\/pt\/wp-json\/wp\/v2\/product"}],"about":[{"href":"https:\/\/gretasexylingerie.com\/pt\/wp-json\/wp\/v2\/types\/product"}],"wp:featuredmedia":[{"embeddable":true,"href":"https:\/\/gretasexylingerie.com\/pt\/wp-json\/wp\/v2\/media\/30889"}],"wp:attachment":[{"href":"https:\/\/gretasexylingerie.com\/pt\/wp-json\/wp\/v2\/media?parent=30887"}],"wp:term":[{"taxonomy":"product_brand","embeddable":true,"href":"https:\/\/gretasexylingerie.com\/pt\/wp-json\/wp\/v2\/product_brand?post=30887"},{"taxonomy":"product_cat","embeddable":true,"href":"https:\/\/gretasexylingerie.com\/pt\/wp-json\/wp\/v2\/product_cat?post=30887"},{"taxonomy":"product_tag","embeddable":true,"href":"https:\/\/gretasexylingerie.com\/pt\/wp-json\/wp\/v2\/product_tag?post=30887"}],"curies":[{"name":"wp","href":"https:\/\/api.w.org\/{rel}","templated":true}]}}