{"id":30859,"date":"2023-01-27T18:53:46","date_gmt":"2023-01-27T10:53:46","guid":{"rendered":"https:\/\/gretasexylingerie.com\/?post_type=product&#038;p=30859"},"modified":"2023-09-05T20:50:27","modified_gmt":"2023-09-05T12:50:27","slug":"suspensorios-meia-transparente","status":"publish","type":"product","link":"https:\/\/gretasexylingerie.com\/pt\/products\/suspenders-sheer-body-stocking\/","title":{"rendered":"Suspens\u00f3rios Meias Transparentes"},"content":{"rendered":"<p>Caracter\u00edsticas:<\/p>\n\n\n\n<p>* A meia Osuspenders Sheer Crotchless Body \u00e9 feita de nylon e elastano de alta qualidade, que \u00e9 macio, el\u00e1stico e dur\u00e1vel. Seu material \u00e9 muito liso e faz voc\u00ea se sentir macio e confort\u00e1vel.<br>* Meia de corpo sem virilha \u00e9 tamanho \u00fanico, el\u00e1stico, tamanho \u00fanico, lisonjeia sua figura bem.<br>* Boa escolha de presente: meias arrast\u00e3o podem ser dadas para suas namoradas e melhores amigas em festivais, mostrar sua feminilidade, adicionar divers\u00e3o no doce dia dos namorados, anivers\u00e1rio e outros festivais<br>*Design de moda: meias arrast\u00e3o fashion transparente, o design traz impacto visual, refletindo selvageria e gostosura, voc\u00ea pode combin\u00e1-lo com saias di\u00e1rias ou cal\u00e7as quentes, apresenta\u00e7\u00f5es de palco e festas de cosplay, mostre sua figura e inspire sua confian\u00e7a.<\/p>","protected":false},"excerpt":{"rendered":"<p>Adicione magia ao seu glamour noturno com a meia de corpo transl\u00facida sem ganchos. \u00c9 projetado com malha transparente, todo o corpo \u00e9 cercado por uma forma de diamante regular e h\u00e1 linhas pretas grossas para formar uma cinta-liga falsa, com um design de ombros ca\u00eddos.<\/p>","protected":false},"featured_media":30862,"template":"","meta":[],"product_brand":[],"product_cat":[407,405,404],"product_tag":[452,528,518,446,449,447],"class_list":{"0":"post-30859","1":"product","2":"type-product","3":"status-publish","4":"has-post-thumbnail","6":"product_cat-wholesale-full-body-stocking","7":"product_cat-wholesale-bodystocking","8":"product_cat-sexy-stocking","9":"product_tag-wholesale-boudoir-lingerie","10":"product_tag-halter-lingerie","11":"product_tag-mesh-lingerie","12":"product_tag-wholesale-sexy-see-through-lingerie","13":"product_tag-wholesale-sexy-crotchless-lingerie","14":"product_tag-wholesale-strappy-sexy-lingerie","15":"pa_color-black","16":"pa_size-free","18":"first","19":"instock","20":"taxable","21":"shipping-taxable","22":"purchasable","23":"product-type-variable"},"tiered_pricing_type":"fixed","tiered_pricing_fixed_rules":[],"tiered_pricing_product_settings":{"layout":"default","base_unit_name":{"singular":null,"plural":null},"default_variation":null},"tiered_pricing_minimum_quantity":null,"tiered_pricing_roles_data":{"default_wholesaler":{"product_id":30859,"role":"default_wholesaler","pricing_type":"flat","regular_price":null,"sale_price":null,"discount":null,"discount_type":"sale_price","tiered_pricing_type":"fixed","percentage_rules":[],"fixed_rules":{"2":"1.89","30":"1.59","500":"1.19"},"minimum":null},"dropshippinger":{"product_id":30859,"role":"dropshippinger","pricing_type":"flat","regular_price":null,"sale_price":null,"discount":null,"discount_type":"sale_price","tiered_pricing_type":"fixed","percentage_rules":[],"fixed_rules":{"2":"2.39","5":"1.89","30":"1.39"},"minimum":null}},"tiered_pricing_percentage_rules":[],"tiered_pricing_maximum_quantity":null,"tiered_pricing_quantity_step":null,"_links":{"self":[{"href":"https:\/\/gretasexylingerie.com\/pt\/wp-json\/wp\/v2\/product\/30859","targetHints":{"allow":["GET"]}}],"collection":[{"href":"https:\/\/gretasexylingerie.com\/pt\/wp-json\/wp\/v2\/product"}],"about":[{"href":"https:\/\/gretasexylingerie.com\/pt\/wp-json\/wp\/v2\/types\/product"}],"wp:featuredmedia":[{"embeddable":true,"href":"https:\/\/gretasexylingerie.com\/pt\/wp-json\/wp\/v2\/media\/30862"}],"wp:attachment":[{"href":"https:\/\/gretasexylingerie.com\/pt\/wp-json\/wp\/v2\/media?parent=30859"}],"wp:term":[{"taxonomy":"product_brand","embeddable":true,"href":"https:\/\/gretasexylingerie.com\/pt\/wp-json\/wp\/v2\/product_brand?post=30859"},{"taxonomy":"product_cat","embeddable":true,"href":"https:\/\/gretasexylingerie.com\/pt\/wp-json\/wp\/v2\/product_cat?post=30859"},{"taxonomy":"product_tag","embeddable":true,"href":"https:\/\/gretasexylingerie.com\/pt\/wp-json\/wp\/v2\/product_tag?post=30859"}],"curies":[{"name":"wp","href":"https:\/\/api.w.org\/{rel}","templated":true}]}}