{"id":30818,"date":"2023-01-26T12:12:53","date_gmt":"2023-01-26T04:12:53","guid":{"rendered":"https:\/\/gretasexylingerie.com\/?post_type=product&#038;p=30818"},"modified":"2023-09-05T20:50:25","modified_gmt":"2023-09-05T12:50:25","slug":"lingerie-estilo-boate-peito-peito-arreios","status":"publish","type":"product","link":"https:\/\/gretasexylingerie.com\/pt\/products\/nightclub-style-breasts-chest-harness-lingerie\/","title":{"rendered":"Lingerie peitoral para boate"},"content":{"rendered":"<p>Caracter\u00edsticas:<\/p>\n\n\n\n<p>1. Usando faixas el\u00e1sticas de alta qualidade, cada parte pode ser ajustada livremente. Embora haja apenas um tamanho, ele pode ser usado para figuras S-XL.<br>2. A al\u00e7a de ombro e o pesco\u00e7o pendurado s\u00e3o projetados em uma pe\u00e7a, conectados por um anel de metal. O design do copo cheio oco torna seus seios mais gordos e sexy.<br>3. Cintura el\u00e1stica ajust\u00e1vel. Existem 3 an\u00e9is de metal na parte frontal que s\u00e3o conectados respectivamente com os an\u00e9is de metal por meio de cintos el\u00e1sticos. Fivela em forma de Z para cal\u00e7ar e tirar com facilidade.<br>4. Roupa \u00edntima tipo virilha aberta, h\u00e1 dois an\u00e9is de metal na virilha conectados ao c\u00f3s atrav\u00e9s do el\u00e1stico. As n\u00e1degas n\u00e3o s\u00e3o cobertas ou modificadas de forma alguma.<\/p>\n\n\n\n<p><\/p>","protected":false},"excerpt":{"rendered":"<p>Uma lingerie estilo boate muito ousada com peito para peito para sua lua de mel. Faixas el\u00e1sticas ajust\u00e1veis de alta qualidade, cada parte \u00e9 conectada por an\u00e9is de metal, design oco de copo completo, cinto duplo ajust\u00e1vel, calcinha com fenda cruzada.<\/p>","protected":false},"featured_media":30820,"template":"","meta":[],"product_brand":[],"product_cat":[379,377,367],"product_tag":[452,524,451,446,449,533,447,504],"class_list":{"0":"post-30818","1":"product","2":"type-product","3":"status-publish","4":"has-post-thumbnail","6":"product_cat-wholesale-harness-bodysuit","7":"product_cat-harness-lingerie","8":"product_cat-sexy-lingerie","9":"product_tag-wholesale-boudoir-lingerie","10":"product_tag-metal-lingerie","11":"product_tag-wholesale-revealing-lingerie","12":"product_tag-wholesale-sexy-see-through-lingerie","13":"product_tag-wholesale-sexy-crotchless-lingerie","14":"product_tag-sexy-cupless-lingerie","15":"product_tag-wholesale-strappy-sexy-lingerie","16":"product_tag-ultra-sexy","17":"pa_color-black","18":"pa_size-free","20":"first","21":"instock","22":"taxable","23":"shipping-taxable","24":"purchasable","25":"product-type-variable"},"tiered_pricing_type":"fixed","tiered_pricing_fixed_rules":[],"tiered_pricing_product_settings":{"layout":"default","base_unit_name":{"singular":null,"plural":null},"default_variation":null},"tiered_pricing_minimum_quantity":null,"tiered_pricing_roles_data":{"default_wholesaler":{"product_id":30818,"role":"default_wholesaler","pricing_type":"flat","regular_price":null,"sale_price":null,"discount":null,"discount_type":"sale_price","tiered_pricing_type":"fixed","percentage_rules":[],"fixed_rules":{"2":"6.79","30":"5.89","500":"5.29"},"minimum":null},"dropshippinger":{"product_id":30818,"role":"dropshippinger","pricing_type":"flat","regular_price":null,"sale_price":null,"discount":null,"discount_type":"sale_price","tiered_pricing_type":"fixed","percentage_rules":[],"fixed_rules":{"1":"9.39","5":"7.89","30":"5.89"},"minimum":null}},"tiered_pricing_percentage_rules":[],"tiered_pricing_maximum_quantity":null,"tiered_pricing_quantity_step":null,"_links":{"self":[{"href":"https:\/\/gretasexylingerie.com\/pt\/wp-json\/wp\/v2\/product\/30818","targetHints":{"allow":["GET"]}}],"collection":[{"href":"https:\/\/gretasexylingerie.com\/pt\/wp-json\/wp\/v2\/product"}],"about":[{"href":"https:\/\/gretasexylingerie.com\/pt\/wp-json\/wp\/v2\/types\/product"}],"wp:featuredmedia":[{"embeddable":true,"href":"https:\/\/gretasexylingerie.com\/pt\/wp-json\/wp\/v2\/media\/30820"}],"wp:attachment":[{"href":"https:\/\/gretasexylingerie.com\/pt\/wp-json\/wp\/v2\/media?parent=30818"}],"wp:term":[{"taxonomy":"product_brand","embeddable":true,"href":"https:\/\/gretasexylingerie.com\/pt\/wp-json\/wp\/v2\/product_brand?post=30818"},{"taxonomy":"product_cat","embeddable":true,"href":"https:\/\/gretasexylingerie.com\/pt\/wp-json\/wp\/v2\/product_cat?post=30818"},{"taxonomy":"product_tag","embeddable":true,"href":"https:\/\/gretasexylingerie.com\/pt\/wp-json\/wp\/v2\/product_tag?post=30818"}],"curies":[{"name":"wp","href":"https:\/\/api.w.org\/{rel}","templated":true}]}}