{"id":30798,"date":"2023-01-26T11:38:34","date_gmt":"2023-01-26T03:38:34","guid":{"rendered":"https:\/\/gretasexylingerie.com\/?post_type=product&#038;p=30798"},"modified":"2023-09-05T20:50:24","modified_gmt":"2023-09-05T12:50:24","slug":"roupa-intima-sexy-com-arreios-de-cintura-aberta","status":"publish","type":"product","link":"https:\/\/gretasexylingerie.com\/pt\/products\/sexy-open-crotch-waist-harness-underwear\/","title":{"rendered":"Roupa \u00edntima sexy com cintura aberta na virilha"},"content":{"rendered":"<p>Caracter\u00edsticas:<\/p>\n\n\n\n<p>1. Usando el\u00e1stico de alta qualidade, quase todas as partes podem ser ajustadas.<br>2. O cinto ajust\u00e1vel de tr\u00eas camadas \u00e9 conectado por an\u00e9is de metal na frente e atr\u00e1s, o que \u00e9 mais firme e confort\u00e1vel.<br>3. Existem 4 camadas de design de banda el\u00e1stica ajust\u00e1vel nos lados esquerdo e direito da coxa. Existem duas faixas el\u00e1sticas ajust\u00e1veis na frente e atr\u00e1s, respectivamente, conectadas com o cinto.<br>4. O design de abertura da virilha \u00e9 conectado com a virilha por uma faixa el\u00e1stica fina ajust\u00e1vel, e o tamanho da virilha pode ser controlado livremente.<\/p>","protected":false},"excerpt":{"rendered":"<p>Arme seu corpo para conquistar seu amante com roupa \u00edntima sexy aberta na cintura.<br \/>\nUsando bandas el\u00e1sticas de alta qualidade, quase todas as partes s\u00e3o projetadas para serem ajust\u00e1veis, design de cintura de 3 camadas, conectadas por an\u00e9is de metal na frente e atr\u00e1s. Existem 3 camadas de faixas el\u00e1sticas ajust\u00e1veis nos lados esquerdo e direito das coxas e s\u00e3o conectadas ao cinto atrav\u00e9s de faixas el\u00e1sticas.<\/p>","protected":false},"featured_media":30801,"template":"","meta":[],"product_brand":[],"product_cat":[381,377,367],"product_tag":[451,446,449,447],"class_list":{"0":"post-30798","1":"product","2":"type-product","3":"status-publish","4":"has-post-thumbnail","6":"product_cat-wholesale-harness-underwear","7":"product_cat-harness-lingerie","8":"product_cat-sexy-lingerie","9":"product_tag-wholesale-revealing-lingerie","10":"product_tag-wholesale-sexy-see-through-lingerie","11":"product_tag-wholesale-sexy-crotchless-lingerie","12":"product_tag-wholesale-strappy-sexy-lingerie","13":"pa_color-black","14":"pa_size-free","16":"first","17":"instock","18":"taxable","19":"shipping-taxable","20":"purchasable","21":"product-type-variable"},"tiered_pricing_type":"fixed","tiered_pricing_fixed_rules":[],"tiered_pricing_product_settings":{"layout":"default","base_unit_name":{"singular":null,"plural":null},"default_variation":null},"tiered_pricing_minimum_quantity":null,"tiered_pricing_roles_data":{"default_wholesaler":{"product_id":30798,"role":"default_wholesaler","pricing_type":"flat","regular_price":null,"sale_price":null,"discount":null,"discount_type":"sale_price","tiered_pricing_type":"fixed","percentage_rules":[],"fixed_rules":{"2":"11.19","30":"9.79","500":"8.69"},"minimum":null},"dropshippinger":{"product_id":30798,"role":"dropshippinger","pricing_type":"flat","regular_price":null,"sale_price":null,"discount":null,"discount_type":"sale_price","tiered_pricing_type":"fixed","percentage_rules":[],"fixed_rules":{"1":"15.69","5":"13.09","30":"9.79"},"minimum":null}},"tiered_pricing_percentage_rules":[],"tiered_pricing_maximum_quantity":null,"tiered_pricing_quantity_step":null,"_links":{"self":[{"href":"https:\/\/gretasexylingerie.com\/pt\/wp-json\/wp\/v2\/product\/30798","targetHints":{"allow":["GET"]}}],"collection":[{"href":"https:\/\/gretasexylingerie.com\/pt\/wp-json\/wp\/v2\/product"}],"about":[{"href":"https:\/\/gretasexylingerie.com\/pt\/wp-json\/wp\/v2\/types\/product"}],"wp:featuredmedia":[{"embeddable":true,"href":"https:\/\/gretasexylingerie.com\/pt\/wp-json\/wp\/v2\/media\/30801"}],"wp:attachment":[{"href":"https:\/\/gretasexylingerie.com\/pt\/wp-json\/wp\/v2\/media?parent=30798"}],"wp:term":[{"taxonomy":"product_brand","embeddable":true,"href":"https:\/\/gretasexylingerie.com\/pt\/wp-json\/wp\/v2\/product_brand?post=30798"},{"taxonomy":"product_cat","embeddable":true,"href":"https:\/\/gretasexylingerie.com\/pt\/wp-json\/wp\/v2\/product_cat?post=30798"},{"taxonomy":"product_tag","embeddable":true,"href":"https:\/\/gretasexylingerie.com\/pt\/wp-json\/wp\/v2\/product_tag?post=30798"}],"curies":[{"name":"wp","href":"https:\/\/api.w.org\/{rel}","templated":true}]}}