{"id":30779,"date":"2023-01-26T11:17:06","date_gmt":"2023-01-26T03:17:06","guid":{"rendered":"https:\/\/gretasexylingerie.com\/?post_type=product&#038;p=30779"},"modified":"2023-09-05T20:50:23","modified_gmt":"2023-09-05T12:50:23","slug":"cintas-de-chicote-de-fios-recorte-arreios-roupa-intima","status":"publish","type":"product","link":"https:\/\/gretasexylingerie.com\/pt\/products\/wire-harness-straps-cutout-harness-underwear\/","title":{"rendered":"Chicote de arame com tiras e roupa \u00edntima com recorte"},"content":{"rendered":"<p>Caracter\u00edsticas:<\/p>\n\n\n\n<p>1. O el\u00e1stico de alta qualidade \u00e9 usado, e a parte de tr\u00e1s \u00e9 feita de material de algod\u00e3o macio, que n\u00e3o causar\u00e1 nenhum desconforto ao corpo.<br>2. Cintura el\u00e1stica ajust\u00e1vel de camada dupla com design pull-up torna a cintura mais est\u00e1vel. Use an\u00e9is de metal para conectar cada parte, o que \u00e9 mais firme e confort\u00e1vel.<br>3. Design de virilha aberta, a faixa el\u00e1stica na virilha est\u00e1 conectada com o cinto com bot\u00f5es em forma de 8, deixando voc\u00ea mais confort\u00e1vel.<br>4. O tamanho pode ser ajustado livremente, adequado para S-xl.<\/p>","protected":false},"excerpt":{"rendered":"<p>O design simples da roupa \u00edntima com tiras de arn\u00eas permite que voc\u00ea mostre sua sensualidade sem reservas. Banda el\u00e1stica de alta qualidade, design de virilha aberta, cintura el\u00e1stica ajust\u00e1vel de camada dupla, an\u00e9is de metal s\u00e3o usados para conectar cada parte na frente e a cintura inferior \u00e9 conectada com bot\u00f5es em forma de 8.<\/p>","protected":false},"featured_media":30782,"template":"","meta":[],"product_brand":[],"product_cat":[377,381,367],"product_tag":[452,446,447,504],"class_list":{"0":"post-30779","1":"product","2":"type-product","3":"status-publish","4":"has-post-thumbnail","6":"product_cat-harness-lingerie","7":"product_cat-wholesale-harness-underwear","8":"product_cat-sexy-lingerie","9":"product_tag-wholesale-boudoir-lingerie","10":"product_tag-wholesale-sexy-see-through-lingerie","11":"product_tag-wholesale-strappy-sexy-lingerie","12":"product_tag-ultra-sexy","13":"pa_color-black","14":"pa_size-free","16":"first","17":"instock","18":"taxable","19":"shipping-taxable","20":"purchasable","21":"product-type-variable"},"tiered_pricing_type":"fixed","tiered_pricing_fixed_rules":[],"tiered_pricing_product_settings":{"layout":"default","base_unit_name":{"singular":null,"plural":null},"default_variation":null},"tiered_pricing_minimum_quantity":null,"tiered_pricing_roles_data":{"default_wholesaler":{"product_id":30779,"role":"default_wholesaler","pricing_type":"flat","regular_price":null,"sale_price":null,"discount":null,"discount_type":"sale_price","tiered_pricing_type":"fixed","percentage_rules":[],"fixed_rules":{"2":"4.09","30":"3.59","500":"3.19"},"minimum":null},"dropshippinger":{"product_id":30779,"role":"dropshippinger","pricing_type":"flat","regular_price":null,"sale_price":null,"discount":null,"discount_type":"sale_price","tiered_pricing_type":"fixed","percentage_rules":[],"fixed_rules":{"1":"5.69","5":"4.69","30":"3.59"},"minimum":null}},"tiered_pricing_percentage_rules":[],"tiered_pricing_maximum_quantity":null,"tiered_pricing_quantity_step":null,"_links":{"self":[{"href":"https:\/\/gretasexylingerie.com\/pt\/wp-json\/wp\/v2\/product\/30779","targetHints":{"allow":["GET"]}}],"collection":[{"href":"https:\/\/gretasexylingerie.com\/pt\/wp-json\/wp\/v2\/product"}],"about":[{"href":"https:\/\/gretasexylingerie.com\/pt\/wp-json\/wp\/v2\/types\/product"}],"wp:featuredmedia":[{"embeddable":true,"href":"https:\/\/gretasexylingerie.com\/pt\/wp-json\/wp\/v2\/media\/30782"}],"wp:attachment":[{"href":"https:\/\/gretasexylingerie.com\/pt\/wp-json\/wp\/v2\/media?parent=30779"}],"wp:term":[{"taxonomy":"product_brand","embeddable":true,"href":"https:\/\/gretasexylingerie.com\/pt\/wp-json\/wp\/v2\/product_brand?post=30779"},{"taxonomy":"product_cat","embeddable":true,"href":"https:\/\/gretasexylingerie.com\/pt\/wp-json\/wp\/v2\/product_cat?post=30779"},{"taxonomy":"product_tag","embeddable":true,"href":"https:\/\/gretasexylingerie.com\/pt\/wp-json\/wp\/v2\/product_tag?post=30779"}],"curies":[{"name":"wp","href":"https:\/\/api.w.org\/{rel}","templated":true}]}}