{"id":30753,"date":"2023-01-25T16:55:10","date_gmt":"2023-01-25T08:55:10","guid":{"rendered":"https:\/\/gretasexylingerie.com\/?post_type=product&#038;p=30753"},"modified":"2023-09-05T20:50:22","modified_gmt":"2023-09-05T12:50:22","slug":"cinta-liga-funcional-preta-com-alca-de-coxa","status":"publish","type":"product","link":"https:\/\/gretasexylingerie.com\/pt\/products\/black-thigh-loop-strap-functional-garter-belt\/","title":{"rendered":"Cinta-liga funcional preta com al\u00e7a para coxa"},"content":{"rendered":"<p>Caracter\u00edsticas:<\/p>\n\n\n\n<p>1. Cinto el\u00e1stico de alta qualidade \u00e9 usado, que pode ser ajustado livremente em muitos lugares, e cada parte da cinta-liga pode ser ajustada de acordo com suas necessidades.<br>2. Cinto de camada dupla, design de estilo cruzado, conectado por an\u00e9is de metal na frente e atr\u00e1s, cada parte pode ser ajustada livremente.<br>3. Dois suspens\u00f3rios el\u00e1sticos, cujo comprimento pode ser ajustado livremente. (calcinha n\u00e3o inclusa).<br>4. O tamanho pode ser ajustado livremente, adequado para S-xl.<\/p>","protected":false},"excerpt":{"rendered":"<p>Cinta-liga funcional com al\u00e7a preta e design simples \u00e9 a melhor decora\u00e7\u00e3o para sua lingerie. Faixa el\u00e1stica de alta qualidade, design em forma de P, cinto ajust\u00e1vel de 3 camadas, conectado por fivela, equipado com dois suspens\u00f3rios.<\/p>","protected":false},"featured_media":30755,"template":"","meta":[],"product_brand":[],"product_cat":[378,377,367],"product_tag":[532,447,504],"class_list":{"0":"post-30753","1":"product","2":"type-product","3":"status-publish","4":"has-post-thumbnail","6":"product_cat-wholesale-garter-straps","7":"product_cat-harness-lingerie","8":"product_cat-sexy-lingerie","9":"product_tag-lingerie-suspender-set","10":"product_tag-wholesale-strappy-sexy-lingerie","11":"product_tag-ultra-sexy","12":"pa_color-black","13":"pa_size-free","15":"first","16":"instock","17":"taxable","18":"shipping-taxable","19":"purchasable","20":"product-type-variable"},"tiered_pricing_type":"fixed","tiered_pricing_fixed_rules":[],"tiered_pricing_product_settings":{"layout":"default","base_unit_name":{"singular":null,"plural":null},"default_variation":null},"tiered_pricing_minimum_quantity":null,"tiered_pricing_roles_data":{"default_wholesaler":{"product_id":30753,"role":"default_wholesaler","pricing_type":"flat","regular_price":null,"sale_price":null,"discount":null,"discount_type":"sale_price","tiered_pricing_type":"fixed","percentage_rules":[],"fixed_rules":{"2":"3.59","30":"3.19","500":"2.79"},"minimum":null},"dropshippinger":{"product_id":30753,"role":"dropshippinger","pricing_type":"flat","regular_price":null,"sale_price":null,"discount":null,"discount_type":"sale_price","tiered_pricing_type":"fixed","percentage_rules":[],"fixed_rules":{"1":"4.99","5":"4.19","30":"3.19"},"minimum":null}},"tiered_pricing_percentage_rules":[],"tiered_pricing_maximum_quantity":null,"tiered_pricing_quantity_step":null,"_links":{"self":[{"href":"https:\/\/gretasexylingerie.com\/pt\/wp-json\/wp\/v2\/product\/30753","targetHints":{"allow":["GET"]}}],"collection":[{"href":"https:\/\/gretasexylingerie.com\/pt\/wp-json\/wp\/v2\/product"}],"about":[{"href":"https:\/\/gretasexylingerie.com\/pt\/wp-json\/wp\/v2\/types\/product"}],"wp:featuredmedia":[{"embeddable":true,"href":"https:\/\/gretasexylingerie.com\/pt\/wp-json\/wp\/v2\/media\/30755"}],"wp:attachment":[{"href":"https:\/\/gretasexylingerie.com\/pt\/wp-json\/wp\/v2\/media?parent=30753"}],"wp:term":[{"taxonomy":"product_brand","embeddable":true,"href":"https:\/\/gretasexylingerie.com\/pt\/wp-json\/wp\/v2\/product_brand?post=30753"},{"taxonomy":"product_cat","embeddable":true,"href":"https:\/\/gretasexylingerie.com\/pt\/wp-json\/wp\/v2\/product_cat?post=30753"},{"taxonomy":"product_tag","embeddable":true,"href":"https:\/\/gretasexylingerie.com\/pt\/wp-json\/wp\/v2\/product_tag?post=30753"}],"curies":[{"name":"wp","href":"https:\/\/api.w.org\/{rel}","templated":true}]}}