{"id":30744,"date":"2023-01-25T16:45:41","date_gmt":"2023-01-25T08:45:41","guid":{"rendered":"https:\/\/gretasexylingerie.com\/?post_type=product&#038;p=30744"},"modified":"2023-09-05T20:50:21","modified_gmt":"2023-09-05T12:50:21","slug":"cinta-liga-elastica-para-elevacao-do-quadril-com-pontas","status":"publish","type":"product","link":"https:\/\/gretasexylingerie.com\/pt\/products\/hip-lift-elastic-garter-belt-with-spikes\/","title":{"rendered":"Cinta-liga el\u00e1stica para eleva\u00e7\u00e3o do quadril com pontas"},"content":{"rendered":"<p>Caracter\u00edsticas:<\/p>\n\n\n\n<p>1. Cinto tecido el\u00e1stico alto, camada interna macia. Embora haja apenas um tamanho, pode acomodar muitos tipos de corpo. N\u00e3o vai fazer voc\u00ea sentir nenhum desconforto.<br>2. O design de cinto de 3 camadas torna a liga mais forte. An\u00e9is de metal s\u00e3o usados para conectar o cinto, o que n\u00e3o \u00e9 apenas confort\u00e1vel, mas tamb\u00e9m est\u00e1vel. Cada junta \u00e9 decorada com um rebite.<br>3. O anel da perna est\u00e1 diretamente conectado com a cinta-liga para evitar situa\u00e7\u00f5es embara\u00e7osas.<br>4. O tamanho pode ser ajustado livremente, adequado para S-xl.<\/p>","protected":false},"excerpt":{"rendered":"<p>Libere sua natureza sexual com a cinta-liga el\u00e1stica com pontas. Usando al\u00e7as de alta qualidade, dois an\u00e9is de metal conectam 3 cintos, cada interface \u00e9 conectada com rebites e la\u00e7os de perna de uma pe\u00e7a. (sem calcinha)<\/p>","protected":false},"featured_media":30747,"template":"","meta":[],"product_brand":[],"product_cat":[378,377,367],"product_tag":[524,447,504],"class_list":{"0":"post-30744","1":"product","2":"type-product","3":"status-publish","4":"has-post-thumbnail","6":"product_cat-wholesale-garter-straps","7":"product_cat-harness-lingerie","8":"product_cat-sexy-lingerie","9":"product_tag-metal-lingerie","10":"product_tag-wholesale-strappy-sexy-lingerie","11":"product_tag-ultra-sexy","12":"pa_color-black","13":"pa_size-free","15":"first","16":"instock","17":"taxable","18":"shipping-taxable","19":"purchasable","20":"product-type-variable"},"tiered_pricing_type":"fixed","tiered_pricing_fixed_rules":[],"tiered_pricing_product_settings":{"layout":"default","base_unit_name":{"singular":null,"plural":null},"default_variation":null},"tiered_pricing_minimum_quantity":null,"tiered_pricing_roles_data":{"default_wholesaler":{"product_id":30744,"role":"default_wholesaler","pricing_type":"flat","regular_price":null,"sale_price":null,"discount":null,"discount_type":"sale_price","tiered_pricing_type":"fixed","percentage_rules":[],"fixed_rules":{"2":"3.19","30":"2.79","500":"2.49"},"minimum":null},"dropshippinger":{"product_id":30744,"role":"dropshippinger","pricing_type":"flat","regular_price":null,"sale_price":null,"discount":null,"discount_type":"sale_price","tiered_pricing_type":"fixed","percentage_rules":[],"fixed_rules":{"1":"4.39","5":"3.69","30":"2.79"},"minimum":null}},"tiered_pricing_percentage_rules":[],"tiered_pricing_maximum_quantity":null,"tiered_pricing_quantity_step":null,"_links":{"self":[{"href":"https:\/\/gretasexylingerie.com\/pt\/wp-json\/wp\/v2\/product\/30744","targetHints":{"allow":["GET"]}}],"collection":[{"href":"https:\/\/gretasexylingerie.com\/pt\/wp-json\/wp\/v2\/product"}],"about":[{"href":"https:\/\/gretasexylingerie.com\/pt\/wp-json\/wp\/v2\/types\/product"}],"wp:featuredmedia":[{"embeddable":true,"href":"https:\/\/gretasexylingerie.com\/pt\/wp-json\/wp\/v2\/media\/30747"}],"wp:attachment":[{"href":"https:\/\/gretasexylingerie.com\/pt\/wp-json\/wp\/v2\/media?parent=30744"}],"wp:term":[{"taxonomy":"product_brand","embeddable":true,"href":"https:\/\/gretasexylingerie.com\/pt\/wp-json\/wp\/v2\/product_brand?post=30744"},{"taxonomy":"product_cat","embeddable":true,"href":"https:\/\/gretasexylingerie.com\/pt\/wp-json\/wp\/v2\/product_cat?post=30744"},{"taxonomy":"product_tag","embeddable":true,"href":"https:\/\/gretasexylingerie.com\/pt\/wp-json\/wp\/v2\/product_tag?post=30744"}],"curies":[{"name":"wp","href":"https:\/\/api.w.org\/{rel}","templated":true}]}}