{"id":30674,"date":"2023-01-25T12:31:07","date_gmt":"2023-01-25T04:31:07","guid":{"rendered":"https:\/\/gretasexylingerie.com\/?post_type=product&#038;p=30674"},"modified":"2023-12-09T21:34:59","modified_gmt":"2023-12-09T13:34:59","slug":"alca-perspectiva-sling-malha-chemise","status":"publish","type":"product","link":"https:\/\/gretasexylingerie.com\/pt\/products\/strap-perspective-sling-mesh-chemise\/","title":{"rendered":"atacado Strap Perspective Sling Mesh Chemise"},"content":{"rendered":"<p>Caracter\u00edsticas:<\/p>\n\n\n\n<p>1. A malha transparente de alta elasticidade pode restringir seu corpo muito bem, e o design envolvente do quadril n\u00e3o restringir\u00e1 seu movimento.<br>2. Al\u00e7as de ombro largas ajust\u00e1veis, design pull-up, tornam seu peito mais gordo.<br>3. As Linhas Feitas De V\u00e1rias Faixas Largas Deixam Seu Corpo Mais Bonito Visualmente. Existem duas al\u00e7as estendidas.<\/p>\n\n\n\n<figure class=\"wp-block-table is-style-stripes\"><table><tbody><tr><td colspan=\"4\">Gr\u00e1fico do local (CM)<\/td><\/tr><tr><td>Tamanho<\/td><td>Abaixo do busto<\/td><td>Cintura<\/td><td>Comprimento<\/td><\/tr><tr><td>S<\/td><td>64-90<\/td><td>64-84<\/td><td>72<\/td><\/tr><tr><td>M<\/td><td>68-94<\/td><td>68-88<\/td><td>74<\/td><\/tr><tr><td>eu<\/td><td>72-98<\/td><td>72-92<\/td><td>76<\/td><\/tr><tr><td colspan=\"4\">Gr\u00e1fico do Local (POLEGADAS)<\/td><\/tr><tr><td>Tamanho<\/td><td>Abaixo do busto<\/td><td>Cintura<\/td><td>Cintura<\/td><\/tr><tr><td>S<\/td><td>25.6-36<\/td><td>25.6-36<\/td><td>28.8<\/td><\/tr><tr><td>M<\/td><td>27.2-37.6<\/td><td>27.2-37.6<\/td><td>29.6<\/td><\/tr><tr><td>eu<\/td><td>28.8-39.2<\/td><td>28.8-39.2<\/td><td>30.4<\/td><\/tr><tr><td colspan=\"4\">Observa\u00e7\u00e3o: 1. Pode haver um desvio de 1 a 2 cm em diferentes tamanhos, locais e elasticidade dos tecidos. A tabela de tamanhos \u00e9 apenas para refer\u00eancia, pode haver uma pequena diferen\u00e7a com o que voc\u00ea recebe. 2.Existem 3 tipos de elasticidade: Elasticidade Alta (esticada nos dois lados), Elasticidade M\u00e9dia (esticada em um lado) e N\u00e3o El\u00e1stica (n\u00e3o pode ser esticada). 3. A cor pode ser mais clara ou mais escura devido \u00e0s diferentes telas do PC. 4. Lave \u00e0 m\u00e3o em \u00e1gua a 30 graus, pendure para secar \u00e0 sombra, pro\u00edba o branqueamento. 5. Pode haver uma pequena diferen\u00e7a nos detalhes e no padr\u00e3o.<\/td><\/tr><\/tbody><\/table><\/figure>","protected":false},"excerpt":{"rendered":"<p>Deixe a camisa de malha Strap Perspective lan\u00e7ar uma trama de mist\u00e9rio sobre seu corpo. O uso de malha fina de alta elasticidade pode tornar seu corpo mais esbelto, e o design de al\u00e7a de ombro larga ajust\u00e1vel pode tornar seu corpo mais sexy atrav\u00e9s da representa\u00e7\u00e3o de v\u00e1rias al\u00e7as largas.<\/p>\n<p>https:\/\/youtu.be\/UeoPEjfx1fU<\/p>","protected":false},"featured_media":30679,"template":"","meta":[],"product_brand":[],"product_cat":[394,422,367],"product_tag":[518,973,446,447],"class_list":{"0":"post-30674","1":"product","2":"type-product","3":"status-publish","4":"has-post-thumbnail","6":"product_cat-wholesale-mesh-chemise","7":"product_cat-sexy-chemise","8":"product_cat-sexy-lingerie","9":"product_tag-mesh-lingerie","10":"product_tag-oem","11":"product_tag-wholesale-sexy-see-through-lingerie","12":"product_tag-wholesale-strappy-sexy-lingerie","13":"pa_color-black","14":"pa_cup-wholesale-half-cup-women-sexy-lingerie","15":"pa_size-wholesale-large-size-women-sexy-lingerie","16":"pa_size-wholesale-medium-size-women-sexy-lingerie","17":"pa_size-wholesale-small-size-sexy-lingerie","19":"first","20":"outofstock","21":"taxable","22":"shipping-taxable","23":"purchasable","24":"product-type-variable"},"tiered_pricing_type":"fixed","tiered_pricing_fixed_rules":[],"tiered_pricing_product_settings":{"layout":"default","base_unit_name":{"singular":null,"plural":null},"default_variation":{}},"tiered_pricing_minimum_quantity":null,"tiered_pricing_roles_data":{"default_wholesaler":{"product_id":30674,"role":"default_wholesaler","pricing_type":"flat","regular_price":null,"sale_price":null,"discount":null,"discount_type":"sale_price","tiered_pricing_type":"fixed","percentage_rules":[],"fixed_rules":{"2":"9.69","30":"8.29","500":"7.29"},"minimum":null},"dropshippinger":{"product_id":30674,"role":"dropshippinger","pricing_type":"flat","regular_price":null,"sale_price":null,"discount":null,"discount_type":"sale_price","tiered_pricing_type":"fixed","percentage_rules":[],"fixed_rules":{"1":"11.59","5":"9.69","30":"8.29"},"minimum":null}},"tiered_pricing_percentage_rules":[],"tiered_pricing_maximum_quantity":null,"tiered_pricing_quantity_step":null,"_links":{"self":[{"href":"https:\/\/gretasexylingerie.com\/pt\/wp-json\/wp\/v2\/product\/30674","targetHints":{"allow":["GET"]}}],"collection":[{"href":"https:\/\/gretasexylingerie.com\/pt\/wp-json\/wp\/v2\/product"}],"about":[{"href":"https:\/\/gretasexylingerie.com\/pt\/wp-json\/wp\/v2\/types\/product"}],"wp:featuredmedia":[{"embeddable":true,"href":"https:\/\/gretasexylingerie.com\/pt\/wp-json\/wp\/v2\/media\/30679"}],"wp:attachment":[{"href":"https:\/\/gretasexylingerie.com\/pt\/wp-json\/wp\/v2\/media?parent=30674"}],"wp:term":[{"taxonomy":"product_brand","embeddable":true,"href":"https:\/\/gretasexylingerie.com\/pt\/wp-json\/wp\/v2\/product_brand?post=30674"},{"taxonomy":"product_cat","embeddable":true,"href":"https:\/\/gretasexylingerie.com\/pt\/wp-json\/wp\/v2\/product_cat?post=30674"},{"taxonomy":"product_tag","embeddable":true,"href":"https:\/\/gretasexylingerie.com\/pt\/wp-json\/wp\/v2\/product_tag?post=30674"}],"curies":[{"name":"wp","href":"https:\/\/api.w.org\/{rel}","templated":true}]}}